{"id":3277,"date":"2024-01-19T15:56:38","date_gmt":"2024-01-19T13:56:38","guid":{"rendered":"http:\/\/www.apchemicals.eu\/toode\/monoethylene-glycol-meg-and-its-aqueous-solution\/"},"modified":"2024-01-19T15:56:38","modified_gmt":"2024-01-19T13:56:38","slug":"monoethylene-glycol-meg-and-its-aqueous-solution","status":"publish","type":"product","link":"https:\/\/www.apchemicals.eu\/en\/product\/monoethylene-glycol-meg-and-its-aqueous-solution\/","title":{"rendered":"Monoethylene glycol (MEG) and its aqueous solution"},"content":{"rendered":"<p><strong>MONOET\u00dcLEENGL\u00dcKOOL JA TEMA VESILAHUSED<\/strong><\/p>\n<p><strong>Kasutatakse <\/strong>erinevates k\u00fctte- ja jahutuss\u00fcsteemides- kliimaseadmetes, hoonete k\u00fctte- ja ventilatsioonis\u00fcsteemides, hoidlate jahutusagregaatides, p\u00e4ikesepaneelides, soojuspumpades, samuti erinevates mootorites, kombisoojusenergiajaamades jne.<\/p>\n<p>Vahetusv\u00e4lp s\u00f5ltub seadmete erip\u00e4radest.<\/p>\n<p>K\u00fclmakindlus 50% et\u00fcleengl\u00fckooli vesilahuse puhul on -36\u00b0C<\/p>\n<p>For more information, please send an e-mail to <a href=\"mailto:info@apkeemia.ee\">info@apkeemia.ee<\/a><\/p>\n","protected":false},"excerpt":{"rendered":"<p>MONOET\u00dcLEENGL\u00dcKOOL JA TEMA VESILAHUSED Kasutatakse erinevates k\u00fctte- ja jahutuss\u00fcsteemides- kliimaseadmetes,  [&#8230;]<\/p>\n","protected":false},"featured_media":0,"template":"","meta":[],"product_brand":[],"product_cat":[131],"product_tag":[],"class_list":{"0":"post-3277","1":"product","2":"type-product","3":"status-publish","5":"product_cat-heating-and-cooling-system-fluids","7":"first","8":"instock","9":"shipping-taxable","10":"product-type-simple"},"yoast_head":"<!-- This site is optimized with the Yoast SEO plugin v26.4 - https:\/\/yoast.com\/wordpress\/plugins\/seo\/ -->\n<title>Monoethylene glycol (MEG) and its aqueous solution - APKeemia<\/title>\n<meta name=\"robots\" content=\"index, follow, max-snippet:-1, max-image-preview:large, max-video-preview:-1\" \/>\n<link rel=\"canonical\" href=\"https:\/\/www.apchemicals.eu\/en\/product\/monoethylene-glycol-meg-and-its-aqueous-solution\/\" \/>\n<meta property=\"og:locale\" content=\"en_US\" \/>\n<meta property=\"og:type\" content=\"article\" \/>\n<meta property=\"og:title\" content=\"Monoethylene glycol (MEG) and its aqueous solution - APKeemia\" \/>\n<meta property=\"og:description\" content=\"MONOET\u00dcLEENGL\u00dcKOOL JA TEMA VESILAHUSED Kasutatakse erinevates k\u00fctte- ja jahutuss\u00fcsteemides- kliimaseadmetes, [...]\" \/>\n<meta property=\"og:url\" content=\"https:\/\/www.apchemicals.eu\/en\/product\/monoethylene-glycol-meg-and-its-aqueous-solution\/\" \/>\n<meta property=\"og:site_name\" content=\"APKeemia\" \/>\n<meta name=\"twitter:card\" content=\"summary_large_image\" \/>\n<script type=\"application\/ld+json\" class=\"yoast-schema-graph\">{\"@context\":\"https:\/\/schema.org\",\"@graph\":[{\"@type\":\"WebPage\",\"@id\":\"https:\/\/www.apchemicals.eu\/en\/product\/monoethylene-glycol-meg-and-its-aqueous-solution\/\",\"url\":\"https:\/\/www.apchemicals.eu\/en\/product\/monoethylene-glycol-meg-and-its-aqueous-solution\/\",\"name\":\"Monoethylene glycol (MEG) and its aqueous solution - APKeemia\",\"isPartOf\":{\"@id\":\"https:\/\/www.apchemicals.eu\/#website\"},\"datePublished\":\"2024-01-19T13:56:38+00:00\",\"breadcrumb\":{\"@id\":\"https:\/\/www.apchemicals.eu\/en\/product\/monoethylene-glycol-meg-and-its-aqueous-solution\/#breadcrumb\"},\"inLanguage\":\"en-US\",\"potentialAction\":[{\"@type\":\"ReadAction\",\"target\":[\"https:\/\/www.apchemicals.eu\/en\/product\/monoethylene-glycol-meg-and-its-aqueous-solution\/\"]}]},{\"@type\":\"BreadcrumbList\",\"@id\":\"https:\/\/www.apchemicals.eu\/en\/product\/monoethylene-glycol-meg-and-its-aqueous-solution\/#breadcrumb\",\"itemListElement\":[{\"@type\":\"ListItem\",\"position\":1,\"name\":\"Home\",\"item\":\"https:\/\/www.apchemicals.eu\/en\/home\/\"},{\"@type\":\"ListItem\",\"position\":2,\"name\":\"Products\",\"item\":\"https:\/\/www.apchemicals.eu\/en\/shop\/\"},{\"@type\":\"ListItem\",\"position\":3,\"name\":\"Monoethylene glycol (MEG) and its aqueous solution\"}]},{\"@type\":\"WebSite\",\"@id\":\"https:\/\/www.apchemicals.eu\/#website\",\"url\":\"https:\/\/www.apchemicals.eu\/\",\"name\":\"APKeemia\",\"description\":\"APKeemia\",\"publisher\":{\"@id\":\"https:\/\/www.apchemicals.eu\/#organization\"},\"potentialAction\":[{\"@type\":\"SearchAction\",\"target\":{\"@type\":\"EntryPoint\",\"urlTemplate\":\"https:\/\/www.apchemicals.eu\/?s={search_term_string}\"},\"query-input\":{\"@type\":\"PropertyValueSpecification\",\"valueRequired\":true,\"valueName\":\"search_term_string\"}}],\"inLanguage\":\"en-US\"},{\"@type\":\"Organization\",\"@id\":\"https:\/\/www.apchemicals.eu\/#organization\",\"name\":\"APChemicals O\u00dc\",\"url\":\"https:\/\/www.apchemicals.eu\/\",\"logo\":{\"@type\":\"ImageObject\",\"inLanguage\":\"en-US\",\"@id\":\"https:\/\/www.apchemicals.eu\/#\/schema\/logo\/image\/\",\"url\":\"https:\/\/www.apchemicals.eu\/wp-content\/uploads\/2023\/03\/header_logo5.jpg\",\"contentUrl\":\"https:\/\/www.apchemicals.eu\/wp-content\/uploads\/2023\/03\/header_logo5.jpg\",\"width\":180,\"height\":35,\"caption\":\"APChemicals O\u00dc\"},\"image\":{\"@id\":\"https:\/\/www.apchemicals.eu\/#\/schema\/logo\/image\/\"}}]}<\/script>\n<!-- \/ Yoast SEO plugin. -->","yoast_head_json":{"title":"Monoethylene glycol (MEG) and its aqueous solution - APKeemia","robots":{"index":"index","follow":"follow","max-snippet":"max-snippet:-1","max-image-preview":"max-image-preview:large","max-video-preview":"max-video-preview:-1"},"canonical":"https:\/\/www.apchemicals.eu\/en\/product\/monoethylene-glycol-meg-and-its-aqueous-solution\/","og_locale":"en_US","og_type":"article","og_title":"Monoethylene glycol (MEG) and its aqueous solution - APKeemia","og_description":"MONOET\u00dcLEENGL\u00dcKOOL JA TEMA VESILAHUSED Kasutatakse erinevates k\u00fctte- ja jahutuss\u00fcsteemides- kliimaseadmetes, [...]","og_url":"https:\/\/www.apchemicals.eu\/en\/product\/monoethylene-glycol-meg-and-its-aqueous-solution\/","og_site_name":"APKeemia","twitter_card":"summary_large_image","schema":{"@context":"https:\/\/schema.org","@graph":[{"@type":"WebPage","@id":"https:\/\/www.apchemicals.eu\/en\/product\/monoethylene-glycol-meg-and-its-aqueous-solution\/","url":"https:\/\/www.apchemicals.eu\/en\/product\/monoethylene-glycol-meg-and-its-aqueous-solution\/","name":"Monoethylene glycol (MEG) and its aqueous solution - APKeemia","isPartOf":{"@id":"https:\/\/www.apchemicals.eu\/#website"},"datePublished":"2024-01-19T13:56:38+00:00","breadcrumb":{"@id":"https:\/\/www.apchemicals.eu\/en\/product\/monoethylene-glycol-meg-and-its-aqueous-solution\/#breadcrumb"},"inLanguage":"en-US","potentialAction":[{"@type":"ReadAction","target":["https:\/\/www.apchemicals.eu\/en\/product\/monoethylene-glycol-meg-and-its-aqueous-solution\/"]}]},{"@type":"BreadcrumbList","@id":"https:\/\/www.apchemicals.eu\/en\/product\/monoethylene-glycol-meg-and-its-aqueous-solution\/#breadcrumb","itemListElement":[{"@type":"ListItem","position":1,"name":"Home","item":"https:\/\/www.apchemicals.eu\/en\/home\/"},{"@type":"ListItem","position":2,"name":"Products","item":"https:\/\/www.apchemicals.eu\/en\/shop\/"},{"@type":"ListItem","position":3,"name":"Monoethylene glycol (MEG) and its aqueous solution"}]},{"@type":"WebSite","@id":"https:\/\/www.apchemicals.eu\/#website","url":"https:\/\/www.apchemicals.eu\/","name":"APKeemia","description":"APKeemia","publisher":{"@id":"https:\/\/www.apchemicals.eu\/#organization"},"potentialAction":[{"@type":"SearchAction","target":{"@type":"EntryPoint","urlTemplate":"https:\/\/www.apchemicals.eu\/?s={search_term_string}"},"query-input":{"@type":"PropertyValueSpecification","valueRequired":true,"valueName":"search_term_string"}}],"inLanguage":"en-US"},{"@type":"Organization","@id":"https:\/\/www.apchemicals.eu\/#organization","name":"APChemicals O\u00dc","url":"https:\/\/www.apchemicals.eu\/","logo":{"@type":"ImageObject","inLanguage":"en-US","@id":"https:\/\/www.apchemicals.eu\/#\/schema\/logo\/image\/","url":"https:\/\/www.apchemicals.eu\/wp-content\/uploads\/2023\/03\/header_logo5.jpg","contentUrl":"https:\/\/www.apchemicals.eu\/wp-content\/uploads\/2023\/03\/header_logo5.jpg","width":180,"height":35,"caption":"APChemicals O\u00dc"},"image":{"@id":"https:\/\/www.apchemicals.eu\/#\/schema\/logo\/image\/"}}]}},"_links":{"self":[{"href":"https:\/\/www.apchemicals.eu\/en\/wp-json\/wp\/v2\/product\/3277","targetHints":{"allow":["GET"]}}],"collection":[{"href":"https:\/\/www.apchemicals.eu\/en\/wp-json\/wp\/v2\/product"}],"about":[{"href":"https:\/\/www.apchemicals.eu\/en\/wp-json\/wp\/v2\/types\/product"}],"wp:attachment":[{"href":"https:\/\/www.apchemicals.eu\/en\/wp-json\/wp\/v2\/media?parent=3277"}],"wp:term":[{"taxonomy":"product_brand","embeddable":true,"href":"https:\/\/www.apchemicals.eu\/en\/wp-json\/wp\/v2\/product_brand?post=3277"},{"taxonomy":"product_cat","embeddable":true,"href":"https:\/\/www.apchemicals.eu\/en\/wp-json\/wp\/v2\/product_cat?post=3277"},{"taxonomy":"product_tag","embeddable":true,"href":"https:\/\/www.apchemicals.eu\/en\/wp-json\/wp\/v2\/product_tag?post=3277"}],"curies":[{"name":"wp","href":"https:\/\/api.w.org\/{rel}","templated":true}]}}