{"id":2886,"date":"2024-01-25T15:15:18","date_gmt":"2024-01-25T13:15:18","guid":{"rendered":"http:\/\/www.apchemicals.eu\/toode\/tuulilasin-pesuneste-20c\/"},"modified":"2024-02-06T15:58:02","modified_gmt":"2024-02-06T13:58:02","slug":"tuulilasin-pesuneste-20c","status":"publish","type":"product","link":"https:\/\/www.apchemicals.eu\/fi\/tuote\/tuulilasin-pesuneste-20c\/","title":{"rendered":"Lasinpesuneste -20\u00b0C"},"content":{"rendered":"<p>Ymp\u00e4rivuotiseen k\u00e4ytt\u00f6\u00f6n autojen tuulilasinpesuj\u00e4rjestelmiss\u00e4. Est\u00e4\u00e4 pesuj\u00e4rjestelm\u00e4\u00e4 j\u00e4\u00e4tym\u00e4st\u00e4 -20\u00b0C asti. Hyvill\u00e4 pesuominaisuuksilla. Talvella lasin esil\u00e4mmitys on suositeltavaa.<\/p>\n<p><strong>Sis\u00e4lt\u00e4\u00e4:<\/strong> Etanolia (CAS-nro 64-17-5), &lt;5 % ionittomia pinta-aktiivisia aineita, &lt;5 % anionisia pinta-aktiivisia aineita, hajusteita ja v\u00e4riaineita.<\/p>\n<p><strong>EAN <\/strong>4743042024165 (3L); 4743042023564 (4L); 4743042000169 (5L)<\/p>\n<p><strong>UFI: <\/strong>R710-90P8-G00Q-3E41<\/p>\n<p><a href=\"http:\/\/www.apchemicals.eu\/wp-content\/uploads\/2024\/02\/Kayttoturvallisuustiedote-Klaasipesuvedelik-20C.pdf\" target=\"_blank\" rel=\"noopener\"><strong>K\u00e4ytt\u00f6turvallisuustiedote<\/strong><\/a><\/p>\n","protected":false},"excerpt":{"rendered":"<p>Ymp\u00e4rivuotiseen k\u00e4ytt\u00f6\u00f6n autojen tuulilasinpesuj\u00e4rjestelmiss\u00e4. Est\u00e4\u00e4 pesuj\u00e4rjestelm\u00e4\u00e4 j\u00e4\u00e4tym\u00e4st\u00e4 -20\u00b0C asti. Hyvill\u00e4  [&#8230;]<\/p>\n","protected":false},"featured_media":2810,"template":"","meta":[],"product_brand":[],"product_cat":[130],"product_tag":[],"class_list":{"0":"post-2886","1":"product","2":"type-product","3":"status-publish","4":"has-post-thumbnail","6":"product_cat-lasinpesunesteet","8":"first","9":"instock","10":"shipping-taxable","11":"product-type-simple"},"yoast_head":"<!-- This site is optimized with the Yoast SEO plugin v26.4 - https:\/\/yoast.com\/wordpress\/plugins\/seo\/ -->\n<title>Lasinpesuneste -20\u00b0C - APKeemia<\/title>\n<meta name=\"robots\" content=\"index, follow, max-snippet:-1, max-image-preview:large, max-video-preview:-1\" \/>\n<link rel=\"canonical\" href=\"https:\/\/www.apchemicals.eu\/fi\/tuote\/tuulilasin-pesuneste-20c\/\" \/>\n<meta property=\"og:locale\" content=\"fi_FI\" \/>\n<meta property=\"og:type\" content=\"article\" \/>\n<meta property=\"og:title\" content=\"Lasinpesuneste -20\u00b0C - APKeemia\" \/>\n<meta property=\"og:description\" content=\"Ymp\u00e4rivuotiseen k\u00e4ytt\u00f6\u00f6n autojen tuulilasinpesuj\u00e4rjestelmiss\u00e4. Est\u00e4\u00e4 pesuj\u00e4rjestelm\u00e4\u00e4 j\u00e4\u00e4tym\u00e4st\u00e4 -20\u00b0C asti. Hyvill\u00e4 [...]\" \/>\n<meta property=\"og:url\" content=\"https:\/\/www.apchemicals.eu\/fi\/tuote\/tuulilasin-pesuneste-20c\/\" \/>\n<meta property=\"og:site_name\" content=\"APKeemia\" \/>\n<meta property=\"article:modified_time\" content=\"2024-02-06T13:58:02+00:00\" \/>\n<meta property=\"og:image\" content=\"http:\/\/www.apchemicals.eu\/wp-content\/uploads\/2024\/01\/APC-Klaasipesuvedelik-20C-3L.jpg\" \/>\n\t<meta property=\"og:image:width\" content=\"1000\" \/>\n\t<meta property=\"og:image:height\" content=\"1000\" \/>\n\t<meta property=\"og:image:type\" content=\"image\/jpeg\" \/>\n<meta name=\"twitter:card\" content=\"summary_large_image\" \/>\n<script type=\"application\/ld+json\" class=\"yoast-schema-graph\">{\"@context\":\"https:\/\/schema.org\",\"@graph\":[{\"@type\":\"WebPage\",\"@id\":\"https:\/\/www.apchemicals.eu\/fi\/tuote\/tuulilasin-pesuneste-20c\/\",\"url\":\"https:\/\/www.apchemicals.eu\/fi\/tuote\/tuulilasin-pesuneste-20c\/\",\"name\":\"Lasinpesuneste -20\u00b0C - APKeemia\",\"isPartOf\":{\"@id\":\"https:\/\/www.apchemicals.eu\/#website\"},\"primaryImageOfPage\":{\"@id\":\"https:\/\/www.apchemicals.eu\/fi\/tuote\/tuulilasin-pesuneste-20c\/#primaryimage\"},\"image\":{\"@id\":\"https:\/\/www.apchemicals.eu\/fi\/tuote\/tuulilasin-pesuneste-20c\/#primaryimage\"},\"thumbnailUrl\":\"https:\/\/www.apchemicals.eu\/wp-content\/uploads\/2024\/01\/APC-Klaasipesuvedelik-20C-3L.jpg\",\"datePublished\":\"2024-01-25T13:15:18+00:00\",\"dateModified\":\"2024-02-06T13:58:02+00:00\",\"breadcrumb\":{\"@id\":\"https:\/\/www.apchemicals.eu\/fi\/tuote\/tuulilasin-pesuneste-20c\/#breadcrumb\"},\"inLanguage\":\"fi\",\"potentialAction\":[{\"@type\":\"ReadAction\",\"target\":[\"https:\/\/www.apchemicals.eu\/fi\/tuote\/tuulilasin-pesuneste-20c\/\"]}]},{\"@type\":\"ImageObject\",\"inLanguage\":\"fi\",\"@id\":\"https:\/\/www.apchemicals.eu\/fi\/tuote\/tuulilasin-pesuneste-20c\/#primaryimage\",\"url\":\"https:\/\/www.apchemicals.eu\/wp-content\/uploads\/2024\/01\/APC-Klaasipesuvedelik-20C-3L.jpg\",\"contentUrl\":\"https:\/\/www.apchemicals.eu\/wp-content\/uploads\/2024\/01\/APC-Klaasipesuvedelik-20C-3L.jpg\",\"width\":1000,\"height\":1000},{\"@type\":\"BreadcrumbList\",\"@id\":\"https:\/\/www.apchemicals.eu\/fi\/tuote\/tuulilasin-pesuneste-20c\/#breadcrumb\",\"itemListElement\":[{\"@type\":\"ListItem\",\"position\":1,\"name\":\"Home\",\"item\":\"https:\/\/www.apchemicals.eu\/fi\/\"},{\"@type\":\"ListItem\",\"position\":2,\"name\":\"Tuotteet\",\"item\":\"https:\/\/www.apchemicals.eu\/fi\/shop\/\"},{\"@type\":\"ListItem\",\"position\":3,\"name\":\"Lasinpesuneste -20\u00b0C\"}]},{\"@type\":\"WebSite\",\"@id\":\"https:\/\/www.apchemicals.eu\/#website\",\"url\":\"https:\/\/www.apchemicals.eu\/\",\"name\":\"APKeemia\",\"description\":\"APKeemia\",\"publisher\":{\"@id\":\"https:\/\/www.apchemicals.eu\/#organization\"},\"potentialAction\":[{\"@type\":\"SearchAction\",\"target\":{\"@type\":\"EntryPoint\",\"urlTemplate\":\"https:\/\/www.apchemicals.eu\/?s={search_term_string}\"},\"query-input\":{\"@type\":\"PropertyValueSpecification\",\"valueRequired\":true,\"valueName\":\"search_term_string\"}}],\"inLanguage\":\"fi\"},{\"@type\":\"Organization\",\"@id\":\"https:\/\/www.apchemicals.eu\/#organization\",\"name\":\"APChemicals O\u00dc\",\"url\":\"https:\/\/www.apchemicals.eu\/\",\"logo\":{\"@type\":\"ImageObject\",\"inLanguage\":\"fi\",\"@id\":\"https:\/\/www.apchemicals.eu\/#\/schema\/logo\/image\/\",\"url\":\"https:\/\/www.apchemicals.eu\/wp-content\/uploads\/2023\/03\/header_logo5.jpg\",\"contentUrl\":\"https:\/\/www.apchemicals.eu\/wp-content\/uploads\/2023\/03\/header_logo5.jpg\",\"width\":180,\"height\":35,\"caption\":\"APChemicals O\u00dc\"},\"image\":{\"@id\":\"https:\/\/www.apchemicals.eu\/#\/schema\/logo\/image\/\"}}]}<\/script>\n<!-- \/ Yoast SEO plugin. -->","yoast_head_json":{"title":"Lasinpesuneste -20\u00b0C - APKeemia","robots":{"index":"index","follow":"follow","max-snippet":"max-snippet:-1","max-image-preview":"max-image-preview:large","max-video-preview":"max-video-preview:-1"},"canonical":"https:\/\/www.apchemicals.eu\/fi\/tuote\/tuulilasin-pesuneste-20c\/","og_locale":"fi_FI","og_type":"article","og_title":"Lasinpesuneste -20\u00b0C - APKeemia","og_description":"Ymp\u00e4rivuotiseen k\u00e4ytt\u00f6\u00f6n autojen tuulilasinpesuj\u00e4rjestelmiss\u00e4. Est\u00e4\u00e4 pesuj\u00e4rjestelm\u00e4\u00e4 j\u00e4\u00e4tym\u00e4st\u00e4 -20\u00b0C asti. Hyvill\u00e4 [...]","og_url":"https:\/\/www.apchemicals.eu\/fi\/tuote\/tuulilasin-pesuneste-20c\/","og_site_name":"APKeemia","article_modified_time":"2024-02-06T13:58:02+00:00","og_image":[{"width":1000,"height":1000,"url":"http:\/\/www.apchemicals.eu\/wp-content\/uploads\/2024\/01\/APC-Klaasipesuvedelik-20C-3L.jpg","type":"image\/jpeg"}],"twitter_card":"summary_large_image","schema":{"@context":"https:\/\/schema.org","@graph":[{"@type":"WebPage","@id":"https:\/\/www.apchemicals.eu\/fi\/tuote\/tuulilasin-pesuneste-20c\/","url":"https:\/\/www.apchemicals.eu\/fi\/tuote\/tuulilasin-pesuneste-20c\/","name":"Lasinpesuneste -20\u00b0C - APKeemia","isPartOf":{"@id":"https:\/\/www.apchemicals.eu\/#website"},"primaryImageOfPage":{"@id":"https:\/\/www.apchemicals.eu\/fi\/tuote\/tuulilasin-pesuneste-20c\/#primaryimage"},"image":{"@id":"https:\/\/www.apchemicals.eu\/fi\/tuote\/tuulilasin-pesuneste-20c\/#primaryimage"},"thumbnailUrl":"https:\/\/www.apchemicals.eu\/wp-content\/uploads\/2024\/01\/APC-Klaasipesuvedelik-20C-3L.jpg","datePublished":"2024-01-25T13:15:18+00:00","dateModified":"2024-02-06T13:58:02+00:00","breadcrumb":{"@id":"https:\/\/www.apchemicals.eu\/fi\/tuote\/tuulilasin-pesuneste-20c\/#breadcrumb"},"inLanguage":"fi","potentialAction":[{"@type":"ReadAction","target":["https:\/\/www.apchemicals.eu\/fi\/tuote\/tuulilasin-pesuneste-20c\/"]}]},{"@type":"ImageObject","inLanguage":"fi","@id":"https:\/\/www.apchemicals.eu\/fi\/tuote\/tuulilasin-pesuneste-20c\/#primaryimage","url":"https:\/\/www.apchemicals.eu\/wp-content\/uploads\/2024\/01\/APC-Klaasipesuvedelik-20C-3L.jpg","contentUrl":"https:\/\/www.apchemicals.eu\/wp-content\/uploads\/2024\/01\/APC-Klaasipesuvedelik-20C-3L.jpg","width":1000,"height":1000},{"@type":"BreadcrumbList","@id":"https:\/\/www.apchemicals.eu\/fi\/tuote\/tuulilasin-pesuneste-20c\/#breadcrumb","itemListElement":[{"@type":"ListItem","position":1,"name":"Home","item":"https:\/\/www.apchemicals.eu\/fi\/"},{"@type":"ListItem","position":2,"name":"Tuotteet","item":"https:\/\/www.apchemicals.eu\/fi\/shop\/"},{"@type":"ListItem","position":3,"name":"Lasinpesuneste -20\u00b0C"}]},{"@type":"WebSite","@id":"https:\/\/www.apchemicals.eu\/#website","url":"https:\/\/www.apchemicals.eu\/","name":"APKeemia","description":"APKeemia","publisher":{"@id":"https:\/\/www.apchemicals.eu\/#organization"},"potentialAction":[{"@type":"SearchAction","target":{"@type":"EntryPoint","urlTemplate":"https:\/\/www.apchemicals.eu\/?s={search_term_string}"},"query-input":{"@type":"PropertyValueSpecification","valueRequired":true,"valueName":"search_term_string"}}],"inLanguage":"fi"},{"@type":"Organization","@id":"https:\/\/www.apchemicals.eu\/#organization","name":"APChemicals O\u00dc","url":"https:\/\/www.apchemicals.eu\/","logo":{"@type":"ImageObject","inLanguage":"fi","@id":"https:\/\/www.apchemicals.eu\/#\/schema\/logo\/image\/","url":"https:\/\/www.apchemicals.eu\/wp-content\/uploads\/2023\/03\/header_logo5.jpg","contentUrl":"https:\/\/www.apchemicals.eu\/wp-content\/uploads\/2023\/03\/header_logo5.jpg","width":180,"height":35,"caption":"APChemicals O\u00dc"},"image":{"@id":"https:\/\/www.apchemicals.eu\/#\/schema\/logo\/image\/"}}]}},"_links":{"self":[{"href":"https:\/\/www.apchemicals.eu\/fi\/wp-json\/wp\/v2\/product\/2886","targetHints":{"allow":["GET"]}}],"collection":[{"href":"https:\/\/www.apchemicals.eu\/fi\/wp-json\/wp\/v2\/product"}],"about":[{"href":"https:\/\/www.apchemicals.eu\/fi\/wp-json\/wp\/v2\/types\/product"}],"wp:featuredmedia":[{"embeddable":true,"href":"https:\/\/www.apchemicals.eu\/fi\/wp-json\/wp\/v2\/media\/2810"}],"wp:attachment":[{"href":"https:\/\/www.apchemicals.eu\/fi\/wp-json\/wp\/v2\/media?parent=2886"}],"wp:term":[{"taxonomy":"product_brand","embeddable":true,"href":"https:\/\/www.apchemicals.eu\/fi\/wp-json\/wp\/v2\/product_brand?post=2886"},{"taxonomy":"product_cat","embeddable":true,"href":"https:\/\/www.apchemicals.eu\/fi\/wp-json\/wp\/v2\/product_cat?post=2886"},{"taxonomy":"product_tag","embeddable":true,"href":"https:\/\/www.apchemicals.eu\/fi\/wp-json\/wp\/v2\/product_tag?post=2886"}],"curies":[{"name":"wp","href":"https:\/\/api.w.org\/{rel}","templated":true}]}}