{"id":2890,"date":"2024-01-19T09:48:50","date_gmt":"2024-01-19T07:48:50","guid":{"rendered":"http:\/\/www.apchemicals.eu\/toode\/hajusteeton-tuulilasinpesuneste-20c\/"},"modified":"2024-02-06T16:00:13","modified_gmt":"2024-02-06T14:00:13","slug":"hajusteeton-tuulilasinpesuneste-20c","status":"publish","type":"product","link":"https:\/\/www.apchemicals.eu\/fi\/tuote\/hajusteeton-tuulilasinpesuneste-20c\/","title":{"rendered":"Hajuton lasinpesuneste -20\u00b0C"},"content":{"rendered":"<p><strong>HUOM! VAIN AMMATTIMAISEEN K\u00c4YTT\u00d6\u00d6N! SIS\u00c4LT\u00c4\u00c4 METANOLIA.<\/strong><\/p>\n<p>Tuulilasinpesuneste ymp\u00e4rivuotiseen k\u00e4ytt\u00f6\u00f6n. Est\u00e4\u00e4 pesuj\u00e4rjestelm\u00e4\u00e4 j\u00e4\u00e4tym\u00e4st\u00e4 -20\u00b0C asti. Hyvill\u00e4 pesuominaisuuksilla. Talvella tuulilasi on suositeltavaa esil\u00e4mmitt\u00e4\u00e4.<\/p>\n<p><strong>Sis\u00e4lt\u00e4\u00e4:<\/strong> Metanoli (CAS-nro 67-56-1), &lt;5 % anionisia pinta-aktiivisia aineita, &lt;5 % ionittomia pinta-aktiivisia aineita, v\u00e4riainetta.<\/p>\n<p>Myrkytystapauksissa ota v\u00e4litt\u00f6m\u00e4sti yhteytt\u00e4 Myrkytystietokeskukseen Puh. 16662 tai soita ambulanssille Puh. 112<\/p>\n<p><strong>EAN <\/strong>4743042000138<\/p>\n<p><strong>UFI: <\/strong>E4S0-E0Y8-800U-QJQ8<\/p>\n<p><a href=\"http:\/\/www.apchemicals.eu\/wp-content\/uploads\/2024\/02\/Kayttoturvallisuustiedote-Lohnastamata-tuuleklaasivedelik-20C.pdf\" target=\"_blank\" rel=\"noopener\"><strong>K\u00e4ytt\u00f6turvallisuustiedote<\/strong><\/a><\/p>\n","protected":false},"excerpt":{"rendered":"<p>HUOM! VAIN AMMATTIMAISEEN K\u00c4YTT\u00d6\u00d6N! SIS\u00c4LT\u00c4\u00c4 METANOLIA. Tuulilasinpesuneste ymp\u00e4rivuotiseen k\u00e4ytt\u00f6\u00f6n. Est\u00e4\u00e4  [&#8230;]<\/p>\n","protected":false},"featured_media":2786,"template":"","meta":[],"product_brand":[],"product_cat":[130],"product_tag":[],"class_list":{"0":"post-2890","1":"product","2":"type-product","3":"status-publish","4":"has-post-thumbnail","6":"product_cat-lasinpesunesteet","8":"first","9":"instock","10":"shipping-taxable","11":"product-type-simple"},"yoast_head":"<!-- This site is optimized with the Yoast SEO plugin v26.4 - https:\/\/yoast.com\/wordpress\/plugins\/seo\/ -->\n<title>Hajuton lasinpesuneste -20\u00b0C - APKeemia<\/title>\n<meta name=\"robots\" content=\"index, follow, max-snippet:-1, max-image-preview:large, max-video-preview:-1\" \/>\n<link rel=\"canonical\" href=\"https:\/\/www.apchemicals.eu\/fi\/tuote\/hajusteeton-tuulilasinpesuneste-20c\/\" \/>\n<meta property=\"og:locale\" content=\"fi_FI\" \/>\n<meta property=\"og:type\" content=\"article\" \/>\n<meta property=\"og:title\" content=\"Hajuton lasinpesuneste -20\u00b0C - APKeemia\" \/>\n<meta property=\"og:description\" content=\"HUOM! VAIN AMMATTIMAISEEN K\u00c4YTT\u00d6\u00d6N! SIS\u00c4LT\u00c4\u00c4 METANOLIA. Tuulilasinpesuneste ymp\u00e4rivuotiseen k\u00e4ytt\u00f6\u00f6n. Est\u00e4\u00e4 [...]\" \/>\n<meta property=\"og:url\" content=\"https:\/\/www.apchemicals.eu\/fi\/tuote\/hajusteeton-tuulilasinpesuneste-20c\/\" \/>\n<meta property=\"og:site_name\" content=\"APKeemia\" \/>\n<meta property=\"article:modified_time\" content=\"2024-02-06T14:00:13+00:00\" \/>\n<meta property=\"og:image\" content=\"https:\/\/www.apchemicals.eu\/wp-content\/uploads\/2024\/01\/Lohnatu-klaasipesuvedelik-20C-5L_3.jpg\" \/>\n\t<meta property=\"og:image:width\" content=\"1000\" \/>\n\t<meta property=\"og:image:height\" content=\"1000\" \/>\n\t<meta property=\"og:image:type\" content=\"image\/jpeg\" \/>\n<meta name=\"twitter:card\" content=\"summary_large_image\" \/>\n<script type=\"application\/ld+json\" class=\"yoast-schema-graph\">{\"@context\":\"https:\/\/schema.org\",\"@graph\":[{\"@type\":\"WebPage\",\"@id\":\"https:\/\/www.apchemicals.eu\/fi\/tuote\/hajusteeton-tuulilasinpesuneste-20c\/\",\"url\":\"https:\/\/www.apchemicals.eu\/fi\/tuote\/hajusteeton-tuulilasinpesuneste-20c\/\",\"name\":\"Hajuton lasinpesuneste -20\u00b0C - APKeemia\",\"isPartOf\":{\"@id\":\"https:\/\/www.apchemicals.eu\/#website\"},\"primaryImageOfPage\":{\"@id\":\"https:\/\/www.apchemicals.eu\/fi\/tuote\/hajusteeton-tuulilasinpesuneste-20c\/#primaryimage\"},\"image\":{\"@id\":\"https:\/\/www.apchemicals.eu\/fi\/tuote\/hajusteeton-tuulilasinpesuneste-20c\/#primaryimage\"},\"thumbnailUrl\":\"https:\/\/www.apchemicals.eu\/wp-content\/uploads\/2024\/01\/Lohnatu-klaasipesuvedelik-20C-5L_3.jpg\",\"datePublished\":\"2024-01-19T07:48:50+00:00\",\"dateModified\":\"2024-02-06T14:00:13+00:00\",\"breadcrumb\":{\"@id\":\"https:\/\/www.apchemicals.eu\/fi\/tuote\/hajusteeton-tuulilasinpesuneste-20c\/#breadcrumb\"},\"inLanguage\":\"fi\",\"potentialAction\":[{\"@type\":\"ReadAction\",\"target\":[\"https:\/\/www.apchemicals.eu\/fi\/tuote\/hajusteeton-tuulilasinpesuneste-20c\/\"]}]},{\"@type\":\"ImageObject\",\"inLanguage\":\"fi\",\"@id\":\"https:\/\/www.apchemicals.eu\/fi\/tuote\/hajusteeton-tuulilasinpesuneste-20c\/#primaryimage\",\"url\":\"https:\/\/www.apchemicals.eu\/wp-content\/uploads\/2024\/01\/Lohnatu-klaasipesuvedelik-20C-5L_3.jpg\",\"contentUrl\":\"https:\/\/www.apchemicals.eu\/wp-content\/uploads\/2024\/01\/Lohnatu-klaasipesuvedelik-20C-5L_3.jpg\",\"width\":1000,\"height\":1000},{\"@type\":\"BreadcrumbList\",\"@id\":\"https:\/\/www.apchemicals.eu\/fi\/tuote\/hajusteeton-tuulilasinpesuneste-20c\/#breadcrumb\",\"itemListElement\":[{\"@type\":\"ListItem\",\"position\":1,\"name\":\"Home\",\"item\":\"https:\/\/www.apchemicals.eu\/fi\/\"},{\"@type\":\"ListItem\",\"position\":2,\"name\":\"Tuotteet\",\"item\":\"https:\/\/www.apchemicals.eu\/fi\/shop\/\"},{\"@type\":\"ListItem\",\"position\":3,\"name\":\"Hajuton lasinpesuneste -20\u00b0C\"}]},{\"@type\":\"WebSite\",\"@id\":\"https:\/\/www.apchemicals.eu\/#website\",\"url\":\"https:\/\/www.apchemicals.eu\/\",\"name\":\"APKeemia\",\"description\":\"APKeemia\",\"publisher\":{\"@id\":\"https:\/\/www.apchemicals.eu\/#organization\"},\"potentialAction\":[{\"@type\":\"SearchAction\",\"target\":{\"@type\":\"EntryPoint\",\"urlTemplate\":\"https:\/\/www.apchemicals.eu\/?s={search_term_string}\"},\"query-input\":{\"@type\":\"PropertyValueSpecification\",\"valueRequired\":true,\"valueName\":\"search_term_string\"}}],\"inLanguage\":\"fi\"},{\"@type\":\"Organization\",\"@id\":\"https:\/\/www.apchemicals.eu\/#organization\",\"name\":\"APChemicals O\u00dc\",\"url\":\"https:\/\/www.apchemicals.eu\/\",\"logo\":{\"@type\":\"ImageObject\",\"inLanguage\":\"fi\",\"@id\":\"https:\/\/www.apchemicals.eu\/#\/schema\/logo\/image\/\",\"url\":\"https:\/\/www.apchemicals.eu\/wp-content\/uploads\/2023\/03\/header_logo5.jpg\",\"contentUrl\":\"https:\/\/www.apchemicals.eu\/wp-content\/uploads\/2023\/03\/header_logo5.jpg\",\"width\":180,\"height\":35,\"caption\":\"APChemicals O\u00dc\"},\"image\":{\"@id\":\"https:\/\/www.apchemicals.eu\/#\/schema\/logo\/image\/\"}}]}<\/script>\n<!-- \/ Yoast SEO plugin. -->","yoast_head_json":{"title":"Hajuton lasinpesuneste -20\u00b0C - APKeemia","robots":{"index":"index","follow":"follow","max-snippet":"max-snippet:-1","max-image-preview":"max-image-preview:large","max-video-preview":"max-video-preview:-1"},"canonical":"https:\/\/www.apchemicals.eu\/fi\/tuote\/hajusteeton-tuulilasinpesuneste-20c\/","og_locale":"fi_FI","og_type":"article","og_title":"Hajuton lasinpesuneste -20\u00b0C - APKeemia","og_description":"HUOM! VAIN AMMATTIMAISEEN K\u00c4YTT\u00d6\u00d6N! SIS\u00c4LT\u00c4\u00c4 METANOLIA. Tuulilasinpesuneste ymp\u00e4rivuotiseen k\u00e4ytt\u00f6\u00f6n. Est\u00e4\u00e4 [...]","og_url":"https:\/\/www.apchemicals.eu\/fi\/tuote\/hajusteeton-tuulilasinpesuneste-20c\/","og_site_name":"APKeemia","article_modified_time":"2024-02-06T14:00:13+00:00","og_image":[{"width":1000,"height":1000,"url":"https:\/\/www.apchemicals.eu\/wp-content\/uploads\/2024\/01\/Lohnatu-klaasipesuvedelik-20C-5L_3.jpg","type":"image\/jpeg"}],"twitter_card":"summary_large_image","schema":{"@context":"https:\/\/schema.org","@graph":[{"@type":"WebPage","@id":"https:\/\/www.apchemicals.eu\/fi\/tuote\/hajusteeton-tuulilasinpesuneste-20c\/","url":"https:\/\/www.apchemicals.eu\/fi\/tuote\/hajusteeton-tuulilasinpesuneste-20c\/","name":"Hajuton lasinpesuneste -20\u00b0C - APKeemia","isPartOf":{"@id":"https:\/\/www.apchemicals.eu\/#website"},"primaryImageOfPage":{"@id":"https:\/\/www.apchemicals.eu\/fi\/tuote\/hajusteeton-tuulilasinpesuneste-20c\/#primaryimage"},"image":{"@id":"https:\/\/www.apchemicals.eu\/fi\/tuote\/hajusteeton-tuulilasinpesuneste-20c\/#primaryimage"},"thumbnailUrl":"https:\/\/www.apchemicals.eu\/wp-content\/uploads\/2024\/01\/Lohnatu-klaasipesuvedelik-20C-5L_3.jpg","datePublished":"2024-01-19T07:48:50+00:00","dateModified":"2024-02-06T14:00:13+00:00","breadcrumb":{"@id":"https:\/\/www.apchemicals.eu\/fi\/tuote\/hajusteeton-tuulilasinpesuneste-20c\/#breadcrumb"},"inLanguage":"fi","potentialAction":[{"@type":"ReadAction","target":["https:\/\/www.apchemicals.eu\/fi\/tuote\/hajusteeton-tuulilasinpesuneste-20c\/"]}]},{"@type":"ImageObject","inLanguage":"fi","@id":"https:\/\/www.apchemicals.eu\/fi\/tuote\/hajusteeton-tuulilasinpesuneste-20c\/#primaryimage","url":"https:\/\/www.apchemicals.eu\/wp-content\/uploads\/2024\/01\/Lohnatu-klaasipesuvedelik-20C-5L_3.jpg","contentUrl":"https:\/\/www.apchemicals.eu\/wp-content\/uploads\/2024\/01\/Lohnatu-klaasipesuvedelik-20C-5L_3.jpg","width":1000,"height":1000},{"@type":"BreadcrumbList","@id":"https:\/\/www.apchemicals.eu\/fi\/tuote\/hajusteeton-tuulilasinpesuneste-20c\/#breadcrumb","itemListElement":[{"@type":"ListItem","position":1,"name":"Home","item":"https:\/\/www.apchemicals.eu\/fi\/"},{"@type":"ListItem","position":2,"name":"Tuotteet","item":"https:\/\/www.apchemicals.eu\/fi\/shop\/"},{"@type":"ListItem","position":3,"name":"Hajuton lasinpesuneste -20\u00b0C"}]},{"@type":"WebSite","@id":"https:\/\/www.apchemicals.eu\/#website","url":"https:\/\/www.apchemicals.eu\/","name":"APKeemia","description":"APKeemia","publisher":{"@id":"https:\/\/www.apchemicals.eu\/#organization"},"potentialAction":[{"@type":"SearchAction","target":{"@type":"EntryPoint","urlTemplate":"https:\/\/www.apchemicals.eu\/?s={search_term_string}"},"query-input":{"@type":"PropertyValueSpecification","valueRequired":true,"valueName":"search_term_string"}}],"inLanguage":"fi"},{"@type":"Organization","@id":"https:\/\/www.apchemicals.eu\/#organization","name":"APChemicals O\u00dc","url":"https:\/\/www.apchemicals.eu\/","logo":{"@type":"ImageObject","inLanguage":"fi","@id":"https:\/\/www.apchemicals.eu\/#\/schema\/logo\/image\/","url":"https:\/\/www.apchemicals.eu\/wp-content\/uploads\/2023\/03\/header_logo5.jpg","contentUrl":"https:\/\/www.apchemicals.eu\/wp-content\/uploads\/2023\/03\/header_logo5.jpg","width":180,"height":35,"caption":"APChemicals O\u00dc"},"image":{"@id":"https:\/\/www.apchemicals.eu\/#\/schema\/logo\/image\/"}}]}},"_links":{"self":[{"href":"https:\/\/www.apchemicals.eu\/fi\/wp-json\/wp\/v2\/product\/2890","targetHints":{"allow":["GET"]}}],"collection":[{"href":"https:\/\/www.apchemicals.eu\/fi\/wp-json\/wp\/v2\/product"}],"about":[{"href":"https:\/\/www.apchemicals.eu\/fi\/wp-json\/wp\/v2\/types\/product"}],"wp:featuredmedia":[{"embeddable":true,"href":"https:\/\/www.apchemicals.eu\/fi\/wp-json\/wp\/v2\/media\/2786"}],"wp:attachment":[{"href":"https:\/\/www.apchemicals.eu\/fi\/wp-json\/wp\/v2\/media?parent=2890"}],"wp:term":[{"taxonomy":"product_brand","embeddable":true,"href":"https:\/\/www.apchemicals.eu\/fi\/wp-json\/wp\/v2\/product_brand?post=2890"},{"taxonomy":"product_cat","embeddable":true,"href":"https:\/\/www.apchemicals.eu\/fi\/wp-json\/wp\/v2\/product_cat?post=2890"},{"taxonomy":"product_tag","embeddable":true,"href":"https:\/\/www.apchemicals.eu\/fi\/wp-json\/wp\/v2\/product_tag?post=2890"}],"curies":[{"name":"wp","href":"https:\/\/api.w.org\/{rel}","templated":true}]}}