{"id":3022,"date":"2024-01-19T12:14:27","date_gmt":"2024-01-19T10:14:27","guid":{"rendered":"http:\/\/www.apchemicals.eu\/toode\/longlife-jaahdytysneste-36c-punainen\/"},"modified":"2024-01-19T12:14:27","modified_gmt":"2024-01-19T10:14:27","slug":"longlife-jaahdytysneste-36c-punainen","status":"publish","type":"product","link":"https:\/\/www.apchemicals.eu\/fi\/tuote\/longlife-jaahdytysneste-36c-punainen\/","title":{"rendered":"Longlife J\u00e4\u00e4hdytysneste -36\u00b0C punainen"},"content":{"rendered":"<p>Longlife-j\u00e4\u00e4hdytysneste t\u00e4ytt\u00e4\u00e4 autonvalmistajien, kuten VW TL 774 D &amp; F, Volvo VCS, Renault 41-01-001, Mercedes-Benz MB 325.3, MAN 324 SNF, General Motors GM 6277M, DAF 74002, Ford WSS-M97B44- D, Honda (&gt;1983), Honda Motorbike.<\/p>\n<p>K\u00e4ytt\u00f6: Moderni Longlife-j\u00e4\u00e4hdytysneste bensiini- ja dieselmoottoreille suojaa j\u00e4\u00e4hdytysj\u00e4rjestelm\u00e4\u00e4 j\u00e4\u00e4tymiselt\u00e4 ja est\u00e4\u00e4 ruosteen muodostumisen. Ei vaurioita kumiletkuja tai tiivisteit\u00e4 Ei suositella k\u00e4ytett\u00e4v\u00e4ksi muiden j\u00e4\u00e4hdytysnesteiden kanssa. Noudata autonvalmistajan vaatimuksia. Ei sis\u00e4ll\u00e4 silikaatteja.<\/p>\n<div data-pm-slice=\"1 1 []\" data-en-clipboard=\"true\"><a href=\"http:\/\/www.apchemicals.eu\/wp-content\/uploads\/2024\/02\/Kayttoturvallisuustiedote-Jahutusvedelik-Longlife-36C.pdf\" target=\"_blank\" rel=\"noopener\"><strong>K\u00e4ytt\u00f6turvallisuustiedote<\/strong><\/a><\/div>\n","protected":false},"excerpt":{"rendered":"<p>Longlife-j\u00e4\u00e4hdytysneste t\u00e4ytt\u00e4\u00e4 autonvalmistajien, kuten VW TL 774 D &amp; F,  [&#8230;]<\/p>\n","protected":false},"featured_media":2590,"template":"","meta":[],"product_brand":[],"product_cat":[128],"product_tag":[],"class_list":{"0":"post-3022","1":"product","2":"type-product","3":"status-publish","4":"has-post-thumbnail","6":"product_cat-jaahdytysnesteet","8":"first","9":"instock","10":"shipping-taxable","11":"product-type-simple"},"yoast_head":"<!-- This site is optimized with the Yoast SEO plugin v26.4 - https:\/\/yoast.com\/wordpress\/plugins\/seo\/ -->\n<title>Longlife J\u00e4\u00e4hdytysneste -36\u00b0C punainen - APKeemia<\/title>\n<meta name=\"robots\" content=\"index, follow, max-snippet:-1, max-image-preview:large, max-video-preview:-1\" \/>\n<link rel=\"canonical\" href=\"https:\/\/www.apchemicals.eu\/fi\/tuote\/longlife-jaahdytysneste-36c-punainen\/\" \/>\n<meta property=\"og:locale\" content=\"fi_FI\" \/>\n<meta property=\"og:type\" content=\"article\" \/>\n<meta property=\"og:title\" content=\"Longlife J\u00e4\u00e4hdytysneste -36\u00b0C punainen - APKeemia\" \/>\n<meta property=\"og:description\" content=\"Longlife-j\u00e4\u00e4hdytysneste t\u00e4ytt\u00e4\u00e4 autonvalmistajien, kuten VW TL 774 D &amp; F, [...]\" \/>\n<meta property=\"og:url\" content=\"https:\/\/www.apchemicals.eu\/fi\/tuote\/longlife-jaahdytysneste-36c-punainen\/\" \/>\n<meta property=\"og:site_name\" content=\"APKeemia\" \/>\n<meta property=\"og:image\" content=\"https:\/\/www.apchemicals.eu\/wp-content\/uploads\/2024\/01\/Longlife-jahutusvedelik-1L-ja-5L-1.jpg\" \/>\n\t<meta property=\"og:image:width\" content=\"1000\" \/>\n\t<meta property=\"og:image:height\" content=\"1000\" \/>\n\t<meta property=\"og:image:type\" content=\"image\/jpeg\" \/>\n<meta name=\"twitter:card\" content=\"summary_large_image\" \/>\n<script type=\"application\/ld+json\" class=\"yoast-schema-graph\">{\"@context\":\"https:\/\/schema.org\",\"@graph\":[{\"@type\":\"WebPage\",\"@id\":\"https:\/\/www.apchemicals.eu\/fi\/tuote\/longlife-jaahdytysneste-36c-punainen\/\",\"url\":\"https:\/\/www.apchemicals.eu\/fi\/tuote\/longlife-jaahdytysneste-36c-punainen\/\",\"name\":\"Longlife J\u00e4\u00e4hdytysneste -36\u00b0C punainen - APKeemia\",\"isPartOf\":{\"@id\":\"https:\/\/www.apchemicals.eu\/#website\"},\"primaryImageOfPage\":{\"@id\":\"https:\/\/www.apchemicals.eu\/fi\/tuote\/longlife-jaahdytysneste-36c-punainen\/#primaryimage\"},\"image\":{\"@id\":\"https:\/\/www.apchemicals.eu\/fi\/tuote\/longlife-jaahdytysneste-36c-punainen\/#primaryimage\"},\"thumbnailUrl\":\"https:\/\/www.apchemicals.eu\/wp-content\/uploads\/2024\/01\/Longlife-jahutusvedelik-1L-ja-5L-1.jpg\",\"datePublished\":\"2024-01-19T10:14:27+00:00\",\"breadcrumb\":{\"@id\":\"https:\/\/www.apchemicals.eu\/fi\/tuote\/longlife-jaahdytysneste-36c-punainen\/#breadcrumb\"},\"inLanguage\":\"fi\",\"potentialAction\":[{\"@type\":\"ReadAction\",\"target\":[\"https:\/\/www.apchemicals.eu\/fi\/tuote\/longlife-jaahdytysneste-36c-punainen\/\"]}]},{\"@type\":\"ImageObject\",\"inLanguage\":\"fi\",\"@id\":\"https:\/\/www.apchemicals.eu\/fi\/tuote\/longlife-jaahdytysneste-36c-punainen\/#primaryimage\",\"url\":\"https:\/\/www.apchemicals.eu\/wp-content\/uploads\/2024\/01\/Longlife-jahutusvedelik-1L-ja-5L-1.jpg\",\"contentUrl\":\"https:\/\/www.apchemicals.eu\/wp-content\/uploads\/2024\/01\/Longlife-jahutusvedelik-1L-ja-5L-1.jpg\",\"width\":1000,\"height\":1000},{\"@type\":\"BreadcrumbList\",\"@id\":\"https:\/\/www.apchemicals.eu\/fi\/tuote\/longlife-jaahdytysneste-36c-punainen\/#breadcrumb\",\"itemListElement\":[{\"@type\":\"ListItem\",\"position\":1,\"name\":\"Home\",\"item\":\"https:\/\/www.apchemicals.eu\/fi\/\"},{\"@type\":\"ListItem\",\"position\":2,\"name\":\"Tuotteet\",\"item\":\"https:\/\/www.apchemicals.eu\/fi\/shop\/\"},{\"@type\":\"ListItem\",\"position\":3,\"name\":\"Longlife J\u00e4\u00e4hdytysneste -36\u00b0C punainen\"}]},{\"@type\":\"WebSite\",\"@id\":\"https:\/\/www.apchemicals.eu\/#website\",\"url\":\"https:\/\/www.apchemicals.eu\/\",\"name\":\"APKeemia\",\"description\":\"APKeemia\",\"publisher\":{\"@id\":\"https:\/\/www.apchemicals.eu\/#organization\"},\"potentialAction\":[{\"@type\":\"SearchAction\",\"target\":{\"@type\":\"EntryPoint\",\"urlTemplate\":\"https:\/\/www.apchemicals.eu\/?s={search_term_string}\"},\"query-input\":{\"@type\":\"PropertyValueSpecification\",\"valueRequired\":true,\"valueName\":\"search_term_string\"}}],\"inLanguage\":\"fi\"},{\"@type\":\"Organization\",\"@id\":\"https:\/\/www.apchemicals.eu\/#organization\",\"name\":\"APChemicals O\u00dc\",\"url\":\"https:\/\/www.apchemicals.eu\/\",\"logo\":{\"@type\":\"ImageObject\",\"inLanguage\":\"fi\",\"@id\":\"https:\/\/www.apchemicals.eu\/#\/schema\/logo\/image\/\",\"url\":\"https:\/\/www.apchemicals.eu\/wp-content\/uploads\/2023\/03\/header_logo5.jpg\",\"contentUrl\":\"https:\/\/www.apchemicals.eu\/wp-content\/uploads\/2023\/03\/header_logo5.jpg\",\"width\":180,\"height\":35,\"caption\":\"APChemicals O\u00dc\"},\"image\":{\"@id\":\"https:\/\/www.apchemicals.eu\/#\/schema\/logo\/image\/\"}}]}<\/script>\n<!-- \/ Yoast SEO plugin. -->","yoast_head_json":{"title":"Longlife J\u00e4\u00e4hdytysneste -36\u00b0C punainen - APKeemia","robots":{"index":"index","follow":"follow","max-snippet":"max-snippet:-1","max-image-preview":"max-image-preview:large","max-video-preview":"max-video-preview:-1"},"canonical":"https:\/\/www.apchemicals.eu\/fi\/tuote\/longlife-jaahdytysneste-36c-punainen\/","og_locale":"fi_FI","og_type":"article","og_title":"Longlife J\u00e4\u00e4hdytysneste -36\u00b0C punainen - APKeemia","og_description":"Longlife-j\u00e4\u00e4hdytysneste t\u00e4ytt\u00e4\u00e4 autonvalmistajien, kuten VW TL 774 D &amp; F, [...]","og_url":"https:\/\/www.apchemicals.eu\/fi\/tuote\/longlife-jaahdytysneste-36c-punainen\/","og_site_name":"APKeemia","og_image":[{"width":1000,"height":1000,"url":"https:\/\/www.apchemicals.eu\/wp-content\/uploads\/2024\/01\/Longlife-jahutusvedelik-1L-ja-5L-1.jpg","type":"image\/jpeg"}],"twitter_card":"summary_large_image","schema":{"@context":"https:\/\/schema.org","@graph":[{"@type":"WebPage","@id":"https:\/\/www.apchemicals.eu\/fi\/tuote\/longlife-jaahdytysneste-36c-punainen\/","url":"https:\/\/www.apchemicals.eu\/fi\/tuote\/longlife-jaahdytysneste-36c-punainen\/","name":"Longlife J\u00e4\u00e4hdytysneste -36\u00b0C punainen - APKeemia","isPartOf":{"@id":"https:\/\/www.apchemicals.eu\/#website"},"primaryImageOfPage":{"@id":"https:\/\/www.apchemicals.eu\/fi\/tuote\/longlife-jaahdytysneste-36c-punainen\/#primaryimage"},"image":{"@id":"https:\/\/www.apchemicals.eu\/fi\/tuote\/longlife-jaahdytysneste-36c-punainen\/#primaryimage"},"thumbnailUrl":"https:\/\/www.apchemicals.eu\/wp-content\/uploads\/2024\/01\/Longlife-jahutusvedelik-1L-ja-5L-1.jpg","datePublished":"2024-01-19T10:14:27+00:00","breadcrumb":{"@id":"https:\/\/www.apchemicals.eu\/fi\/tuote\/longlife-jaahdytysneste-36c-punainen\/#breadcrumb"},"inLanguage":"fi","potentialAction":[{"@type":"ReadAction","target":["https:\/\/www.apchemicals.eu\/fi\/tuote\/longlife-jaahdytysneste-36c-punainen\/"]}]},{"@type":"ImageObject","inLanguage":"fi","@id":"https:\/\/www.apchemicals.eu\/fi\/tuote\/longlife-jaahdytysneste-36c-punainen\/#primaryimage","url":"https:\/\/www.apchemicals.eu\/wp-content\/uploads\/2024\/01\/Longlife-jahutusvedelik-1L-ja-5L-1.jpg","contentUrl":"https:\/\/www.apchemicals.eu\/wp-content\/uploads\/2024\/01\/Longlife-jahutusvedelik-1L-ja-5L-1.jpg","width":1000,"height":1000},{"@type":"BreadcrumbList","@id":"https:\/\/www.apchemicals.eu\/fi\/tuote\/longlife-jaahdytysneste-36c-punainen\/#breadcrumb","itemListElement":[{"@type":"ListItem","position":1,"name":"Home","item":"https:\/\/www.apchemicals.eu\/fi\/"},{"@type":"ListItem","position":2,"name":"Tuotteet","item":"https:\/\/www.apchemicals.eu\/fi\/shop\/"},{"@type":"ListItem","position":3,"name":"Longlife J\u00e4\u00e4hdytysneste -36\u00b0C punainen"}]},{"@type":"WebSite","@id":"https:\/\/www.apchemicals.eu\/#website","url":"https:\/\/www.apchemicals.eu\/","name":"APKeemia","description":"APKeemia","publisher":{"@id":"https:\/\/www.apchemicals.eu\/#organization"},"potentialAction":[{"@type":"SearchAction","target":{"@type":"EntryPoint","urlTemplate":"https:\/\/www.apchemicals.eu\/?s={search_term_string}"},"query-input":{"@type":"PropertyValueSpecification","valueRequired":true,"valueName":"search_term_string"}}],"inLanguage":"fi"},{"@type":"Organization","@id":"https:\/\/www.apchemicals.eu\/#organization","name":"APChemicals O\u00dc","url":"https:\/\/www.apchemicals.eu\/","logo":{"@type":"ImageObject","inLanguage":"fi","@id":"https:\/\/www.apchemicals.eu\/#\/schema\/logo\/image\/","url":"https:\/\/www.apchemicals.eu\/wp-content\/uploads\/2023\/03\/header_logo5.jpg","contentUrl":"https:\/\/www.apchemicals.eu\/wp-content\/uploads\/2023\/03\/header_logo5.jpg","width":180,"height":35,"caption":"APChemicals O\u00dc"},"image":{"@id":"https:\/\/www.apchemicals.eu\/#\/schema\/logo\/image\/"}}]}},"_links":{"self":[{"href":"https:\/\/www.apchemicals.eu\/fi\/wp-json\/wp\/v2\/product\/3022","targetHints":{"allow":["GET"]}}],"collection":[{"href":"https:\/\/www.apchemicals.eu\/fi\/wp-json\/wp\/v2\/product"}],"about":[{"href":"https:\/\/www.apchemicals.eu\/fi\/wp-json\/wp\/v2\/types\/product"}],"wp:featuredmedia":[{"embeddable":true,"href":"https:\/\/www.apchemicals.eu\/fi\/wp-json\/wp\/v2\/media\/2590"}],"wp:attachment":[{"href":"https:\/\/www.apchemicals.eu\/fi\/wp-json\/wp\/v2\/media?parent=3022"}],"wp:term":[{"taxonomy":"product_brand","embeddable":true,"href":"https:\/\/www.apchemicals.eu\/fi\/wp-json\/wp\/v2\/product_brand?post=3022"},{"taxonomy":"product_cat","embeddable":true,"href":"https:\/\/www.apchemicals.eu\/fi\/wp-json\/wp\/v2\/product_cat?post=3022"},{"taxonomy":"product_tag","embeddable":true,"href":"https:\/\/www.apchemicals.eu\/fi\/wp-json\/wp\/v2\/product_tag?post=3022"}],"curies":[{"name":"wp","href":"https:\/\/api.w.org\/{rel}","templated":true}]}}