{"id":3024,"date":"2024-01-19T12:04:46","date_gmt":"2024-01-19T10:04:46","guid":{"rendered":"http:\/\/www.apchemicals.eu\/toode\/jaahdytysneste-36c-vihrea\/"},"modified":"2024-01-19T12:04:46","modified_gmt":"2024-01-19T10:04:46","slug":"jaahdytysneste-36c-vihrea","status":"publish","type":"product","link":"https:\/\/www.apchemicals.eu\/fi\/tuote\/jaahdytysneste-36c-vihrea\/","title":{"rendered":"J\u00e4\u00e4hdytysneste -36\u00b0C vihre\u00e4"},"content":{"rendered":"<p>T\u00e4ytt\u00e4\u00e4 ASTM D 3306 laatustandardin.<\/p>\n<p><strong>K\u00e4ytt\u00f6:<\/strong> K\u00e4ytt\u00f6valmis j\u00e4\u00e4hdytysneste kaikkien bensiini- ja dieselmoottoreiden j\u00e4\u00e4hdytysj\u00e4rjestelmiss\u00e4. Varmistaa moottorin oikean toiminnan, suojaa j\u00e4\u00e4tymiselt\u00e4 ja korroosiolta. J\u00e4\u00e4tymisl\u00e4mp\u00f6tila -36\u00b0C. Ei sis\u00e4ll\u00e4 nitriittej\u00e4, amiineja tai fosfaatteja.<\/p>\n<p><strong>K\u00e4ytt\u00f6ohje:<\/strong> k\u00e4ytt\u00f6valmis j\u00e4\u00e4hdytysneste. Kylm\u00e4kest\u00e4vyys -36\u00b0C asti. Suositeltu j\u00e4\u00e4hdytysnesteen vaihtov\u00e4li on 3 vuotta.<\/p>\n<p><strong>Sis\u00e4lt\u00e4\u00e4<\/strong>: etaanidiolia (CAS: 107-21-1).<\/p>\n<p><strong>EAN <\/strong>4743042000077 (1L); 4743042000091 (5L)<\/p>\n<p><strong>UFI: <\/strong>H800-R02W-4008-TNQA<\/p>\n<div data-pm-slice=\"1 1 []\" data-en-clipboard=\"true\"><a href=\"http:\/\/www.apchemicals.eu\/wp-content\/uploads\/2024\/02\/Kayttoturvallisuustiedote-Jahutusvedelik-36C-roheline.pdf\" target=\"_blank\" rel=\"noopener\"><strong>K\u00e4ytt\u00f6turvallisuustiedote<\/strong><\/a><\/div>\n","protected":false},"excerpt":{"rendered":"<p>T\u00e4ytt\u00e4\u00e4 ASTM D 3306 laatustandardin. K\u00e4ytt\u00f6: K\u00e4ytt\u00f6valmis j\u00e4\u00e4hdytysneste kaikkien bensiini-  [&#8230;]<\/p>\n","protected":false},"featured_media":2582,"template":"","meta":[],"product_brand":[],"product_cat":[128],"product_tag":[],"class_list":{"0":"post-3024","1":"product","2":"type-product","3":"status-publish","4":"has-post-thumbnail","6":"product_cat-jaahdytysnesteet","8":"first","9":"instock","10":"shipping-taxable","11":"product-type-simple"},"yoast_head":"<!-- This site is optimized with the Yoast SEO plugin v26.4 - https:\/\/yoast.com\/wordpress\/plugins\/seo\/ -->\n<title>J\u00e4\u00e4hdytysneste -36\u00b0C vihre\u00e4 - APKeemia<\/title>\n<meta name=\"robots\" content=\"index, follow, max-snippet:-1, max-image-preview:large, max-video-preview:-1\" \/>\n<link rel=\"canonical\" href=\"https:\/\/www.apchemicals.eu\/fi\/tuote\/jaahdytysneste-36c-vihrea\/\" \/>\n<meta property=\"og:locale\" content=\"fi_FI\" \/>\n<meta property=\"og:type\" content=\"article\" \/>\n<meta property=\"og:title\" content=\"J\u00e4\u00e4hdytysneste -36\u00b0C vihre\u00e4 - APKeemia\" \/>\n<meta property=\"og:description\" content=\"T\u00e4ytt\u00e4\u00e4 ASTM D 3306 laatustandardin. K\u00e4ytt\u00f6: K\u00e4ytt\u00f6valmis j\u00e4\u00e4hdytysneste kaikkien bensiini- [...]\" \/>\n<meta property=\"og:url\" content=\"https:\/\/www.apchemicals.eu\/fi\/tuote\/jaahdytysneste-36c-vihrea\/\" \/>\n<meta property=\"og:site_name\" content=\"APKeemia\" \/>\n<meta property=\"og:image\" content=\"https:\/\/www.apchemicals.eu\/wp-content\/uploads\/2024\/01\/Jahutusvedelik-roheline-1L-ja-5L.jpg\" \/>\n\t<meta property=\"og:image:width\" content=\"1000\" \/>\n\t<meta property=\"og:image:height\" content=\"1000\" \/>\n\t<meta property=\"og:image:type\" content=\"image\/jpeg\" \/>\n<meta name=\"twitter:card\" content=\"summary_large_image\" \/>\n<script type=\"application\/ld+json\" class=\"yoast-schema-graph\">{\"@context\":\"https:\/\/schema.org\",\"@graph\":[{\"@type\":\"WebPage\",\"@id\":\"https:\/\/www.apchemicals.eu\/fi\/tuote\/jaahdytysneste-36c-vihrea\/\",\"url\":\"https:\/\/www.apchemicals.eu\/fi\/tuote\/jaahdytysneste-36c-vihrea\/\",\"name\":\"J\u00e4\u00e4hdytysneste -36\u00b0C vihre\u00e4 - APKeemia\",\"isPartOf\":{\"@id\":\"https:\/\/www.apchemicals.eu\/#website\"},\"primaryImageOfPage\":{\"@id\":\"https:\/\/www.apchemicals.eu\/fi\/tuote\/jaahdytysneste-36c-vihrea\/#primaryimage\"},\"image\":{\"@id\":\"https:\/\/www.apchemicals.eu\/fi\/tuote\/jaahdytysneste-36c-vihrea\/#primaryimage\"},\"thumbnailUrl\":\"https:\/\/www.apchemicals.eu\/wp-content\/uploads\/2024\/01\/Jahutusvedelik-roheline-1L-ja-5L.jpg\",\"datePublished\":\"2024-01-19T10:04:46+00:00\",\"breadcrumb\":{\"@id\":\"https:\/\/www.apchemicals.eu\/fi\/tuote\/jaahdytysneste-36c-vihrea\/#breadcrumb\"},\"inLanguage\":\"fi\",\"potentialAction\":[{\"@type\":\"ReadAction\",\"target\":[\"https:\/\/www.apchemicals.eu\/fi\/tuote\/jaahdytysneste-36c-vihrea\/\"]}]},{\"@type\":\"ImageObject\",\"inLanguage\":\"fi\",\"@id\":\"https:\/\/www.apchemicals.eu\/fi\/tuote\/jaahdytysneste-36c-vihrea\/#primaryimage\",\"url\":\"https:\/\/www.apchemicals.eu\/wp-content\/uploads\/2024\/01\/Jahutusvedelik-roheline-1L-ja-5L.jpg\",\"contentUrl\":\"https:\/\/www.apchemicals.eu\/wp-content\/uploads\/2024\/01\/Jahutusvedelik-roheline-1L-ja-5L.jpg\",\"width\":1000,\"height\":1000},{\"@type\":\"BreadcrumbList\",\"@id\":\"https:\/\/www.apchemicals.eu\/fi\/tuote\/jaahdytysneste-36c-vihrea\/#breadcrumb\",\"itemListElement\":[{\"@type\":\"ListItem\",\"position\":1,\"name\":\"Home\",\"item\":\"https:\/\/www.apchemicals.eu\/fi\/\"},{\"@type\":\"ListItem\",\"position\":2,\"name\":\"Tuotteet\",\"item\":\"https:\/\/www.apchemicals.eu\/fi\/shop\/\"},{\"@type\":\"ListItem\",\"position\":3,\"name\":\"J\u00e4\u00e4hdytysneste -36\u00b0C vihre\u00e4\"}]},{\"@type\":\"WebSite\",\"@id\":\"https:\/\/www.apchemicals.eu\/#website\",\"url\":\"https:\/\/www.apchemicals.eu\/\",\"name\":\"APKeemia\",\"description\":\"APKeemia\",\"publisher\":{\"@id\":\"https:\/\/www.apchemicals.eu\/#organization\"},\"potentialAction\":[{\"@type\":\"SearchAction\",\"target\":{\"@type\":\"EntryPoint\",\"urlTemplate\":\"https:\/\/www.apchemicals.eu\/?s={search_term_string}\"},\"query-input\":{\"@type\":\"PropertyValueSpecification\",\"valueRequired\":true,\"valueName\":\"search_term_string\"}}],\"inLanguage\":\"fi\"},{\"@type\":\"Organization\",\"@id\":\"https:\/\/www.apchemicals.eu\/#organization\",\"name\":\"APChemicals O\u00dc\",\"url\":\"https:\/\/www.apchemicals.eu\/\",\"logo\":{\"@type\":\"ImageObject\",\"inLanguage\":\"fi\",\"@id\":\"https:\/\/www.apchemicals.eu\/#\/schema\/logo\/image\/\",\"url\":\"https:\/\/www.apchemicals.eu\/wp-content\/uploads\/2023\/03\/header_logo5.jpg\",\"contentUrl\":\"https:\/\/www.apchemicals.eu\/wp-content\/uploads\/2023\/03\/header_logo5.jpg\",\"width\":180,\"height\":35,\"caption\":\"APChemicals O\u00dc\"},\"image\":{\"@id\":\"https:\/\/www.apchemicals.eu\/#\/schema\/logo\/image\/\"}}]}<\/script>\n<!-- \/ Yoast SEO plugin. -->","yoast_head_json":{"title":"J\u00e4\u00e4hdytysneste -36\u00b0C vihre\u00e4 - APKeemia","robots":{"index":"index","follow":"follow","max-snippet":"max-snippet:-1","max-image-preview":"max-image-preview:large","max-video-preview":"max-video-preview:-1"},"canonical":"https:\/\/www.apchemicals.eu\/fi\/tuote\/jaahdytysneste-36c-vihrea\/","og_locale":"fi_FI","og_type":"article","og_title":"J\u00e4\u00e4hdytysneste -36\u00b0C vihre\u00e4 - APKeemia","og_description":"T\u00e4ytt\u00e4\u00e4 ASTM D 3306 laatustandardin. K\u00e4ytt\u00f6: K\u00e4ytt\u00f6valmis j\u00e4\u00e4hdytysneste kaikkien bensiini- [...]","og_url":"https:\/\/www.apchemicals.eu\/fi\/tuote\/jaahdytysneste-36c-vihrea\/","og_site_name":"APKeemia","og_image":[{"width":1000,"height":1000,"url":"https:\/\/www.apchemicals.eu\/wp-content\/uploads\/2024\/01\/Jahutusvedelik-roheline-1L-ja-5L.jpg","type":"image\/jpeg"}],"twitter_card":"summary_large_image","schema":{"@context":"https:\/\/schema.org","@graph":[{"@type":"WebPage","@id":"https:\/\/www.apchemicals.eu\/fi\/tuote\/jaahdytysneste-36c-vihrea\/","url":"https:\/\/www.apchemicals.eu\/fi\/tuote\/jaahdytysneste-36c-vihrea\/","name":"J\u00e4\u00e4hdytysneste -36\u00b0C vihre\u00e4 - APKeemia","isPartOf":{"@id":"https:\/\/www.apchemicals.eu\/#website"},"primaryImageOfPage":{"@id":"https:\/\/www.apchemicals.eu\/fi\/tuote\/jaahdytysneste-36c-vihrea\/#primaryimage"},"image":{"@id":"https:\/\/www.apchemicals.eu\/fi\/tuote\/jaahdytysneste-36c-vihrea\/#primaryimage"},"thumbnailUrl":"https:\/\/www.apchemicals.eu\/wp-content\/uploads\/2024\/01\/Jahutusvedelik-roheline-1L-ja-5L.jpg","datePublished":"2024-01-19T10:04:46+00:00","breadcrumb":{"@id":"https:\/\/www.apchemicals.eu\/fi\/tuote\/jaahdytysneste-36c-vihrea\/#breadcrumb"},"inLanguage":"fi","potentialAction":[{"@type":"ReadAction","target":["https:\/\/www.apchemicals.eu\/fi\/tuote\/jaahdytysneste-36c-vihrea\/"]}]},{"@type":"ImageObject","inLanguage":"fi","@id":"https:\/\/www.apchemicals.eu\/fi\/tuote\/jaahdytysneste-36c-vihrea\/#primaryimage","url":"https:\/\/www.apchemicals.eu\/wp-content\/uploads\/2024\/01\/Jahutusvedelik-roheline-1L-ja-5L.jpg","contentUrl":"https:\/\/www.apchemicals.eu\/wp-content\/uploads\/2024\/01\/Jahutusvedelik-roheline-1L-ja-5L.jpg","width":1000,"height":1000},{"@type":"BreadcrumbList","@id":"https:\/\/www.apchemicals.eu\/fi\/tuote\/jaahdytysneste-36c-vihrea\/#breadcrumb","itemListElement":[{"@type":"ListItem","position":1,"name":"Home","item":"https:\/\/www.apchemicals.eu\/fi\/"},{"@type":"ListItem","position":2,"name":"Tuotteet","item":"https:\/\/www.apchemicals.eu\/fi\/shop\/"},{"@type":"ListItem","position":3,"name":"J\u00e4\u00e4hdytysneste -36\u00b0C vihre\u00e4"}]},{"@type":"WebSite","@id":"https:\/\/www.apchemicals.eu\/#website","url":"https:\/\/www.apchemicals.eu\/","name":"APKeemia","description":"APKeemia","publisher":{"@id":"https:\/\/www.apchemicals.eu\/#organization"},"potentialAction":[{"@type":"SearchAction","target":{"@type":"EntryPoint","urlTemplate":"https:\/\/www.apchemicals.eu\/?s={search_term_string}"},"query-input":{"@type":"PropertyValueSpecification","valueRequired":true,"valueName":"search_term_string"}}],"inLanguage":"fi"},{"@type":"Organization","@id":"https:\/\/www.apchemicals.eu\/#organization","name":"APChemicals O\u00dc","url":"https:\/\/www.apchemicals.eu\/","logo":{"@type":"ImageObject","inLanguage":"fi","@id":"https:\/\/www.apchemicals.eu\/#\/schema\/logo\/image\/","url":"https:\/\/www.apchemicals.eu\/wp-content\/uploads\/2023\/03\/header_logo5.jpg","contentUrl":"https:\/\/www.apchemicals.eu\/wp-content\/uploads\/2023\/03\/header_logo5.jpg","width":180,"height":35,"caption":"APChemicals O\u00dc"},"image":{"@id":"https:\/\/www.apchemicals.eu\/#\/schema\/logo\/image\/"}}]}},"_links":{"self":[{"href":"https:\/\/www.apchemicals.eu\/fi\/wp-json\/wp\/v2\/product\/3024","targetHints":{"allow":["GET"]}}],"collection":[{"href":"https:\/\/www.apchemicals.eu\/fi\/wp-json\/wp\/v2\/product"}],"about":[{"href":"https:\/\/www.apchemicals.eu\/fi\/wp-json\/wp\/v2\/types\/product"}],"wp:featuredmedia":[{"embeddable":true,"href":"https:\/\/www.apchemicals.eu\/fi\/wp-json\/wp\/v2\/media\/2582"}],"wp:attachment":[{"href":"https:\/\/www.apchemicals.eu\/fi\/wp-json\/wp\/v2\/media?parent=3024"}],"wp:term":[{"taxonomy":"product_brand","embeddable":true,"href":"https:\/\/www.apchemicals.eu\/fi\/wp-json\/wp\/v2\/product_brand?post=3024"},{"taxonomy":"product_cat","embeddable":true,"href":"https:\/\/www.apchemicals.eu\/fi\/wp-json\/wp\/v2\/product_cat?post=3024"},{"taxonomy":"product_tag","embeddable":true,"href":"https:\/\/www.apchemicals.eu\/fi\/wp-json\/wp\/v2\/product_tag?post=3024"}],"curies":[{"name":"wp","href":"https:\/\/api.w.org\/{rel}","templated":true}]}}