{"id":3036,"date":"2024-01-19T15:37:47","date_gmt":"2024-01-19T13:37:47","guid":{"rendered":"http:\/\/www.apchemicals.eu\/toode\/jarruneste-dot4-lv-1l\/"},"modified":"2024-01-19T15:37:47","modified_gmt":"2024-01-19T13:37:47","slug":"jarruneste-dot4-lv-1l","status":"publish","type":"product","link":"https:\/\/www.apchemicals.eu\/fi\/tuote\/jarruneste-dot4-lv-1l\/","title":{"rendered":"Jarruneste Dot4 LV 1L"},"content":{"rendered":"<p>Sopii kaikkiin hydraulisiin jarru- ja kytkinj\u00e4rjestelmiin, joissa vaaditaan FMVSS 116 DOT 3 ja 116 DOT 4, SAE J 1703 ja SAE J 1704, ISO 4925 laatuvaatimukset t\u00e4ytt\u00e4v\u00e4\u00e4 nestett\u00e4.<\/p>\n<p><strong>K\u00e4ytt\u00f6:<\/strong> Sopii k\u00e4ytett\u00e4v\u00e4ksi ESP-, ABS- ja ASR-j\u00e4rjestelm\u00e4ll\u00e4 varustettujen ajoneuvojen hydraulisissa jarru- ja kytkinj\u00e4rjestelmiss\u00e4, joilla on korkea kiehumispiste ja erinomainen suorituskyky eritt\u00e4in alhaisissa l\u00e4mp\u00f6tiloissa.<\/p>\n<p>Noudata ajoneuvon valmistajan vaatimuksia, kun lis\u00e4\u00e4t tai vaihdat nestett\u00e4. V\u00e4lt\u00e4 jarrunesteen joutumista auton maalipintaan.<\/p>\n<p><strong>EAN <\/strong>4743042022239<\/p>\n<p><strong>UFI: <\/strong>N2H0-V02X-G00A-HFX6<\/p>\n<div data-pm-slice=\"1 1 []\" data-en-clipboard=\"true\"><a href=\"http:\/\/www.apchemicals.eu\/wp-content\/uploads\/2024\/02\/Kayttoturvallisuustiedote-DOT4-LV.pdf\" target=\"_blank\" rel=\"noopener\"><strong>K\u00e4ytt\u00f6turvallisuustiedote<\/strong><\/a><\/div>\n","protected":false},"excerpt":{"rendered":"<p>Sopii kaikkiin hydraulisiin jarru- ja kytkinj\u00e4rjestelmiin, joissa vaaditaan FMVSS 116  [&#8230;]<\/p>\n","protected":false},"featured_media":3466,"template":"","meta":[],"product_brand":[],"product_cat":[136],"product_tag":[],"class_list":{"0":"post-3036","1":"product","2":"type-product","3":"status-publish","4":"has-post-thumbnail","6":"product_cat-jarruneste","8":"first","9":"instock","10":"shipping-taxable","11":"product-type-simple"},"yoast_head":"<!-- This site is optimized with the Yoast SEO plugin v26.4 - https:\/\/yoast.com\/wordpress\/plugins\/seo\/ -->\n<title>Jarruneste Dot4 LV 1L - APKeemia<\/title>\n<meta name=\"robots\" content=\"index, follow, max-snippet:-1, max-image-preview:large, max-video-preview:-1\" \/>\n<link rel=\"canonical\" href=\"https:\/\/www.apchemicals.eu\/tuote\/pidurivedelik-dot4-lv-1l\/\" \/>\n<meta property=\"og:locale\" content=\"fi_FI\" \/>\n<meta property=\"og:type\" content=\"article\" \/>\n<meta property=\"og:title\" content=\"Jarruneste Dot4 LV 1L - APKeemia\" \/>\n<meta property=\"og:description\" content=\"Sopii kaikkiin hydraulisiin jarru- ja kytkinj\u00e4rjestelmiin, joissa vaaditaan FMVSS 116 [...]\" \/>\n<meta property=\"og:url\" content=\"https:\/\/www.apchemicals.eu\/tuote\/pidurivedelik-dot4-lv-1l\/\" \/>\n<meta property=\"og:site_name\" content=\"APKeemia\" \/>\n<meta property=\"og:image\" content=\"http:\/\/www.apchemicals.eu\/wp-content\/uploads\/2024\/01\/Dot-4lv-05l.jpg\" \/>\n\t<meta property=\"og:image:width\" content=\"1000\" \/>\n\t<meta property=\"og:image:height\" content=\"1000\" \/>\n\t<meta property=\"og:image:type\" content=\"image\/jpeg\" \/>\n<meta name=\"twitter:card\" content=\"summary_large_image\" \/>\n<script type=\"application\/ld+json\" class=\"yoast-schema-graph\">{\"@context\":\"https:\/\/schema.org\",\"@graph\":[{\"@type\":\"WebPage\",\"@id\":\"https:\/\/www.apchemicals.eu\/tuote\/pidurivedelik-dot4-lv-1l\/\",\"url\":\"https:\/\/www.apchemicals.eu\/tuote\/pidurivedelik-dot4-lv-1l\/\",\"name\":\"Jarruneste Dot4 LV 1L - APKeemia\",\"isPartOf\":{\"@id\":\"https:\/\/www.apchemicals.eu\/#website\"},\"primaryImageOfPage\":{\"@id\":\"https:\/\/www.apchemicals.eu\/tuote\/pidurivedelik-dot4-lv-1l\/#primaryimage\"},\"image\":{\"@id\":\"https:\/\/www.apchemicals.eu\/tuote\/pidurivedelik-dot4-lv-1l\/#primaryimage\"},\"thumbnailUrl\":\"https:\/\/www.apchemicals.eu\/wp-content\/uploads\/2024\/01\/Dot-4lv-05l.jpg\",\"datePublished\":\"2024-01-19T13:37:47+00:00\",\"breadcrumb\":{\"@id\":\"https:\/\/www.apchemicals.eu\/tuote\/pidurivedelik-dot4-lv-1l\/#breadcrumb\"},\"inLanguage\":\"fi\",\"potentialAction\":[{\"@type\":\"ReadAction\",\"target\":[\"https:\/\/www.apchemicals.eu\/tuote\/pidurivedelik-dot4-lv-1l\/\"]}]},{\"@type\":\"ImageObject\",\"inLanguage\":\"fi\",\"@id\":\"https:\/\/www.apchemicals.eu\/tuote\/pidurivedelik-dot4-lv-1l\/#primaryimage\",\"url\":\"https:\/\/www.apchemicals.eu\/wp-content\/uploads\/2024\/01\/Dot-4lv-05l.jpg\",\"contentUrl\":\"https:\/\/www.apchemicals.eu\/wp-content\/uploads\/2024\/01\/Dot-4lv-05l.jpg\",\"width\":1000,\"height\":1000},{\"@type\":\"BreadcrumbList\",\"@id\":\"https:\/\/www.apchemicals.eu\/tuote\/pidurivedelik-dot4-lv-1l\/#breadcrumb\",\"itemListElement\":[{\"@type\":\"ListItem\",\"position\":1,\"name\":\"Home\",\"item\":\"https:\/\/www.apchemicals.eu\/fi\/\"},{\"@type\":\"ListItem\",\"position\":2,\"name\":\"Tuotteet\",\"item\":\"https:\/\/www.apchemicals.eu\/fi\/shop\/\"},{\"@type\":\"ListItem\",\"position\":3,\"name\":\"Jarruneste Dot4 LV 1L\"}]},{\"@type\":\"WebSite\",\"@id\":\"https:\/\/www.apchemicals.eu\/#website\",\"url\":\"https:\/\/www.apchemicals.eu\/\",\"name\":\"APKeemia\",\"description\":\"APKeemia\",\"publisher\":{\"@id\":\"https:\/\/www.apchemicals.eu\/#organization\"},\"potentialAction\":[{\"@type\":\"SearchAction\",\"target\":{\"@type\":\"EntryPoint\",\"urlTemplate\":\"https:\/\/www.apchemicals.eu\/?s={search_term_string}\"},\"query-input\":{\"@type\":\"PropertyValueSpecification\",\"valueRequired\":true,\"valueName\":\"search_term_string\"}}],\"inLanguage\":\"fi\"},{\"@type\":\"Organization\",\"@id\":\"https:\/\/www.apchemicals.eu\/#organization\",\"name\":\"APChemicals O\u00dc\",\"url\":\"https:\/\/www.apchemicals.eu\/\",\"logo\":{\"@type\":\"ImageObject\",\"inLanguage\":\"fi\",\"@id\":\"https:\/\/www.apchemicals.eu\/#\/schema\/logo\/image\/\",\"url\":\"https:\/\/www.apchemicals.eu\/wp-content\/uploads\/2023\/03\/header_logo5.jpg\",\"contentUrl\":\"https:\/\/www.apchemicals.eu\/wp-content\/uploads\/2023\/03\/header_logo5.jpg\",\"width\":180,\"height\":35,\"caption\":\"APChemicals O\u00dc\"},\"image\":{\"@id\":\"https:\/\/www.apchemicals.eu\/#\/schema\/logo\/image\/\"}}]}<\/script>\n<!-- \/ Yoast SEO plugin. -->","yoast_head_json":{"title":"Jarruneste Dot4 LV 1L - APKeemia","robots":{"index":"index","follow":"follow","max-snippet":"max-snippet:-1","max-image-preview":"max-image-preview:large","max-video-preview":"max-video-preview:-1"},"canonical":"https:\/\/www.apchemicals.eu\/tuote\/pidurivedelik-dot4-lv-1l\/","og_locale":"fi_FI","og_type":"article","og_title":"Jarruneste Dot4 LV 1L - APKeemia","og_description":"Sopii kaikkiin hydraulisiin jarru- ja kytkinj\u00e4rjestelmiin, joissa vaaditaan FMVSS 116 [...]","og_url":"https:\/\/www.apchemicals.eu\/tuote\/pidurivedelik-dot4-lv-1l\/","og_site_name":"APKeemia","og_image":[{"width":1000,"height":1000,"url":"http:\/\/www.apchemicals.eu\/wp-content\/uploads\/2024\/01\/Dot-4lv-05l.jpg","type":"image\/jpeg"}],"twitter_card":"summary_large_image","schema":{"@context":"https:\/\/schema.org","@graph":[{"@type":"WebPage","@id":"https:\/\/www.apchemicals.eu\/tuote\/pidurivedelik-dot4-lv-1l\/","url":"https:\/\/www.apchemicals.eu\/tuote\/pidurivedelik-dot4-lv-1l\/","name":"Jarruneste Dot4 LV 1L - APKeemia","isPartOf":{"@id":"https:\/\/www.apchemicals.eu\/#website"},"primaryImageOfPage":{"@id":"https:\/\/www.apchemicals.eu\/tuote\/pidurivedelik-dot4-lv-1l\/#primaryimage"},"image":{"@id":"https:\/\/www.apchemicals.eu\/tuote\/pidurivedelik-dot4-lv-1l\/#primaryimage"},"thumbnailUrl":"https:\/\/www.apchemicals.eu\/wp-content\/uploads\/2024\/01\/Dot-4lv-05l.jpg","datePublished":"2024-01-19T13:37:47+00:00","breadcrumb":{"@id":"https:\/\/www.apchemicals.eu\/tuote\/pidurivedelik-dot4-lv-1l\/#breadcrumb"},"inLanguage":"fi","potentialAction":[{"@type":"ReadAction","target":["https:\/\/www.apchemicals.eu\/tuote\/pidurivedelik-dot4-lv-1l\/"]}]},{"@type":"ImageObject","inLanguage":"fi","@id":"https:\/\/www.apchemicals.eu\/tuote\/pidurivedelik-dot4-lv-1l\/#primaryimage","url":"https:\/\/www.apchemicals.eu\/wp-content\/uploads\/2024\/01\/Dot-4lv-05l.jpg","contentUrl":"https:\/\/www.apchemicals.eu\/wp-content\/uploads\/2024\/01\/Dot-4lv-05l.jpg","width":1000,"height":1000},{"@type":"BreadcrumbList","@id":"https:\/\/www.apchemicals.eu\/tuote\/pidurivedelik-dot4-lv-1l\/#breadcrumb","itemListElement":[{"@type":"ListItem","position":1,"name":"Home","item":"https:\/\/www.apchemicals.eu\/fi\/"},{"@type":"ListItem","position":2,"name":"Tuotteet","item":"https:\/\/www.apchemicals.eu\/fi\/shop\/"},{"@type":"ListItem","position":3,"name":"Jarruneste Dot4 LV 1L"}]},{"@type":"WebSite","@id":"https:\/\/www.apchemicals.eu\/#website","url":"https:\/\/www.apchemicals.eu\/","name":"APKeemia","description":"APKeemia","publisher":{"@id":"https:\/\/www.apchemicals.eu\/#organization"},"potentialAction":[{"@type":"SearchAction","target":{"@type":"EntryPoint","urlTemplate":"https:\/\/www.apchemicals.eu\/?s={search_term_string}"},"query-input":{"@type":"PropertyValueSpecification","valueRequired":true,"valueName":"search_term_string"}}],"inLanguage":"fi"},{"@type":"Organization","@id":"https:\/\/www.apchemicals.eu\/#organization","name":"APChemicals O\u00dc","url":"https:\/\/www.apchemicals.eu\/","logo":{"@type":"ImageObject","inLanguage":"fi","@id":"https:\/\/www.apchemicals.eu\/#\/schema\/logo\/image\/","url":"https:\/\/www.apchemicals.eu\/wp-content\/uploads\/2023\/03\/header_logo5.jpg","contentUrl":"https:\/\/www.apchemicals.eu\/wp-content\/uploads\/2023\/03\/header_logo5.jpg","width":180,"height":35,"caption":"APChemicals O\u00dc"},"image":{"@id":"https:\/\/www.apchemicals.eu\/#\/schema\/logo\/image\/"}}]}},"_links":{"self":[{"href":"https:\/\/www.apchemicals.eu\/fi\/wp-json\/wp\/v2\/product\/3036","targetHints":{"allow":["GET"]}}],"collection":[{"href":"https:\/\/www.apchemicals.eu\/fi\/wp-json\/wp\/v2\/product"}],"about":[{"href":"https:\/\/www.apchemicals.eu\/fi\/wp-json\/wp\/v2\/types\/product"}],"wp:featuredmedia":[{"embeddable":true,"href":"https:\/\/www.apchemicals.eu\/fi\/wp-json\/wp\/v2\/media\/3466"}],"wp:attachment":[{"href":"https:\/\/www.apchemicals.eu\/fi\/wp-json\/wp\/v2\/media?parent=3036"}],"wp:term":[{"taxonomy":"product_brand","embeddable":true,"href":"https:\/\/www.apchemicals.eu\/fi\/wp-json\/wp\/v2\/product_brand?post=3036"},{"taxonomy":"product_cat","embeddable":true,"href":"https:\/\/www.apchemicals.eu\/fi\/wp-json\/wp\/v2\/product_cat?post=3036"},{"taxonomy":"product_tag","embeddable":true,"href":"https:\/\/www.apchemicals.eu\/fi\/wp-json\/wp\/v2\/product_tag?post=3036"}],"curies":[{"name":"wp","href":"https:\/\/api.w.org\/{rel}","templated":true}]}}