{"id":3203,"date":"2024-01-19T14:37:59","date_gmt":"2024-01-19T12:37:59","guid":{"rendered":"http:\/\/www.apchemicals.eu\/toode\/asfaltinpoistoaine\/"},"modified":"2026-03-09T15:12:17","modified_gmt":"2026-03-09T13:12:17","slug":"asfaltinpoistoaine","status":"publish","type":"product","link":"https:\/\/www.apchemicals.eu\/fi\/tuote\/asfaltinpoistoaine\/","title":{"rendered":"Asfaltinpoistoaine"},"content":{"rendered":"<p>Asfaltti-, piki, kumi- ja \u00f6ljytahrojen poistoon auton korista ja vanteista.<\/p>\n<p><strong>K\u00e4ytt\u00f6:<\/strong>. Huuhtele vedell\u00e4 ja pese. \u00c4l\u00e4 k\u00e4yt\u00e4 auringonvalossa tai kuumilla pinnoilla.<\/p>\n<p><strong>Sis\u00e4lt\u00e4\u00e4:<\/strong> alifaattisia hiilivetyj\u00e4 &gt;= 30 % (w\/w).<\/p>\n<p><strong>EAN <\/strong>4743042000985<\/p>\n<p><strong>UFI:<\/strong>CQU0-M0P5-F00P-JT66<\/p>\n<div data-pm-slice=\"1 1 []\" data-en-clipboard=\"true\"><a href=\"http:\/\/www.apchemicals.eu\/wp-content\/uploads\/2026\/03\/Kayttoturvallisuustiedote-Pigiplekkide-eemaldaja.pdf\" target=\"_blank\" rel=\"noopener\"><strong>K\u00e4ytt\u00f6turvallisuustiedo<\/strong><\/a><\/div>\n","protected":false},"excerpt":{"rendered":"<p>Asfaltti-, piki, kumi- ja \u00f6ljytahrojen poistoon auton korista ja vanteista.  [&#8230;]<\/p>\n","protected":false},"featured_media":3417,"template":"","meta":[],"product_brand":[],"product_cat":[155],"product_tag":[],"class_list":{"0":"post-3203","1":"product","2":"type-product","3":"status-publish","4":"has-post-thumbnail","6":"product_cat-autokemikaalit","8":"first","9":"instock","10":"shipping-taxable","11":"product-type-simple"},"yoast_head":"<!-- This site is optimized with the Yoast SEO plugin v26.4 - https:\/\/yoast.com\/wordpress\/plugins\/seo\/ -->\n<title>Asfaltinpoistoaine - APKeemia<\/title>\n<meta name=\"robots\" content=\"index, follow, max-snippet:-1, max-image-preview:large, max-video-preview:-1\" \/>\n<link rel=\"canonical\" href=\"https:\/\/www.apchemicals.eu\/fi\/tuote\/asfaltinpoistoaine\/\" \/>\n<meta property=\"og:locale\" content=\"fi_FI\" \/>\n<meta property=\"og:type\" content=\"article\" \/>\n<meta property=\"og:title\" content=\"Asfaltinpoistoaine - APKeemia\" \/>\n<meta property=\"og:description\" content=\"Asfaltti-, piki, kumi- ja \u00f6ljytahrojen poistoon auton korista ja vanteista. [...]\" \/>\n<meta property=\"og:url\" content=\"https:\/\/www.apchemicals.eu\/fi\/tuote\/asfaltinpoistoaine\/\" \/>\n<meta property=\"og:site_name\" content=\"APKeemia\" \/>\n<meta property=\"article:modified_time\" content=\"2026-03-09T13:12:17+00:00\" \/>\n<meta property=\"og:image\" content=\"http:\/\/www.apchemicals.eu\/wp-content\/uploads\/2024\/05\/Nimetu-kujundus-1.png\" \/>\n\t<meta property=\"og:image:width\" content=\"1000\" \/>\n\t<meta property=\"og:image:height\" content=\"1000\" \/>\n\t<meta property=\"og:image:type\" content=\"image\/png\" \/>\n<meta name=\"twitter:card\" content=\"summary_large_image\" \/>\n<meta name=\"twitter:label1\" content=\"Arvioitu lukuaika\" \/>\n\t<meta name=\"twitter:data1\" content=\"1 minuutti\" \/>\n<script type=\"application\/ld+json\" class=\"yoast-schema-graph\">{\"@context\":\"https:\/\/schema.org\",\"@graph\":[{\"@type\":\"WebPage\",\"@id\":\"https:\/\/www.apchemicals.eu\/fi\/tuote\/asfaltinpoistoaine\/\",\"url\":\"https:\/\/www.apchemicals.eu\/fi\/tuote\/asfaltinpoistoaine\/\",\"name\":\"Asfaltinpoistoaine - APKeemia\",\"isPartOf\":{\"@id\":\"https:\/\/www.apchemicals.eu\/#website\"},\"primaryImageOfPage\":{\"@id\":\"https:\/\/www.apchemicals.eu\/fi\/tuote\/asfaltinpoistoaine\/#primaryimage\"},\"image\":{\"@id\":\"https:\/\/www.apchemicals.eu\/fi\/tuote\/asfaltinpoistoaine\/#primaryimage\"},\"thumbnailUrl\":\"https:\/\/www.apchemicals.eu\/wp-content\/uploads\/2024\/05\/Nimetu-kujundus-1.png\",\"datePublished\":\"2024-01-19T12:37:59+00:00\",\"dateModified\":\"2026-03-09T13:12:17+00:00\",\"breadcrumb\":{\"@id\":\"https:\/\/www.apchemicals.eu\/fi\/tuote\/asfaltinpoistoaine\/#breadcrumb\"},\"inLanguage\":\"fi\",\"potentialAction\":[{\"@type\":\"ReadAction\",\"target\":[\"https:\/\/www.apchemicals.eu\/fi\/tuote\/asfaltinpoistoaine\/\"]}]},{\"@type\":\"ImageObject\",\"inLanguage\":\"fi\",\"@id\":\"https:\/\/www.apchemicals.eu\/fi\/tuote\/asfaltinpoistoaine\/#primaryimage\",\"url\":\"https:\/\/www.apchemicals.eu\/wp-content\/uploads\/2024\/05\/Nimetu-kujundus-1.png\",\"contentUrl\":\"https:\/\/www.apchemicals.eu\/wp-content\/uploads\/2024\/05\/Nimetu-kujundus-1.png\",\"width\":1000,\"height\":1000},{\"@type\":\"BreadcrumbList\",\"@id\":\"https:\/\/www.apchemicals.eu\/fi\/tuote\/asfaltinpoistoaine\/#breadcrumb\",\"itemListElement\":[{\"@type\":\"ListItem\",\"position\":1,\"name\":\"Home\",\"item\":\"https:\/\/www.apchemicals.eu\/fi\/\"},{\"@type\":\"ListItem\",\"position\":2,\"name\":\"Tuotteet\",\"item\":\"https:\/\/www.apchemicals.eu\/fi\/shop\/\"},{\"@type\":\"ListItem\",\"position\":3,\"name\":\"Asfaltinpoistoaine\"}]},{\"@type\":\"WebSite\",\"@id\":\"https:\/\/www.apchemicals.eu\/#website\",\"url\":\"https:\/\/www.apchemicals.eu\/\",\"name\":\"APKeemia\",\"description\":\"APKeemia\",\"publisher\":{\"@id\":\"https:\/\/www.apchemicals.eu\/#organization\"},\"potentialAction\":[{\"@type\":\"SearchAction\",\"target\":{\"@type\":\"EntryPoint\",\"urlTemplate\":\"https:\/\/www.apchemicals.eu\/?s={search_term_string}\"},\"query-input\":{\"@type\":\"PropertyValueSpecification\",\"valueRequired\":true,\"valueName\":\"search_term_string\"}}],\"inLanguage\":\"fi\"},{\"@type\":\"Organization\",\"@id\":\"https:\/\/www.apchemicals.eu\/#organization\",\"name\":\"APChemicals O\u00dc\",\"url\":\"https:\/\/www.apchemicals.eu\/\",\"logo\":{\"@type\":\"ImageObject\",\"inLanguage\":\"fi\",\"@id\":\"https:\/\/www.apchemicals.eu\/#\/schema\/logo\/image\/\",\"url\":\"https:\/\/www.apchemicals.eu\/wp-content\/uploads\/2023\/03\/header_logo5.jpg\",\"contentUrl\":\"https:\/\/www.apchemicals.eu\/wp-content\/uploads\/2023\/03\/header_logo5.jpg\",\"width\":180,\"height\":35,\"caption\":\"APChemicals O\u00dc\"},\"image\":{\"@id\":\"https:\/\/www.apchemicals.eu\/#\/schema\/logo\/image\/\"}}]}<\/script>\n<!-- \/ Yoast SEO plugin. -->","yoast_head_json":{"title":"Asfaltinpoistoaine - APKeemia","robots":{"index":"index","follow":"follow","max-snippet":"max-snippet:-1","max-image-preview":"max-image-preview:large","max-video-preview":"max-video-preview:-1"},"canonical":"https:\/\/www.apchemicals.eu\/fi\/tuote\/asfaltinpoistoaine\/","og_locale":"fi_FI","og_type":"article","og_title":"Asfaltinpoistoaine - APKeemia","og_description":"Asfaltti-, piki, kumi- ja \u00f6ljytahrojen poistoon auton korista ja vanteista. [...]","og_url":"https:\/\/www.apchemicals.eu\/fi\/tuote\/asfaltinpoistoaine\/","og_site_name":"APKeemia","article_modified_time":"2026-03-09T13:12:17+00:00","og_image":[{"width":1000,"height":1000,"url":"http:\/\/www.apchemicals.eu\/wp-content\/uploads\/2024\/05\/Nimetu-kujundus-1.png","type":"image\/png"}],"twitter_card":"summary_large_image","twitter_misc":{"Arvioitu lukuaika":"1 minuutti"},"schema":{"@context":"https:\/\/schema.org","@graph":[{"@type":"WebPage","@id":"https:\/\/www.apchemicals.eu\/fi\/tuote\/asfaltinpoistoaine\/","url":"https:\/\/www.apchemicals.eu\/fi\/tuote\/asfaltinpoistoaine\/","name":"Asfaltinpoistoaine - APKeemia","isPartOf":{"@id":"https:\/\/www.apchemicals.eu\/#website"},"primaryImageOfPage":{"@id":"https:\/\/www.apchemicals.eu\/fi\/tuote\/asfaltinpoistoaine\/#primaryimage"},"image":{"@id":"https:\/\/www.apchemicals.eu\/fi\/tuote\/asfaltinpoistoaine\/#primaryimage"},"thumbnailUrl":"https:\/\/www.apchemicals.eu\/wp-content\/uploads\/2024\/05\/Nimetu-kujundus-1.png","datePublished":"2024-01-19T12:37:59+00:00","dateModified":"2026-03-09T13:12:17+00:00","breadcrumb":{"@id":"https:\/\/www.apchemicals.eu\/fi\/tuote\/asfaltinpoistoaine\/#breadcrumb"},"inLanguage":"fi","potentialAction":[{"@type":"ReadAction","target":["https:\/\/www.apchemicals.eu\/fi\/tuote\/asfaltinpoistoaine\/"]}]},{"@type":"ImageObject","inLanguage":"fi","@id":"https:\/\/www.apchemicals.eu\/fi\/tuote\/asfaltinpoistoaine\/#primaryimage","url":"https:\/\/www.apchemicals.eu\/wp-content\/uploads\/2024\/05\/Nimetu-kujundus-1.png","contentUrl":"https:\/\/www.apchemicals.eu\/wp-content\/uploads\/2024\/05\/Nimetu-kujundus-1.png","width":1000,"height":1000},{"@type":"BreadcrumbList","@id":"https:\/\/www.apchemicals.eu\/fi\/tuote\/asfaltinpoistoaine\/#breadcrumb","itemListElement":[{"@type":"ListItem","position":1,"name":"Home","item":"https:\/\/www.apchemicals.eu\/fi\/"},{"@type":"ListItem","position":2,"name":"Tuotteet","item":"https:\/\/www.apchemicals.eu\/fi\/shop\/"},{"@type":"ListItem","position":3,"name":"Asfaltinpoistoaine"}]},{"@type":"WebSite","@id":"https:\/\/www.apchemicals.eu\/#website","url":"https:\/\/www.apchemicals.eu\/","name":"APKeemia","description":"APKeemia","publisher":{"@id":"https:\/\/www.apchemicals.eu\/#organization"},"potentialAction":[{"@type":"SearchAction","target":{"@type":"EntryPoint","urlTemplate":"https:\/\/www.apchemicals.eu\/?s={search_term_string}"},"query-input":{"@type":"PropertyValueSpecification","valueRequired":true,"valueName":"search_term_string"}}],"inLanguage":"fi"},{"@type":"Organization","@id":"https:\/\/www.apchemicals.eu\/#organization","name":"APChemicals O\u00dc","url":"https:\/\/www.apchemicals.eu\/","logo":{"@type":"ImageObject","inLanguage":"fi","@id":"https:\/\/www.apchemicals.eu\/#\/schema\/logo\/image\/","url":"https:\/\/www.apchemicals.eu\/wp-content\/uploads\/2023\/03\/header_logo5.jpg","contentUrl":"https:\/\/www.apchemicals.eu\/wp-content\/uploads\/2023\/03\/header_logo5.jpg","width":180,"height":35,"caption":"APChemicals O\u00dc"},"image":{"@id":"https:\/\/www.apchemicals.eu\/#\/schema\/logo\/image\/"}}]}},"_links":{"self":[{"href":"https:\/\/www.apchemicals.eu\/fi\/wp-json\/wp\/v2\/product\/3203","targetHints":{"allow":["GET"]}}],"collection":[{"href":"https:\/\/www.apchemicals.eu\/fi\/wp-json\/wp\/v2\/product"}],"about":[{"href":"https:\/\/www.apchemicals.eu\/fi\/wp-json\/wp\/v2\/types\/product"}],"wp:featuredmedia":[{"embeddable":true,"href":"https:\/\/www.apchemicals.eu\/fi\/wp-json\/wp\/v2\/media\/3417"}],"wp:attachment":[{"href":"https:\/\/www.apchemicals.eu\/fi\/wp-json\/wp\/v2\/media?parent=3203"}],"wp:term":[{"taxonomy":"product_brand","embeddable":true,"href":"https:\/\/www.apchemicals.eu\/fi\/wp-json\/wp\/v2\/product_brand?post=3203"},{"taxonomy":"product_cat","embeddable":true,"href":"https:\/\/www.apchemicals.eu\/fi\/wp-json\/wp\/v2\/product_cat?post=3203"},{"taxonomy":"product_tag","embeddable":true,"href":"https:\/\/www.apchemicals.eu\/fi\/wp-json\/wp\/v2\/product_tag?post=3203"}],"curies":[{"name":"wp","href":"https:\/\/api.w.org\/{rel}","templated":true}]}}