{"id":3205,"date":"2024-01-19T14:43:36","date_gmt":"2024-01-19T12:43:36","guid":{"rendered":"http:\/\/www.apchemicals.eu\/toode\/hyonteisirrotaja\/"},"modified":"2025-06-12T13:56:24","modified_gmt":"2025-06-12T10:56:24","slug":"hyonteisirrotaja","status":"publish","type":"product","link":"https:\/\/www.apchemicals.eu\/fi\/tuote\/hyonteisirrotaja\/","title":{"rendered":"Hy\u00f6nteisirrotaja"},"content":{"rendered":"<p>Tehokas k\u00e4ytt\u00f6valmis pesuaine hy\u00f6nteisten poistoon autoista ja kuorma-autoista.<\/p>\n<p><strong>K\u00e4ytt\u00f6:<\/strong> suihkuta pinnalle, anna vaikuttaa enint\u00e4\u00e4n 2 minuuttia ja huuhtele huolellisesti esim. painepesurilla. Pyyhi tarvittaessa pehme\u00e4ll\u00e4 liinalla tai sienell\u00e4. \u00c4l\u00e4 anna tuotteen kuivua auringossa tai k\u00e4yt\u00e4 suorassa auringonvalossa.<\/p>\n<p><strong>Sis\u00e4lt\u00e4\u00e4:<\/strong> &lt;5 % anionisia ja &lt;5 % ei-ionisia pinta-aktiivisia aineita.<\/p>\n<p><strong>EAN<\/strong>4743042023793<\/p>\n<p><strong>UFI: <\/strong>26N0-5070-6002-9UW9<\/p>\n<div data-pm-slice=\"1 1 []\" data-en-clipboard=\"true\"><a href=\"http:\/\/www.apchemicals.eu\/wp-content\/uploads\/2024\/02\/Kayttoturvallisuustiedote-Putukate-eemaldusvahend.pdf\" target=\"_blank\" rel=\"noopener\"><strong>K\u00e4ytt\u00f6turvallisuustiedote<\/strong><\/a><\/div>\n","protected":false},"excerpt":{"rendered":"<p>Tehokas k\u00e4ytt\u00f6valmis pesuaine hy\u00f6nteisten poistoon autoista ja kuorma-autoista. K\u00e4ytt\u00f6: suihkuta  [&#8230;]<\/p>\n","protected":false},"featured_media":2630,"template":"","meta":[],"product_brand":[],"product_cat":[155],"product_tag":[],"class_list":{"0":"post-3205","1":"product","2":"type-product","3":"status-publish","4":"has-post-thumbnail","6":"product_cat-autokemikaalit","8":"first","9":"instock","10":"shipping-taxable","11":"product-type-simple"},"yoast_head":"<!-- This site is optimized with the Yoast SEO plugin v26.4 - https:\/\/yoast.com\/wordpress\/plugins\/seo\/ -->\n<title>Hy\u00f6nteisirrotaja - APKeemia<\/title>\n<meta name=\"robots\" content=\"index, follow, max-snippet:-1, max-image-preview:large, max-video-preview:-1\" \/>\n<link rel=\"canonical\" href=\"https:\/\/www.apchemicals.eu\/fi\/tuote\/hyonteisirrotaja\/\" \/>\n<meta property=\"og:locale\" content=\"fi_FI\" \/>\n<meta property=\"og:type\" content=\"article\" \/>\n<meta property=\"og:title\" content=\"Hy\u00f6nteisirrotaja - APKeemia\" \/>\n<meta property=\"og:description\" content=\"Tehokas k\u00e4ytt\u00f6valmis pesuaine hy\u00f6nteisten poistoon autoista ja kuorma-autoista. K\u00e4ytt\u00f6: suihkuta [...]\" \/>\n<meta property=\"og:url\" content=\"https:\/\/www.apchemicals.eu\/fi\/tuote\/hyonteisirrotaja\/\" \/>\n<meta property=\"og:site_name\" content=\"APKeemia\" \/>\n<meta property=\"article:modified_time\" content=\"2025-06-12T10:56:24+00:00\" \/>\n<meta property=\"og:image\" content=\"http:\/\/www.apchemicals.eu\/wp-content\/uploads\/2024\/01\/Putukate-eemaldusvahend-500ml.jpg\" \/>\n\t<meta property=\"og:image:width\" content=\"1000\" \/>\n\t<meta property=\"og:image:height\" content=\"1000\" \/>\n\t<meta property=\"og:image:type\" content=\"image\/jpeg\" \/>\n<meta name=\"twitter:card\" content=\"summary_large_image\" \/>\n<meta name=\"twitter:label1\" content=\"Arvioitu lukuaika\" \/>\n\t<meta name=\"twitter:data1\" content=\"1 minuutti\" \/>\n<script type=\"application\/ld+json\" class=\"yoast-schema-graph\">{\"@context\":\"https:\/\/schema.org\",\"@graph\":[{\"@type\":\"WebPage\",\"@id\":\"https:\/\/www.apchemicals.eu\/fi\/tuote\/hyonteisirrotaja\/\",\"url\":\"https:\/\/www.apchemicals.eu\/fi\/tuote\/hyonteisirrotaja\/\",\"name\":\"Hy\u00f6nteisirrotaja - APKeemia\",\"isPartOf\":{\"@id\":\"https:\/\/www.apchemicals.eu\/#website\"},\"primaryImageOfPage\":{\"@id\":\"https:\/\/www.apchemicals.eu\/fi\/tuote\/hyonteisirrotaja\/#primaryimage\"},\"image\":{\"@id\":\"https:\/\/www.apchemicals.eu\/fi\/tuote\/hyonteisirrotaja\/#primaryimage\"},\"thumbnailUrl\":\"https:\/\/www.apchemicals.eu\/wp-content\/uploads\/2024\/01\/Putukate-eemaldusvahend-500ml.jpg\",\"datePublished\":\"2024-01-19T12:43:36+00:00\",\"dateModified\":\"2025-06-12T10:56:24+00:00\",\"breadcrumb\":{\"@id\":\"https:\/\/www.apchemicals.eu\/fi\/tuote\/hyonteisirrotaja\/#breadcrumb\"},\"inLanguage\":\"fi\",\"potentialAction\":[{\"@type\":\"ReadAction\",\"target\":[\"https:\/\/www.apchemicals.eu\/fi\/tuote\/hyonteisirrotaja\/\"]}]},{\"@type\":\"ImageObject\",\"inLanguage\":\"fi\",\"@id\":\"https:\/\/www.apchemicals.eu\/fi\/tuote\/hyonteisirrotaja\/#primaryimage\",\"url\":\"https:\/\/www.apchemicals.eu\/wp-content\/uploads\/2024\/01\/Putukate-eemaldusvahend-500ml.jpg\",\"contentUrl\":\"https:\/\/www.apchemicals.eu\/wp-content\/uploads\/2024\/01\/Putukate-eemaldusvahend-500ml.jpg\",\"width\":1000,\"height\":1000},{\"@type\":\"BreadcrumbList\",\"@id\":\"https:\/\/www.apchemicals.eu\/fi\/tuote\/hyonteisirrotaja\/#breadcrumb\",\"itemListElement\":[{\"@type\":\"ListItem\",\"position\":1,\"name\":\"Home\",\"item\":\"https:\/\/www.apchemicals.eu\/fi\/\"},{\"@type\":\"ListItem\",\"position\":2,\"name\":\"Tuotteet\",\"item\":\"https:\/\/www.apchemicals.eu\/fi\/shop\/\"},{\"@type\":\"ListItem\",\"position\":3,\"name\":\"Hy\u00f6nteisirrotaja\"}]},{\"@type\":\"WebSite\",\"@id\":\"https:\/\/www.apchemicals.eu\/#website\",\"url\":\"https:\/\/www.apchemicals.eu\/\",\"name\":\"APKeemia\",\"description\":\"APKeemia\",\"publisher\":{\"@id\":\"https:\/\/www.apchemicals.eu\/#organization\"},\"potentialAction\":[{\"@type\":\"SearchAction\",\"target\":{\"@type\":\"EntryPoint\",\"urlTemplate\":\"https:\/\/www.apchemicals.eu\/?s={search_term_string}\"},\"query-input\":{\"@type\":\"PropertyValueSpecification\",\"valueRequired\":true,\"valueName\":\"search_term_string\"}}],\"inLanguage\":\"fi\"},{\"@type\":\"Organization\",\"@id\":\"https:\/\/www.apchemicals.eu\/#organization\",\"name\":\"APChemicals O\u00dc\",\"url\":\"https:\/\/www.apchemicals.eu\/\",\"logo\":{\"@type\":\"ImageObject\",\"inLanguage\":\"fi\",\"@id\":\"https:\/\/www.apchemicals.eu\/#\/schema\/logo\/image\/\",\"url\":\"https:\/\/www.apchemicals.eu\/wp-content\/uploads\/2023\/03\/header_logo5.jpg\",\"contentUrl\":\"https:\/\/www.apchemicals.eu\/wp-content\/uploads\/2023\/03\/header_logo5.jpg\",\"width\":180,\"height\":35,\"caption\":\"APChemicals O\u00dc\"},\"image\":{\"@id\":\"https:\/\/www.apchemicals.eu\/#\/schema\/logo\/image\/\"}}]}<\/script>\n<!-- \/ Yoast SEO plugin. -->","yoast_head_json":{"title":"Hy\u00f6nteisirrotaja - APKeemia","robots":{"index":"index","follow":"follow","max-snippet":"max-snippet:-1","max-image-preview":"max-image-preview:large","max-video-preview":"max-video-preview:-1"},"canonical":"https:\/\/www.apchemicals.eu\/fi\/tuote\/hyonteisirrotaja\/","og_locale":"fi_FI","og_type":"article","og_title":"Hy\u00f6nteisirrotaja - APKeemia","og_description":"Tehokas k\u00e4ytt\u00f6valmis pesuaine hy\u00f6nteisten poistoon autoista ja kuorma-autoista. K\u00e4ytt\u00f6: suihkuta [...]","og_url":"https:\/\/www.apchemicals.eu\/fi\/tuote\/hyonteisirrotaja\/","og_site_name":"APKeemia","article_modified_time":"2025-06-12T10:56:24+00:00","og_image":[{"width":1000,"height":1000,"url":"http:\/\/www.apchemicals.eu\/wp-content\/uploads\/2024\/01\/Putukate-eemaldusvahend-500ml.jpg","type":"image\/jpeg"}],"twitter_card":"summary_large_image","twitter_misc":{"Arvioitu lukuaika":"1 minuutti"},"schema":{"@context":"https:\/\/schema.org","@graph":[{"@type":"WebPage","@id":"https:\/\/www.apchemicals.eu\/fi\/tuote\/hyonteisirrotaja\/","url":"https:\/\/www.apchemicals.eu\/fi\/tuote\/hyonteisirrotaja\/","name":"Hy\u00f6nteisirrotaja - APKeemia","isPartOf":{"@id":"https:\/\/www.apchemicals.eu\/#website"},"primaryImageOfPage":{"@id":"https:\/\/www.apchemicals.eu\/fi\/tuote\/hyonteisirrotaja\/#primaryimage"},"image":{"@id":"https:\/\/www.apchemicals.eu\/fi\/tuote\/hyonteisirrotaja\/#primaryimage"},"thumbnailUrl":"https:\/\/www.apchemicals.eu\/wp-content\/uploads\/2024\/01\/Putukate-eemaldusvahend-500ml.jpg","datePublished":"2024-01-19T12:43:36+00:00","dateModified":"2025-06-12T10:56:24+00:00","breadcrumb":{"@id":"https:\/\/www.apchemicals.eu\/fi\/tuote\/hyonteisirrotaja\/#breadcrumb"},"inLanguage":"fi","potentialAction":[{"@type":"ReadAction","target":["https:\/\/www.apchemicals.eu\/fi\/tuote\/hyonteisirrotaja\/"]}]},{"@type":"ImageObject","inLanguage":"fi","@id":"https:\/\/www.apchemicals.eu\/fi\/tuote\/hyonteisirrotaja\/#primaryimage","url":"https:\/\/www.apchemicals.eu\/wp-content\/uploads\/2024\/01\/Putukate-eemaldusvahend-500ml.jpg","contentUrl":"https:\/\/www.apchemicals.eu\/wp-content\/uploads\/2024\/01\/Putukate-eemaldusvahend-500ml.jpg","width":1000,"height":1000},{"@type":"BreadcrumbList","@id":"https:\/\/www.apchemicals.eu\/fi\/tuote\/hyonteisirrotaja\/#breadcrumb","itemListElement":[{"@type":"ListItem","position":1,"name":"Home","item":"https:\/\/www.apchemicals.eu\/fi\/"},{"@type":"ListItem","position":2,"name":"Tuotteet","item":"https:\/\/www.apchemicals.eu\/fi\/shop\/"},{"@type":"ListItem","position":3,"name":"Hy\u00f6nteisirrotaja"}]},{"@type":"WebSite","@id":"https:\/\/www.apchemicals.eu\/#website","url":"https:\/\/www.apchemicals.eu\/","name":"APKeemia","description":"APKeemia","publisher":{"@id":"https:\/\/www.apchemicals.eu\/#organization"},"potentialAction":[{"@type":"SearchAction","target":{"@type":"EntryPoint","urlTemplate":"https:\/\/www.apchemicals.eu\/?s={search_term_string}"},"query-input":{"@type":"PropertyValueSpecification","valueRequired":true,"valueName":"search_term_string"}}],"inLanguage":"fi"},{"@type":"Organization","@id":"https:\/\/www.apchemicals.eu\/#organization","name":"APChemicals O\u00dc","url":"https:\/\/www.apchemicals.eu\/","logo":{"@type":"ImageObject","inLanguage":"fi","@id":"https:\/\/www.apchemicals.eu\/#\/schema\/logo\/image\/","url":"https:\/\/www.apchemicals.eu\/wp-content\/uploads\/2023\/03\/header_logo5.jpg","contentUrl":"https:\/\/www.apchemicals.eu\/wp-content\/uploads\/2023\/03\/header_logo5.jpg","width":180,"height":35,"caption":"APChemicals O\u00dc"},"image":{"@id":"https:\/\/www.apchemicals.eu\/#\/schema\/logo\/image\/"}}]}},"_links":{"self":[{"href":"https:\/\/www.apchemicals.eu\/fi\/wp-json\/wp\/v2\/product\/3205","targetHints":{"allow":["GET"]}}],"collection":[{"href":"https:\/\/www.apchemicals.eu\/fi\/wp-json\/wp\/v2\/product"}],"about":[{"href":"https:\/\/www.apchemicals.eu\/fi\/wp-json\/wp\/v2\/types\/product"}],"wp:featuredmedia":[{"embeddable":true,"href":"https:\/\/www.apchemicals.eu\/fi\/wp-json\/wp\/v2\/media\/2630"}],"wp:attachment":[{"href":"https:\/\/www.apchemicals.eu\/fi\/wp-json\/wp\/v2\/media?parent=3205"}],"wp:term":[{"taxonomy":"product_brand","embeddable":true,"href":"https:\/\/www.apchemicals.eu\/fi\/wp-json\/wp\/v2\/product_brand?post=3205"},{"taxonomy":"product_cat","embeddable":true,"href":"https:\/\/www.apchemicals.eu\/fi\/wp-json\/wp\/v2\/product_cat?post=3205"},{"taxonomy":"product_tag","embeddable":true,"href":"https:\/\/www.apchemicals.eu\/fi\/wp-json\/wp\/v2\/product_tag?post=3205"}],"curies":[{"name":"wp","href":"https:\/\/api.w.org\/{rel}","templated":true}]}}