{"id":3212,"date":"2024-01-19T14:48:07","date_gmt":"2024-01-19T12:48:07","guid":{"rendered":"http:\/\/www.apchemicals.eu\/toode\/silikonipuikko\/"},"modified":"2024-01-19T14:48:07","modified_gmt":"2024-01-19T12:48:07","slug":"silikonipuikko","status":"publish","type":"product","link":"https:\/\/www.apchemicals.eu\/fi\/tuote\/silikonipuikko\/","title":{"rendered":"Silikonipuikko"},"content":{"rendered":"<p>Korkean l\u00e4mp\u00f6tilan kest\u00e4v\u00e4 silikoni\u00f6ljy, joka muodostaa vett\u00e4 ja likaa hylkiv\u00e4n \u00f6ljykalvon pinnoille. Est\u00e4\u00e4 ajoneuvon ovitiivisteiden j\u00e4\u00e4tymisen talvella ja halkeilun kes\u00e4ll\u00e4.<\/p>\n<p><strong>K\u00e4ytt\u00f6<\/strong>: Avaa korkki, paina shampooosa k\u00e4sitelt\u00e4v\u00e4\u00e4 pintaa vasten niin, ett\u00e4 shampoon liipaisin painuu ja levit\u00e4 silikonia halutulle pinnalle. Sulje korkki huolellisesti k\u00e4yt\u00f6n j\u00e4lkeen. Voidaan k\u00e4ytt\u00e4\u00e4 my\u00f6s yleissaumausaineena. L\u00e4mp\u00f6tila-alue -40\u00b0C&#8230;+150\u00b0C.<\/p>\n<p><strong>Sis\u00e4lt\u00e4\u00e4:<\/strong> silikoni\u00f6ljy\u00e4.<\/p>\n<p><strong>EAN <\/strong>4743042022963<\/p>\n","protected":false},"excerpt":{"rendered":"<p>Korkean l\u00e4mp\u00f6tilan kest\u00e4v\u00e4 silikoni\u00f6ljy, joka muodostaa vett\u00e4 ja likaa hylkiv\u00e4n  [&#8230;]<\/p>\n","protected":false},"featured_media":2642,"template":"","meta":[],"product_brand":[],"product_cat":[155],"product_tag":[],"class_list":{"0":"post-3212","1":"product","2":"type-product","3":"status-publish","4":"has-post-thumbnail","6":"product_cat-autokemikaalit","8":"first","9":"instock","10":"shipping-taxable","11":"product-type-simple"},"yoast_head":"<!-- This site is optimized with the Yoast SEO plugin v26.4 - https:\/\/yoast.com\/wordpress\/plugins\/seo\/ -->\n<title>Silikonipuikko - APKeemia<\/title>\n<meta name=\"robots\" content=\"index, follow, max-snippet:-1, max-image-preview:large, max-video-preview:-1\" \/>\n<link rel=\"canonical\" href=\"https:\/\/www.apchemicals.eu\/fi\/tuote\/silikonipuikko\/\" \/>\n<meta property=\"og:locale\" content=\"fi_FI\" \/>\n<meta property=\"og:type\" content=\"article\" \/>\n<meta property=\"og:title\" content=\"Silikonipuikko - APKeemia\" \/>\n<meta property=\"og:description\" content=\"Korkean l\u00e4mp\u00f6tilan kest\u00e4v\u00e4 silikoni\u00f6ljy, joka muodostaa vett\u00e4 ja likaa hylkiv\u00e4n [...]\" \/>\n<meta property=\"og:url\" content=\"https:\/\/www.apchemicals.eu\/fi\/tuote\/silikonipuikko\/\" \/>\n<meta property=\"og:site_name\" content=\"APKeemia\" \/>\n<meta property=\"og:image\" content=\"https:\/\/www.apchemicals.eu\/wp-content\/uploads\/2024\/01\/APC-Silikoonipulk-60ml.jpg\" \/>\n\t<meta property=\"og:image:width\" content=\"1000\" \/>\n\t<meta property=\"og:image:height\" content=\"1000\" \/>\n\t<meta property=\"og:image:type\" content=\"image\/jpeg\" \/>\n<meta name=\"twitter:card\" content=\"summary_large_image\" \/>\n<script type=\"application\/ld+json\" class=\"yoast-schema-graph\">{\"@context\":\"https:\/\/schema.org\",\"@graph\":[{\"@type\":\"WebPage\",\"@id\":\"https:\/\/www.apchemicals.eu\/fi\/tuote\/silikonipuikko\/\",\"url\":\"https:\/\/www.apchemicals.eu\/fi\/tuote\/silikonipuikko\/\",\"name\":\"Silikonipuikko - APKeemia\",\"isPartOf\":{\"@id\":\"https:\/\/www.apchemicals.eu\/#website\"},\"primaryImageOfPage\":{\"@id\":\"https:\/\/www.apchemicals.eu\/fi\/tuote\/silikonipuikko\/#primaryimage\"},\"image\":{\"@id\":\"https:\/\/www.apchemicals.eu\/fi\/tuote\/silikonipuikko\/#primaryimage\"},\"thumbnailUrl\":\"https:\/\/www.apchemicals.eu\/wp-content\/uploads\/2024\/01\/APC-Silikoonipulk-60ml.jpg\",\"datePublished\":\"2024-01-19T12:48:07+00:00\",\"breadcrumb\":{\"@id\":\"https:\/\/www.apchemicals.eu\/fi\/tuote\/silikonipuikko\/#breadcrumb\"},\"inLanguage\":\"fi\",\"potentialAction\":[{\"@type\":\"ReadAction\",\"target\":[\"https:\/\/www.apchemicals.eu\/fi\/tuote\/silikonipuikko\/\"]}]},{\"@type\":\"ImageObject\",\"inLanguage\":\"fi\",\"@id\":\"https:\/\/www.apchemicals.eu\/fi\/tuote\/silikonipuikko\/#primaryimage\",\"url\":\"https:\/\/www.apchemicals.eu\/wp-content\/uploads\/2024\/01\/APC-Silikoonipulk-60ml.jpg\",\"contentUrl\":\"https:\/\/www.apchemicals.eu\/wp-content\/uploads\/2024\/01\/APC-Silikoonipulk-60ml.jpg\",\"width\":1000,\"height\":1000},{\"@type\":\"BreadcrumbList\",\"@id\":\"https:\/\/www.apchemicals.eu\/fi\/tuote\/silikonipuikko\/#breadcrumb\",\"itemListElement\":[{\"@type\":\"ListItem\",\"position\":1,\"name\":\"Home\",\"item\":\"https:\/\/www.apchemicals.eu\/fi\/\"},{\"@type\":\"ListItem\",\"position\":2,\"name\":\"Tuotteet\",\"item\":\"https:\/\/www.apchemicals.eu\/fi\/shop\/\"},{\"@type\":\"ListItem\",\"position\":3,\"name\":\"Silikonipuikko\"}]},{\"@type\":\"WebSite\",\"@id\":\"https:\/\/www.apchemicals.eu\/#website\",\"url\":\"https:\/\/www.apchemicals.eu\/\",\"name\":\"APKeemia\",\"description\":\"APKeemia\",\"publisher\":{\"@id\":\"https:\/\/www.apchemicals.eu\/#organization\"},\"potentialAction\":[{\"@type\":\"SearchAction\",\"target\":{\"@type\":\"EntryPoint\",\"urlTemplate\":\"https:\/\/www.apchemicals.eu\/?s={search_term_string}\"},\"query-input\":{\"@type\":\"PropertyValueSpecification\",\"valueRequired\":true,\"valueName\":\"search_term_string\"}}],\"inLanguage\":\"fi\"},{\"@type\":\"Organization\",\"@id\":\"https:\/\/www.apchemicals.eu\/#organization\",\"name\":\"APChemicals O\u00dc\",\"url\":\"https:\/\/www.apchemicals.eu\/\",\"logo\":{\"@type\":\"ImageObject\",\"inLanguage\":\"fi\",\"@id\":\"https:\/\/www.apchemicals.eu\/#\/schema\/logo\/image\/\",\"url\":\"https:\/\/www.apchemicals.eu\/wp-content\/uploads\/2023\/03\/header_logo5.jpg\",\"contentUrl\":\"https:\/\/www.apchemicals.eu\/wp-content\/uploads\/2023\/03\/header_logo5.jpg\",\"width\":180,\"height\":35,\"caption\":\"APChemicals O\u00dc\"},\"image\":{\"@id\":\"https:\/\/www.apchemicals.eu\/#\/schema\/logo\/image\/\"}}]}<\/script>\n<!-- \/ Yoast SEO plugin. -->","yoast_head_json":{"title":"Silikonipuikko - APKeemia","robots":{"index":"index","follow":"follow","max-snippet":"max-snippet:-1","max-image-preview":"max-image-preview:large","max-video-preview":"max-video-preview:-1"},"canonical":"https:\/\/www.apchemicals.eu\/fi\/tuote\/silikonipuikko\/","og_locale":"fi_FI","og_type":"article","og_title":"Silikonipuikko - APKeemia","og_description":"Korkean l\u00e4mp\u00f6tilan kest\u00e4v\u00e4 silikoni\u00f6ljy, joka muodostaa vett\u00e4 ja likaa hylkiv\u00e4n [...]","og_url":"https:\/\/www.apchemicals.eu\/fi\/tuote\/silikonipuikko\/","og_site_name":"APKeemia","og_image":[{"width":1000,"height":1000,"url":"https:\/\/www.apchemicals.eu\/wp-content\/uploads\/2024\/01\/APC-Silikoonipulk-60ml.jpg","type":"image\/jpeg"}],"twitter_card":"summary_large_image","schema":{"@context":"https:\/\/schema.org","@graph":[{"@type":"WebPage","@id":"https:\/\/www.apchemicals.eu\/fi\/tuote\/silikonipuikko\/","url":"https:\/\/www.apchemicals.eu\/fi\/tuote\/silikonipuikko\/","name":"Silikonipuikko - APKeemia","isPartOf":{"@id":"https:\/\/www.apchemicals.eu\/#website"},"primaryImageOfPage":{"@id":"https:\/\/www.apchemicals.eu\/fi\/tuote\/silikonipuikko\/#primaryimage"},"image":{"@id":"https:\/\/www.apchemicals.eu\/fi\/tuote\/silikonipuikko\/#primaryimage"},"thumbnailUrl":"https:\/\/www.apchemicals.eu\/wp-content\/uploads\/2024\/01\/APC-Silikoonipulk-60ml.jpg","datePublished":"2024-01-19T12:48:07+00:00","breadcrumb":{"@id":"https:\/\/www.apchemicals.eu\/fi\/tuote\/silikonipuikko\/#breadcrumb"},"inLanguage":"fi","potentialAction":[{"@type":"ReadAction","target":["https:\/\/www.apchemicals.eu\/fi\/tuote\/silikonipuikko\/"]}]},{"@type":"ImageObject","inLanguage":"fi","@id":"https:\/\/www.apchemicals.eu\/fi\/tuote\/silikonipuikko\/#primaryimage","url":"https:\/\/www.apchemicals.eu\/wp-content\/uploads\/2024\/01\/APC-Silikoonipulk-60ml.jpg","contentUrl":"https:\/\/www.apchemicals.eu\/wp-content\/uploads\/2024\/01\/APC-Silikoonipulk-60ml.jpg","width":1000,"height":1000},{"@type":"BreadcrumbList","@id":"https:\/\/www.apchemicals.eu\/fi\/tuote\/silikonipuikko\/#breadcrumb","itemListElement":[{"@type":"ListItem","position":1,"name":"Home","item":"https:\/\/www.apchemicals.eu\/fi\/"},{"@type":"ListItem","position":2,"name":"Tuotteet","item":"https:\/\/www.apchemicals.eu\/fi\/shop\/"},{"@type":"ListItem","position":3,"name":"Silikonipuikko"}]},{"@type":"WebSite","@id":"https:\/\/www.apchemicals.eu\/#website","url":"https:\/\/www.apchemicals.eu\/","name":"APKeemia","description":"APKeemia","publisher":{"@id":"https:\/\/www.apchemicals.eu\/#organization"},"potentialAction":[{"@type":"SearchAction","target":{"@type":"EntryPoint","urlTemplate":"https:\/\/www.apchemicals.eu\/?s={search_term_string}"},"query-input":{"@type":"PropertyValueSpecification","valueRequired":true,"valueName":"search_term_string"}}],"inLanguage":"fi"},{"@type":"Organization","@id":"https:\/\/www.apchemicals.eu\/#organization","name":"APChemicals O\u00dc","url":"https:\/\/www.apchemicals.eu\/","logo":{"@type":"ImageObject","inLanguage":"fi","@id":"https:\/\/www.apchemicals.eu\/#\/schema\/logo\/image\/","url":"https:\/\/www.apchemicals.eu\/wp-content\/uploads\/2023\/03\/header_logo5.jpg","contentUrl":"https:\/\/www.apchemicals.eu\/wp-content\/uploads\/2023\/03\/header_logo5.jpg","width":180,"height":35,"caption":"APChemicals O\u00dc"},"image":{"@id":"https:\/\/www.apchemicals.eu\/#\/schema\/logo\/image\/"}}]}},"_links":{"self":[{"href":"https:\/\/www.apchemicals.eu\/fi\/wp-json\/wp\/v2\/product\/3212","targetHints":{"allow":["GET"]}}],"collection":[{"href":"https:\/\/www.apchemicals.eu\/fi\/wp-json\/wp\/v2\/product"}],"about":[{"href":"https:\/\/www.apchemicals.eu\/fi\/wp-json\/wp\/v2\/types\/product"}],"wp:featuredmedia":[{"embeddable":true,"href":"https:\/\/www.apchemicals.eu\/fi\/wp-json\/wp\/v2\/media\/2642"}],"wp:attachment":[{"href":"https:\/\/www.apchemicals.eu\/fi\/wp-json\/wp\/v2\/media?parent=3212"}],"wp:term":[{"taxonomy":"product_brand","embeddable":true,"href":"https:\/\/www.apchemicals.eu\/fi\/wp-json\/wp\/v2\/product_brand?post=3212"},{"taxonomy":"product_cat","embeddable":true,"href":"https:\/\/www.apchemicals.eu\/fi\/wp-json\/wp\/v2\/product_cat?post=3212"},{"taxonomy":"product_tag","embeddable":true,"href":"https:\/\/www.apchemicals.eu\/fi\/wp-json\/wp\/v2\/product_tag?post=3212"}],"curies":[{"name":"wp","href":"https:\/\/api.w.org\/{rel}","templated":true}]}}