{"id":3214,"date":"2024-01-19T14:26:47","date_gmt":"2024-01-19T12:26:47","guid":{"rendered":"http:\/\/www.apchemicals.eu\/toode\/tislattu-vetta\/"},"modified":"2024-01-19T14:26:47","modified_gmt":"2024-01-19T12:26:47","slug":"tislattu-vetta","status":"publish","type":"product","link":"https:\/\/www.apchemicals.eu\/fi\/tuote\/tislattu-vetta\/","title":{"rendered":"Tislattu vett\u00e4"},"content":{"rendered":"<p>TEKNISIIN TARKOITUKSIIN<\/p>\n<p>H\u00f6yrysilitysraudoille, akuille, ilmankostuttimille, autojen j\u00e4\u00e4hdyttimille ja muille tislattua vett\u00e4 tarvitseville laitteille. Elintarvikekasvien ruiskutukseen.<\/p>\n<p>Ei sovellu l\u00e4\u00e4ketieteellisiin tarkoituksiin.<\/p>\n<p>Saatavana my\u00f6s 1000 L s\u00e4ili\u00f6ss\u00e4.<\/p>\n<p><strong>EAN <\/strong>4743042000640 (1 L), 4743042000657 (3L); 4743042000664 (5 L); 47430420998802 (25 L).<\/p>\n","protected":false},"excerpt":{"rendered":"<p>TEKNISIIN TARKOITUKSIIN H\u00f6yrysilitysraudoille, akuille, ilmankostuttimille, autojen j\u00e4\u00e4hdyttimille ja muille tislattua  [&#8230;]<\/p>\n","protected":false},"featured_media":2610,"template":"","meta":[],"product_brand":[],"product_cat":[155],"product_tag":[],"class_list":{"0":"post-3214","1":"product","2":"type-product","3":"status-publish","4":"has-post-thumbnail","6":"product_cat-autokemikaalit","8":"first","9":"instock","10":"shipping-taxable","11":"product-type-simple"},"yoast_head":"<!-- This site is optimized with the Yoast SEO plugin v26.4 - https:\/\/yoast.com\/wordpress\/plugins\/seo\/ -->\n<title>Tislattu vett\u00e4 - APKeemia<\/title>\n<meta name=\"robots\" content=\"index, follow, max-snippet:-1, max-image-preview:large, max-video-preview:-1\" \/>\n<link rel=\"canonical\" href=\"https:\/\/www.apchemicals.eu\/fi\/tuote\/tislattu-vetta\/\" \/>\n<meta property=\"og:locale\" content=\"fi_FI\" \/>\n<meta property=\"og:type\" content=\"article\" \/>\n<meta property=\"og:title\" content=\"Tislattu vett\u00e4 - APKeemia\" \/>\n<meta property=\"og:description\" content=\"TEKNISIIN TARKOITUKSIIN H\u00f6yrysilitysraudoille, akuille, ilmankostuttimille, autojen j\u00e4\u00e4hdyttimille ja muille tislattua [...]\" \/>\n<meta property=\"og:url\" content=\"https:\/\/www.apchemicals.eu\/fi\/tuote\/tislattu-vetta\/\" \/>\n<meta property=\"og:site_name\" content=\"APKeemia\" \/>\n<meta property=\"og:image\" content=\"https:\/\/www.apchemicals.eu\/wp-content\/uploads\/2024\/01\/Destvesi-5L-1-1.jpg\" \/>\n\t<meta property=\"og:image:width\" content=\"1000\" \/>\n\t<meta property=\"og:image:height\" content=\"1000\" \/>\n\t<meta property=\"og:image:type\" content=\"image\/jpeg\" \/>\n<meta name=\"twitter:card\" content=\"summary_large_image\" \/>\n<script type=\"application\/ld+json\" class=\"yoast-schema-graph\">{\"@context\":\"https:\/\/schema.org\",\"@graph\":[{\"@type\":\"WebPage\",\"@id\":\"https:\/\/www.apchemicals.eu\/fi\/tuote\/tislattu-vetta\/\",\"url\":\"https:\/\/www.apchemicals.eu\/fi\/tuote\/tislattu-vetta\/\",\"name\":\"Tislattu vett\u00e4 - APKeemia\",\"isPartOf\":{\"@id\":\"https:\/\/www.apchemicals.eu\/#website\"},\"primaryImageOfPage\":{\"@id\":\"https:\/\/www.apchemicals.eu\/fi\/tuote\/tislattu-vetta\/#primaryimage\"},\"image\":{\"@id\":\"https:\/\/www.apchemicals.eu\/fi\/tuote\/tislattu-vetta\/#primaryimage\"},\"thumbnailUrl\":\"https:\/\/www.apchemicals.eu\/wp-content\/uploads\/2024\/01\/Destvesi-5L-1-1.jpg\",\"datePublished\":\"2024-01-19T12:26:47+00:00\",\"breadcrumb\":{\"@id\":\"https:\/\/www.apchemicals.eu\/fi\/tuote\/tislattu-vetta\/#breadcrumb\"},\"inLanguage\":\"fi\",\"potentialAction\":[{\"@type\":\"ReadAction\",\"target\":[\"https:\/\/www.apchemicals.eu\/fi\/tuote\/tislattu-vetta\/\"]}]},{\"@type\":\"ImageObject\",\"inLanguage\":\"fi\",\"@id\":\"https:\/\/www.apchemicals.eu\/fi\/tuote\/tislattu-vetta\/#primaryimage\",\"url\":\"https:\/\/www.apchemicals.eu\/wp-content\/uploads\/2024\/01\/Destvesi-5L-1-1.jpg\",\"contentUrl\":\"https:\/\/www.apchemicals.eu\/wp-content\/uploads\/2024\/01\/Destvesi-5L-1-1.jpg\",\"width\":1000,\"height\":1000},{\"@type\":\"BreadcrumbList\",\"@id\":\"https:\/\/www.apchemicals.eu\/fi\/tuote\/tislattu-vetta\/#breadcrumb\",\"itemListElement\":[{\"@type\":\"ListItem\",\"position\":1,\"name\":\"Home\",\"item\":\"https:\/\/www.apchemicals.eu\/fi\/\"},{\"@type\":\"ListItem\",\"position\":2,\"name\":\"Tuotteet\",\"item\":\"https:\/\/www.apchemicals.eu\/fi\/shop\/\"},{\"@type\":\"ListItem\",\"position\":3,\"name\":\"Tislattu vett\u00e4\"}]},{\"@type\":\"WebSite\",\"@id\":\"https:\/\/www.apchemicals.eu\/#website\",\"url\":\"https:\/\/www.apchemicals.eu\/\",\"name\":\"APKeemia\",\"description\":\"APKeemia\",\"publisher\":{\"@id\":\"https:\/\/www.apchemicals.eu\/#organization\"},\"potentialAction\":[{\"@type\":\"SearchAction\",\"target\":{\"@type\":\"EntryPoint\",\"urlTemplate\":\"https:\/\/www.apchemicals.eu\/?s={search_term_string}\"},\"query-input\":{\"@type\":\"PropertyValueSpecification\",\"valueRequired\":true,\"valueName\":\"search_term_string\"}}],\"inLanguage\":\"fi\"},{\"@type\":\"Organization\",\"@id\":\"https:\/\/www.apchemicals.eu\/#organization\",\"name\":\"APChemicals O\u00dc\",\"url\":\"https:\/\/www.apchemicals.eu\/\",\"logo\":{\"@type\":\"ImageObject\",\"inLanguage\":\"fi\",\"@id\":\"https:\/\/www.apchemicals.eu\/#\/schema\/logo\/image\/\",\"url\":\"https:\/\/www.apchemicals.eu\/wp-content\/uploads\/2023\/03\/header_logo5.jpg\",\"contentUrl\":\"https:\/\/www.apchemicals.eu\/wp-content\/uploads\/2023\/03\/header_logo5.jpg\",\"width\":180,\"height\":35,\"caption\":\"APChemicals O\u00dc\"},\"image\":{\"@id\":\"https:\/\/www.apchemicals.eu\/#\/schema\/logo\/image\/\"}}]}<\/script>\n<!-- \/ Yoast SEO plugin. -->","yoast_head_json":{"title":"Tislattu vett\u00e4 - APKeemia","robots":{"index":"index","follow":"follow","max-snippet":"max-snippet:-1","max-image-preview":"max-image-preview:large","max-video-preview":"max-video-preview:-1"},"canonical":"https:\/\/www.apchemicals.eu\/fi\/tuote\/tislattu-vetta\/","og_locale":"fi_FI","og_type":"article","og_title":"Tislattu vett\u00e4 - APKeemia","og_description":"TEKNISIIN TARKOITUKSIIN H\u00f6yrysilitysraudoille, akuille, ilmankostuttimille, autojen j\u00e4\u00e4hdyttimille ja muille tislattua [...]","og_url":"https:\/\/www.apchemicals.eu\/fi\/tuote\/tislattu-vetta\/","og_site_name":"APKeemia","og_image":[{"width":1000,"height":1000,"url":"https:\/\/www.apchemicals.eu\/wp-content\/uploads\/2024\/01\/Destvesi-5L-1-1.jpg","type":"image\/jpeg"}],"twitter_card":"summary_large_image","schema":{"@context":"https:\/\/schema.org","@graph":[{"@type":"WebPage","@id":"https:\/\/www.apchemicals.eu\/fi\/tuote\/tislattu-vetta\/","url":"https:\/\/www.apchemicals.eu\/fi\/tuote\/tislattu-vetta\/","name":"Tislattu vett\u00e4 - APKeemia","isPartOf":{"@id":"https:\/\/www.apchemicals.eu\/#website"},"primaryImageOfPage":{"@id":"https:\/\/www.apchemicals.eu\/fi\/tuote\/tislattu-vetta\/#primaryimage"},"image":{"@id":"https:\/\/www.apchemicals.eu\/fi\/tuote\/tislattu-vetta\/#primaryimage"},"thumbnailUrl":"https:\/\/www.apchemicals.eu\/wp-content\/uploads\/2024\/01\/Destvesi-5L-1-1.jpg","datePublished":"2024-01-19T12:26:47+00:00","breadcrumb":{"@id":"https:\/\/www.apchemicals.eu\/fi\/tuote\/tislattu-vetta\/#breadcrumb"},"inLanguage":"fi","potentialAction":[{"@type":"ReadAction","target":["https:\/\/www.apchemicals.eu\/fi\/tuote\/tislattu-vetta\/"]}]},{"@type":"ImageObject","inLanguage":"fi","@id":"https:\/\/www.apchemicals.eu\/fi\/tuote\/tislattu-vetta\/#primaryimage","url":"https:\/\/www.apchemicals.eu\/wp-content\/uploads\/2024\/01\/Destvesi-5L-1-1.jpg","contentUrl":"https:\/\/www.apchemicals.eu\/wp-content\/uploads\/2024\/01\/Destvesi-5L-1-1.jpg","width":1000,"height":1000},{"@type":"BreadcrumbList","@id":"https:\/\/www.apchemicals.eu\/fi\/tuote\/tislattu-vetta\/#breadcrumb","itemListElement":[{"@type":"ListItem","position":1,"name":"Home","item":"https:\/\/www.apchemicals.eu\/fi\/"},{"@type":"ListItem","position":2,"name":"Tuotteet","item":"https:\/\/www.apchemicals.eu\/fi\/shop\/"},{"@type":"ListItem","position":3,"name":"Tislattu vett\u00e4"}]},{"@type":"WebSite","@id":"https:\/\/www.apchemicals.eu\/#website","url":"https:\/\/www.apchemicals.eu\/","name":"APKeemia","description":"APKeemia","publisher":{"@id":"https:\/\/www.apchemicals.eu\/#organization"},"potentialAction":[{"@type":"SearchAction","target":{"@type":"EntryPoint","urlTemplate":"https:\/\/www.apchemicals.eu\/?s={search_term_string}"},"query-input":{"@type":"PropertyValueSpecification","valueRequired":true,"valueName":"search_term_string"}}],"inLanguage":"fi"},{"@type":"Organization","@id":"https:\/\/www.apchemicals.eu\/#organization","name":"APChemicals O\u00dc","url":"https:\/\/www.apchemicals.eu\/","logo":{"@type":"ImageObject","inLanguage":"fi","@id":"https:\/\/www.apchemicals.eu\/#\/schema\/logo\/image\/","url":"https:\/\/www.apchemicals.eu\/wp-content\/uploads\/2023\/03\/header_logo5.jpg","contentUrl":"https:\/\/www.apchemicals.eu\/wp-content\/uploads\/2023\/03\/header_logo5.jpg","width":180,"height":35,"caption":"APChemicals O\u00dc"},"image":{"@id":"https:\/\/www.apchemicals.eu\/#\/schema\/logo\/image\/"}}]}},"_links":{"self":[{"href":"https:\/\/www.apchemicals.eu\/fi\/wp-json\/wp\/v2\/product\/3214","targetHints":{"allow":["GET"]}}],"collection":[{"href":"https:\/\/www.apchemicals.eu\/fi\/wp-json\/wp\/v2\/product"}],"about":[{"href":"https:\/\/www.apchemicals.eu\/fi\/wp-json\/wp\/v2\/types\/product"}],"wp:featuredmedia":[{"embeddable":true,"href":"https:\/\/www.apchemicals.eu\/fi\/wp-json\/wp\/v2\/media\/2610"}],"wp:attachment":[{"href":"https:\/\/www.apchemicals.eu\/fi\/wp-json\/wp\/v2\/media?parent=3214"}],"wp:term":[{"taxonomy":"product_brand","embeddable":true,"href":"https:\/\/www.apchemicals.eu\/fi\/wp-json\/wp\/v2\/product_brand?post=3214"},{"taxonomy":"product_cat","embeddable":true,"href":"https:\/\/www.apchemicals.eu\/fi\/wp-json\/wp\/v2\/product_cat?post=3214"},{"taxonomy":"product_tag","embeddable":true,"href":"https:\/\/www.apchemicals.eu\/fi\/wp-json\/wp\/v2\/product_tag?post=3214"}],"curies":[{"name":"wp","href":"https:\/\/api.w.org\/{rel}","templated":true}]}}