{"id":3274,"date":"2024-01-19T15:54:21","date_gmt":"2024-01-19T13:54:21","guid":{"rendered":"http:\/\/www.apchemicals.eu\/toode\/etanolipohjanen-kasihuuhde-735\/"},"modified":"2024-01-19T15:54:21","modified_gmt":"2024-01-19T13:54:21","slug":"etanolipohjanen-kasihuuhde-735","status":"publish","type":"product","link":"https:\/\/www.apchemicals.eu\/fi\/tuote\/etanolipohjanen-kasihuuhde-735\/","title":{"rendered":"Etanolipohjanen k\u00e4sihuuhde 73,5%"},"content":{"rendered":"<p>Tuotteella on laaja bakterisidinen ja fungisidinen aktiivisuus, se voi tappaa gramnegatiivisia ja grampositiivisia bakteereja (mukaan lukien Mycobacterium terrae) ja viruksia (coronavirus, HBV, HIV, Rota, Adeno, HCV, MRSA, Herpes simplex). Ihoa hoitavat ainesosat silottavat ihoa ja palauttavat nopeasti ihon normaalin mikroflooran, kosteustasapainon ja suojaavat toiminnot.<\/p>\n<p><strong>K\u00e4ytt\u00f6:<\/strong> Hygieeniseen k\u00e4sien desinfiointiin: levit\u00e4 3 ml geeli\u00e4 aiemmin pestyihin ja kuivattuihin k\u00e4siin, hiero kunnes k\u00e4det ovat kuivat.<\/p>\n<p><strong>Sis\u00e4lt\u00e4\u00e4:<\/strong> etanolia 73,5 tilavuusprosenttia (vaikuttava aine), vetyperoksidia 0,125 tilavuusprosenttia (vaikuttava aine), ihonhoitokomponentteja.<\/p>\n<p><strong>Standardit:<\/strong> EN 1500, EN 12791, EN 14476.<\/p>\n<p>Biosidivalmisteen rekister\u00f6intitodistus nro 1890\/20.<\/p>\n<p><strong>S\u00e4ilyvyysaika:<\/strong> 3 vuotta valmistusp\u00e4iv\u00e4st\u00e4.<\/p>\n<p><strong>EAN <\/strong>4743042077970<\/p>\n<p><strong>UFI:<\/strong> PJP0-808C-3000-VA7A<\/p>\n<div data-pm-slice=\"1 1 []\" data-en-clipboard=\"true\"><a href=\"http:\/\/www.apchemicals.eu\/wp-content\/uploads\/2024\/02\/Kayttoturvallisuustiedote-Hand-sanitising-gel-Medical-735.pdf\" target=\"_blank\" rel=\"noopener\"><strong>K\u00e4ytt\u00f6turvallisuustiedote<\/strong><\/a><\/div>\n","protected":false},"excerpt":{"rendered":"<p>Tuotteella on laaja bakterisidinen ja fungisidinen aktiivisuus, se voi tappaa  [&#8230;]<\/p>\n","protected":false},"featured_media":2750,"template":"","meta":[],"product_brand":[],"product_cat":[83],"product_tag":[],"class_list":{"0":"post-3274","1":"product","2":"type-product","3":"status-publish","4":"has-post-thumbnail","6":"product_cat-klaasipesuvedelikud","8":"first","9":"instock","10":"shipping-taxable","11":"purchasable","12":"product-type-simple"},"yoast_head":"<!-- This site is optimized with the Yoast SEO plugin v26.4 - https:\/\/yoast.com\/wordpress\/plugins\/seo\/ -->\n<title>Etanolipohjanen k\u00e4sihuuhde 73,5% - APKeemia<\/title>\n<meta name=\"robots\" content=\"index, follow, max-snippet:-1, max-image-preview:large, max-video-preview:-1\" \/>\n<link rel=\"canonical\" href=\"https:\/\/www.apchemicals.eu\/fi\/tuote\/etanolipohjanen-kasihuuhde-735\/\" \/>\n<meta property=\"og:locale\" content=\"fi_FI\" \/>\n<meta property=\"og:type\" content=\"article\" \/>\n<meta property=\"og:title\" content=\"Etanolipohjanen k\u00e4sihuuhde 73,5% - APKeemia\" \/>\n<meta property=\"og:description\" content=\"Tuotteella on laaja bakterisidinen ja fungisidinen aktiivisuus, se voi tappaa [...]\" \/>\n<meta property=\"og:url\" content=\"https:\/\/www.apchemicals.eu\/fi\/tuote\/etanolipohjanen-kasihuuhde-735\/\" \/>\n<meta property=\"og:site_name\" content=\"APKeemia\" \/>\n<meta property=\"og:image\" content=\"https:\/\/www.apchemicals.eu\/wp-content\/uploads\/2024\/01\/Hand-sanitising-gel-735-05L.jpg\" \/>\n\t<meta property=\"og:image:width\" content=\"1000\" \/>\n\t<meta property=\"og:image:height\" content=\"1000\" \/>\n\t<meta property=\"og:image:type\" content=\"image\/jpeg\" \/>\n<meta name=\"twitter:card\" content=\"summary_large_image\" \/>\n<meta name=\"twitter:label1\" content=\"Arvioitu lukuaika\" \/>\n\t<meta name=\"twitter:data1\" content=\"1 minuutti\" \/>\n<script type=\"application\/ld+json\" class=\"yoast-schema-graph\">{\"@context\":\"https:\/\/schema.org\",\"@graph\":[{\"@type\":\"WebPage\",\"@id\":\"https:\/\/www.apchemicals.eu\/fi\/tuote\/etanolipohjanen-kasihuuhde-735\/\",\"url\":\"https:\/\/www.apchemicals.eu\/fi\/tuote\/etanolipohjanen-kasihuuhde-735\/\",\"name\":\"Etanolipohjanen k\u00e4sihuuhde 73,5% - APKeemia\",\"isPartOf\":{\"@id\":\"https:\/\/www.apchemicals.eu\/#website\"},\"primaryImageOfPage\":{\"@id\":\"https:\/\/www.apchemicals.eu\/fi\/tuote\/etanolipohjanen-kasihuuhde-735\/#primaryimage\"},\"image\":{\"@id\":\"https:\/\/www.apchemicals.eu\/fi\/tuote\/etanolipohjanen-kasihuuhde-735\/#primaryimage\"},\"thumbnailUrl\":\"https:\/\/www.apchemicals.eu\/wp-content\/uploads\/2024\/01\/Hand-sanitising-gel-735-05L.jpg\",\"datePublished\":\"2024-01-19T13:54:21+00:00\",\"breadcrumb\":{\"@id\":\"https:\/\/www.apchemicals.eu\/fi\/tuote\/etanolipohjanen-kasihuuhde-735\/#breadcrumb\"},\"inLanguage\":\"fi\",\"potentialAction\":[{\"@type\":\"ReadAction\",\"target\":[\"https:\/\/www.apchemicals.eu\/fi\/tuote\/etanolipohjanen-kasihuuhde-735\/\"]}]},{\"@type\":\"ImageObject\",\"inLanguage\":\"fi\",\"@id\":\"https:\/\/www.apchemicals.eu\/fi\/tuote\/etanolipohjanen-kasihuuhde-735\/#primaryimage\",\"url\":\"https:\/\/www.apchemicals.eu\/wp-content\/uploads\/2024\/01\/Hand-sanitising-gel-735-05L.jpg\",\"contentUrl\":\"https:\/\/www.apchemicals.eu\/wp-content\/uploads\/2024\/01\/Hand-sanitising-gel-735-05L.jpg\",\"width\":1000,\"height\":1000},{\"@type\":\"BreadcrumbList\",\"@id\":\"https:\/\/www.apchemicals.eu\/fi\/tuote\/etanolipohjanen-kasihuuhde-735\/#breadcrumb\",\"itemListElement\":[{\"@type\":\"ListItem\",\"position\":1,\"name\":\"Home\",\"item\":\"https:\/\/www.apchemicals.eu\/fi\/\"},{\"@type\":\"ListItem\",\"position\":2,\"name\":\"Tuotteet\",\"item\":\"https:\/\/www.apchemicals.eu\/fi\/shop\/\"},{\"@type\":\"ListItem\",\"position\":3,\"name\":\"Etanolipohjanen k\u00e4sihuuhde 73,5%\"}]},{\"@type\":\"WebSite\",\"@id\":\"https:\/\/www.apchemicals.eu\/#website\",\"url\":\"https:\/\/www.apchemicals.eu\/\",\"name\":\"APKeemia\",\"description\":\"APKeemia\",\"publisher\":{\"@id\":\"https:\/\/www.apchemicals.eu\/#organization\"},\"potentialAction\":[{\"@type\":\"SearchAction\",\"target\":{\"@type\":\"EntryPoint\",\"urlTemplate\":\"https:\/\/www.apchemicals.eu\/?s={search_term_string}\"},\"query-input\":{\"@type\":\"PropertyValueSpecification\",\"valueRequired\":true,\"valueName\":\"search_term_string\"}}],\"inLanguage\":\"fi\"},{\"@type\":\"Organization\",\"@id\":\"https:\/\/www.apchemicals.eu\/#organization\",\"name\":\"APChemicals O\u00dc\",\"url\":\"https:\/\/www.apchemicals.eu\/\",\"logo\":{\"@type\":\"ImageObject\",\"inLanguage\":\"fi\",\"@id\":\"https:\/\/www.apchemicals.eu\/#\/schema\/logo\/image\/\",\"url\":\"https:\/\/www.apchemicals.eu\/wp-content\/uploads\/2023\/03\/header_logo5.jpg\",\"contentUrl\":\"https:\/\/www.apchemicals.eu\/wp-content\/uploads\/2023\/03\/header_logo5.jpg\",\"width\":180,\"height\":35,\"caption\":\"APChemicals O\u00dc\"},\"image\":{\"@id\":\"https:\/\/www.apchemicals.eu\/#\/schema\/logo\/image\/\"}}]}<\/script>\n<!-- \/ Yoast SEO plugin. -->","yoast_head_json":{"title":"Etanolipohjanen k\u00e4sihuuhde 73,5% - APKeemia","robots":{"index":"index","follow":"follow","max-snippet":"max-snippet:-1","max-image-preview":"max-image-preview:large","max-video-preview":"max-video-preview:-1"},"canonical":"https:\/\/www.apchemicals.eu\/fi\/tuote\/etanolipohjanen-kasihuuhde-735\/","og_locale":"fi_FI","og_type":"article","og_title":"Etanolipohjanen k\u00e4sihuuhde 73,5% - APKeemia","og_description":"Tuotteella on laaja bakterisidinen ja fungisidinen aktiivisuus, se voi tappaa [...]","og_url":"https:\/\/www.apchemicals.eu\/fi\/tuote\/etanolipohjanen-kasihuuhde-735\/","og_site_name":"APKeemia","og_image":[{"width":1000,"height":1000,"url":"https:\/\/www.apchemicals.eu\/wp-content\/uploads\/2024\/01\/Hand-sanitising-gel-735-05L.jpg","type":"image\/jpeg"}],"twitter_card":"summary_large_image","twitter_misc":{"Arvioitu lukuaika":"1 minuutti"},"schema":{"@context":"https:\/\/schema.org","@graph":[{"@type":"WebPage","@id":"https:\/\/www.apchemicals.eu\/fi\/tuote\/etanolipohjanen-kasihuuhde-735\/","url":"https:\/\/www.apchemicals.eu\/fi\/tuote\/etanolipohjanen-kasihuuhde-735\/","name":"Etanolipohjanen k\u00e4sihuuhde 73,5% - APKeemia","isPartOf":{"@id":"https:\/\/www.apchemicals.eu\/#website"},"primaryImageOfPage":{"@id":"https:\/\/www.apchemicals.eu\/fi\/tuote\/etanolipohjanen-kasihuuhde-735\/#primaryimage"},"image":{"@id":"https:\/\/www.apchemicals.eu\/fi\/tuote\/etanolipohjanen-kasihuuhde-735\/#primaryimage"},"thumbnailUrl":"https:\/\/www.apchemicals.eu\/wp-content\/uploads\/2024\/01\/Hand-sanitising-gel-735-05L.jpg","datePublished":"2024-01-19T13:54:21+00:00","breadcrumb":{"@id":"https:\/\/www.apchemicals.eu\/fi\/tuote\/etanolipohjanen-kasihuuhde-735\/#breadcrumb"},"inLanguage":"fi","potentialAction":[{"@type":"ReadAction","target":["https:\/\/www.apchemicals.eu\/fi\/tuote\/etanolipohjanen-kasihuuhde-735\/"]}]},{"@type":"ImageObject","inLanguage":"fi","@id":"https:\/\/www.apchemicals.eu\/fi\/tuote\/etanolipohjanen-kasihuuhde-735\/#primaryimage","url":"https:\/\/www.apchemicals.eu\/wp-content\/uploads\/2024\/01\/Hand-sanitising-gel-735-05L.jpg","contentUrl":"https:\/\/www.apchemicals.eu\/wp-content\/uploads\/2024\/01\/Hand-sanitising-gel-735-05L.jpg","width":1000,"height":1000},{"@type":"BreadcrumbList","@id":"https:\/\/www.apchemicals.eu\/fi\/tuote\/etanolipohjanen-kasihuuhde-735\/#breadcrumb","itemListElement":[{"@type":"ListItem","position":1,"name":"Home","item":"https:\/\/www.apchemicals.eu\/fi\/"},{"@type":"ListItem","position":2,"name":"Tuotteet","item":"https:\/\/www.apchemicals.eu\/fi\/shop\/"},{"@type":"ListItem","position":3,"name":"Etanolipohjanen k\u00e4sihuuhde 73,5%"}]},{"@type":"WebSite","@id":"https:\/\/www.apchemicals.eu\/#website","url":"https:\/\/www.apchemicals.eu\/","name":"APKeemia","description":"APKeemia","publisher":{"@id":"https:\/\/www.apchemicals.eu\/#organization"},"potentialAction":[{"@type":"SearchAction","target":{"@type":"EntryPoint","urlTemplate":"https:\/\/www.apchemicals.eu\/?s={search_term_string}"},"query-input":{"@type":"PropertyValueSpecification","valueRequired":true,"valueName":"search_term_string"}}],"inLanguage":"fi"},{"@type":"Organization","@id":"https:\/\/www.apchemicals.eu\/#organization","name":"APChemicals O\u00dc","url":"https:\/\/www.apchemicals.eu\/","logo":{"@type":"ImageObject","inLanguage":"fi","@id":"https:\/\/www.apchemicals.eu\/#\/schema\/logo\/image\/","url":"https:\/\/www.apchemicals.eu\/wp-content\/uploads\/2023\/03\/header_logo5.jpg","contentUrl":"https:\/\/www.apchemicals.eu\/wp-content\/uploads\/2023\/03\/header_logo5.jpg","width":180,"height":35,"caption":"APChemicals O\u00dc"},"image":{"@id":"https:\/\/www.apchemicals.eu\/#\/schema\/logo\/image\/"}}]}},"_links":{"self":[{"href":"https:\/\/www.apchemicals.eu\/fi\/wp-json\/wp\/v2\/product\/3274","targetHints":{"allow":["GET"]}}],"collection":[{"href":"https:\/\/www.apchemicals.eu\/fi\/wp-json\/wp\/v2\/product"}],"about":[{"href":"https:\/\/www.apchemicals.eu\/fi\/wp-json\/wp\/v2\/types\/product"}],"wp:featuredmedia":[{"embeddable":true,"href":"https:\/\/www.apchemicals.eu\/fi\/wp-json\/wp\/v2\/media\/2750"}],"wp:attachment":[{"href":"https:\/\/www.apchemicals.eu\/fi\/wp-json\/wp\/v2\/media?parent=3274"}],"wp:term":[{"taxonomy":"product_brand","embeddable":true,"href":"https:\/\/www.apchemicals.eu\/fi\/wp-json\/wp\/v2\/product_brand?post=3274"},{"taxonomy":"product_cat","embeddable":true,"href":"https:\/\/www.apchemicals.eu\/fi\/wp-json\/wp\/v2\/product_cat?post=3274"},{"taxonomy":"product_tag","embeddable":true,"href":"https:\/\/www.apchemicals.eu\/fi\/wp-json\/wp\/v2\/product_tag?post=3274"}],"curies":[{"name":"wp","href":"https:\/\/api.w.org\/{rel}","templated":true}]}}