{"id":3280,"date":"2024-01-19T15:56:14","date_gmt":"2024-01-19T13:56:14","guid":{"rendered":"http:\/\/www.apchemicals.eu\/toode\/propyleeniglykoli-peg-ja-sen-vesiliuos\/"},"modified":"2024-03-26T16:23:25","modified_gmt":"2024-03-26T14:23:25","slug":"propyleeniglykoli-peg-ja-sen-vesiliuos","status":"publish","type":"product","link":"https:\/\/www.apchemicals.eu\/fi\/tuote\/propyleeniglykoli-peg-ja-sen-vesiliuos\/","title":{"rendered":"Propyleeniglykoli (PG) ja sen vesiliuos"},"content":{"rendered":"<p><strong>PROP\u00dcLEENGL\u00dcKOOL JA TEMA VESILAHUSED<\/strong><\/p>\n<p><strong>Kasutatakse <\/strong>erinevates k\u00fctte- ja jahutuss\u00fcsteemides- kliimaseadmetes, hoonete k\u00fctte- ja ventilatsioonis\u00fcsteemides, hoidlate jahutusagregaatides, p\u00e4ikesepaneelides, soojuspumpades, samuti erinevates mootorites, kombisoojusenergiajaamades jne.<\/p>\n<p>Sobib v\u00e4ga h\u00e4sti toiduainet\u00f6\u00f6stuses kasutamiseks, kuna on ohutu toiduainetega kokkupuutel.<\/p>\n<p>Vahetusv\u00e4lp s\u00f5ltub seadmete erip\u00e4radest.<\/p>\n<p>K\u00fclmakindlus 50% prop\u00fcleengl\u00fckooli vesilahuse puhul on -34\u00b0C<\/p>\n<p>Rohkema informatsiooni saamiseks palun saata e-mail <a href=\"mailto:info@apkeemia.ee\" target=\"_blank\" rel=\"noopener\">info@apkeemia.ee<\/a><\/p>\n<p>Lis\u00e4tietoja saat l\u00e4hett\u00e4m\u00e4ll\u00e4 s\u00e4hk\u00f6postia osoitteeseen <a href=\"mailto:info@apkeemia.ee\">info@apkeemia.ee<\/a><\/p>\n","protected":false},"excerpt":{"rendered":"<p>PROP\u00dcLEENGL\u00dcKOOL JA TEMA VESILAHUSED Kasutatakse erinevates k\u00fctte- ja jahutuss\u00fcsteemides- kliimaseadmetes,  [&#8230;]<\/p>\n","protected":false},"featured_media":0,"template":"","meta":[],"product_brand":[],"product_cat":[132],"product_tag":[],"class_list":{"0":"post-3280","1":"product","2":"type-product","3":"status-publish","5":"product_cat-lammitys-ja-jaahdytysjarjestelman-nesteet","7":"first","8":"instock","9":"shipping-taxable","10":"product-type-simple"},"yoast_head":"<!-- This site is optimized with the Yoast SEO plugin v26.4 - https:\/\/yoast.com\/wordpress\/plugins\/seo\/ -->\n<title>Propyleeniglykoli (PG) ja sen vesiliuos - APKeemia<\/title>\n<meta name=\"robots\" content=\"index, follow, max-snippet:-1, max-image-preview:large, max-video-preview:-1\" \/>\n<link rel=\"canonical\" href=\"https:\/\/www.apchemicals.eu\/fi\/tuote\/propyleeniglykoli-peg-ja-sen-vesiliuos\/\" \/>\n<meta property=\"og:locale\" content=\"fi_FI\" \/>\n<meta property=\"og:type\" content=\"article\" \/>\n<meta property=\"og:title\" content=\"Propyleeniglykoli (PG) ja sen vesiliuos - APKeemia\" \/>\n<meta property=\"og:description\" content=\"PROP\u00dcLEENGL\u00dcKOOL JA TEMA VESILAHUSED Kasutatakse erinevates k\u00fctte- ja jahutuss\u00fcsteemides- kliimaseadmetes, [...]\" \/>\n<meta property=\"og:url\" content=\"https:\/\/www.apchemicals.eu\/fi\/tuote\/propyleeniglykoli-peg-ja-sen-vesiliuos\/\" \/>\n<meta property=\"og:site_name\" content=\"APKeemia\" \/>\n<meta property=\"article:modified_time\" content=\"2024-03-26T14:23:25+00:00\" \/>\n<meta name=\"twitter:card\" content=\"summary_large_image\" \/>\n<script type=\"application\/ld+json\" class=\"yoast-schema-graph\">{\"@context\":\"https:\/\/schema.org\",\"@graph\":[{\"@type\":\"WebPage\",\"@id\":\"https:\/\/www.apchemicals.eu\/fi\/tuote\/propyleeniglykoli-peg-ja-sen-vesiliuos\/\",\"url\":\"https:\/\/www.apchemicals.eu\/fi\/tuote\/propyleeniglykoli-peg-ja-sen-vesiliuos\/\",\"name\":\"Propyleeniglykoli (PG) ja sen vesiliuos - APKeemia\",\"isPartOf\":{\"@id\":\"https:\/\/www.apchemicals.eu\/#website\"},\"datePublished\":\"2024-01-19T13:56:14+00:00\",\"dateModified\":\"2024-03-26T14:23:25+00:00\",\"breadcrumb\":{\"@id\":\"https:\/\/www.apchemicals.eu\/fi\/tuote\/propyleeniglykoli-peg-ja-sen-vesiliuos\/#breadcrumb\"},\"inLanguage\":\"fi\",\"potentialAction\":[{\"@type\":\"ReadAction\",\"target\":[\"https:\/\/www.apchemicals.eu\/fi\/tuote\/propyleeniglykoli-peg-ja-sen-vesiliuos\/\"]}]},{\"@type\":\"BreadcrumbList\",\"@id\":\"https:\/\/www.apchemicals.eu\/fi\/tuote\/propyleeniglykoli-peg-ja-sen-vesiliuos\/#breadcrumb\",\"itemListElement\":[{\"@type\":\"ListItem\",\"position\":1,\"name\":\"Home\",\"item\":\"https:\/\/www.apchemicals.eu\/fi\/\"},{\"@type\":\"ListItem\",\"position\":2,\"name\":\"Tuotteet\",\"item\":\"https:\/\/www.apchemicals.eu\/fi\/shop\/\"},{\"@type\":\"ListItem\",\"position\":3,\"name\":\"Propyleeniglykoli (PG) ja sen vesiliuos\"}]},{\"@type\":\"WebSite\",\"@id\":\"https:\/\/www.apchemicals.eu\/#website\",\"url\":\"https:\/\/www.apchemicals.eu\/\",\"name\":\"APKeemia\",\"description\":\"APKeemia\",\"publisher\":{\"@id\":\"https:\/\/www.apchemicals.eu\/#organization\"},\"potentialAction\":[{\"@type\":\"SearchAction\",\"target\":{\"@type\":\"EntryPoint\",\"urlTemplate\":\"https:\/\/www.apchemicals.eu\/?s={search_term_string}\"},\"query-input\":{\"@type\":\"PropertyValueSpecification\",\"valueRequired\":true,\"valueName\":\"search_term_string\"}}],\"inLanguage\":\"fi\"},{\"@type\":\"Organization\",\"@id\":\"https:\/\/www.apchemicals.eu\/#organization\",\"name\":\"APChemicals O\u00dc\",\"url\":\"https:\/\/www.apchemicals.eu\/\",\"logo\":{\"@type\":\"ImageObject\",\"inLanguage\":\"fi\",\"@id\":\"https:\/\/www.apchemicals.eu\/#\/schema\/logo\/image\/\",\"url\":\"https:\/\/www.apchemicals.eu\/wp-content\/uploads\/2023\/03\/header_logo5.jpg\",\"contentUrl\":\"https:\/\/www.apchemicals.eu\/wp-content\/uploads\/2023\/03\/header_logo5.jpg\",\"width\":180,\"height\":35,\"caption\":\"APChemicals O\u00dc\"},\"image\":{\"@id\":\"https:\/\/www.apchemicals.eu\/#\/schema\/logo\/image\/\"}}]}<\/script>\n<!-- \/ Yoast SEO plugin. -->","yoast_head_json":{"title":"Propyleeniglykoli (PG) ja sen vesiliuos - APKeemia","robots":{"index":"index","follow":"follow","max-snippet":"max-snippet:-1","max-image-preview":"max-image-preview:large","max-video-preview":"max-video-preview:-1"},"canonical":"https:\/\/www.apchemicals.eu\/fi\/tuote\/propyleeniglykoli-peg-ja-sen-vesiliuos\/","og_locale":"fi_FI","og_type":"article","og_title":"Propyleeniglykoli (PG) ja sen vesiliuos - APKeemia","og_description":"PROP\u00dcLEENGL\u00dcKOOL JA TEMA VESILAHUSED Kasutatakse erinevates k\u00fctte- ja jahutuss\u00fcsteemides- kliimaseadmetes, [...]","og_url":"https:\/\/www.apchemicals.eu\/fi\/tuote\/propyleeniglykoli-peg-ja-sen-vesiliuos\/","og_site_name":"APKeemia","article_modified_time":"2024-03-26T14:23:25+00:00","twitter_card":"summary_large_image","schema":{"@context":"https:\/\/schema.org","@graph":[{"@type":"WebPage","@id":"https:\/\/www.apchemicals.eu\/fi\/tuote\/propyleeniglykoli-peg-ja-sen-vesiliuos\/","url":"https:\/\/www.apchemicals.eu\/fi\/tuote\/propyleeniglykoli-peg-ja-sen-vesiliuos\/","name":"Propyleeniglykoli (PG) ja sen vesiliuos - APKeemia","isPartOf":{"@id":"https:\/\/www.apchemicals.eu\/#website"},"datePublished":"2024-01-19T13:56:14+00:00","dateModified":"2024-03-26T14:23:25+00:00","breadcrumb":{"@id":"https:\/\/www.apchemicals.eu\/fi\/tuote\/propyleeniglykoli-peg-ja-sen-vesiliuos\/#breadcrumb"},"inLanguage":"fi","potentialAction":[{"@type":"ReadAction","target":["https:\/\/www.apchemicals.eu\/fi\/tuote\/propyleeniglykoli-peg-ja-sen-vesiliuos\/"]}]},{"@type":"BreadcrumbList","@id":"https:\/\/www.apchemicals.eu\/fi\/tuote\/propyleeniglykoli-peg-ja-sen-vesiliuos\/#breadcrumb","itemListElement":[{"@type":"ListItem","position":1,"name":"Home","item":"https:\/\/www.apchemicals.eu\/fi\/"},{"@type":"ListItem","position":2,"name":"Tuotteet","item":"https:\/\/www.apchemicals.eu\/fi\/shop\/"},{"@type":"ListItem","position":3,"name":"Propyleeniglykoli (PG) ja sen vesiliuos"}]},{"@type":"WebSite","@id":"https:\/\/www.apchemicals.eu\/#website","url":"https:\/\/www.apchemicals.eu\/","name":"APKeemia","description":"APKeemia","publisher":{"@id":"https:\/\/www.apchemicals.eu\/#organization"},"potentialAction":[{"@type":"SearchAction","target":{"@type":"EntryPoint","urlTemplate":"https:\/\/www.apchemicals.eu\/?s={search_term_string}"},"query-input":{"@type":"PropertyValueSpecification","valueRequired":true,"valueName":"search_term_string"}}],"inLanguage":"fi"},{"@type":"Organization","@id":"https:\/\/www.apchemicals.eu\/#organization","name":"APChemicals O\u00dc","url":"https:\/\/www.apchemicals.eu\/","logo":{"@type":"ImageObject","inLanguage":"fi","@id":"https:\/\/www.apchemicals.eu\/#\/schema\/logo\/image\/","url":"https:\/\/www.apchemicals.eu\/wp-content\/uploads\/2023\/03\/header_logo5.jpg","contentUrl":"https:\/\/www.apchemicals.eu\/wp-content\/uploads\/2023\/03\/header_logo5.jpg","width":180,"height":35,"caption":"APChemicals O\u00dc"},"image":{"@id":"https:\/\/www.apchemicals.eu\/#\/schema\/logo\/image\/"}}]}},"_links":{"self":[{"href":"https:\/\/www.apchemicals.eu\/fi\/wp-json\/wp\/v2\/product\/3280","targetHints":{"allow":["GET"]}}],"collection":[{"href":"https:\/\/www.apchemicals.eu\/fi\/wp-json\/wp\/v2\/product"}],"about":[{"href":"https:\/\/www.apchemicals.eu\/fi\/wp-json\/wp\/v2\/types\/product"}],"wp:attachment":[{"href":"https:\/\/www.apchemicals.eu\/fi\/wp-json\/wp\/v2\/media?parent=3280"}],"wp:term":[{"taxonomy":"product_brand","embeddable":true,"href":"https:\/\/www.apchemicals.eu\/fi\/wp-json\/wp\/v2\/product_brand?post=3280"},{"taxonomy":"product_cat","embeddable":true,"href":"https:\/\/www.apchemicals.eu\/fi\/wp-json\/wp\/v2\/product_cat?post=3280"},{"taxonomy":"product_tag","embeddable":true,"href":"https:\/\/www.apchemicals.eu\/fi\/wp-json\/wp\/v2\/product_tag?post=3280"}],"curies":[{"name":"wp","href":"https:\/\/api.w.org\/{rel}","templated":true}]}}