{"id":3282,"date":"2024-01-19T15:57:00","date_gmt":"2024-01-19T13:57:00","guid":{"rendered":"http:\/\/www.apchemicals.eu\/toode\/denaturoitu-etanoli-ja-sen-vesiliuokset\/"},"modified":"2024-01-19T15:57:00","modified_gmt":"2024-01-19T13:57:00","slug":"denaturoitu-etanoli-ja-sen-vesiliuokset","status":"publish","type":"product","link":"https:\/\/www.apchemicals.eu\/fi\/tuote\/denaturoitu-etanoli-ja-sen-vesiliuokset\/","title":{"rendered":"Denaturoitu etanoli ja sen vesiliuokset"},"content":{"rendered":"<p><strong>DENATUREERITUD ETANOOL JA TEMA VESILAHUSED<\/strong><\/p>\n<p><strong>Kasutatakse <\/strong>erinevates k\u00fctte- ja jahutuss\u00fcsteemides- kliimaseadmetes, hoonete k\u00fctte- ja ventilatsioonis\u00fcsteemides, hoidlate jahutusagregaatides, p\u00e4ikesepaneelides, soojuspumpades, samuti erinevates mootorites, kombisoojusenergiajaamades jne kus on lubatud alkoholi baasil vedelike kasutamine.<\/p>\n<p>Vahetusv\u00e4lp s\u00f5ltub seadmete erip\u00e4radest.<\/p>\n<p>K\u00fclmakindlus 50% denatureeritud etanooli vesilahuse puhul on -32\u00b0C.<\/p>\n<p>Lis\u00e4tietoja saat l\u00e4hett\u00e4m\u00e4ll\u00e4 s\u00e4hk\u00f6postia osoitteeseen <a href=\"mailto:info@apkeemia.ee\">info@apkeemia.ee<\/a><\/p>\n","protected":false},"excerpt":{"rendered":"<p>DENATUREERITUD ETANOOL JA TEMA VESILAHUSED Kasutatakse erinevates k\u00fctte- ja jahutuss\u00fcsteemides-  [&#8230;]<\/p>\n","protected":false},"featured_media":2734,"template":"","meta":[],"product_brand":[],"product_cat":[132],"product_tag":[],"class_list":{"0":"post-3282","1":"product","2":"type-product","3":"status-publish","4":"has-post-thumbnail","6":"product_cat-lammitys-ja-jaahdytysjarjestelman-nesteet","8":"first","9":"instock","10":"shipping-taxable","11":"product-type-simple"},"yoast_head":"<!-- This site is optimized with the Yoast SEO plugin v26.4 - https:\/\/yoast.com\/wordpress\/plugins\/seo\/ -->\n<title>Denaturoitu etanoli ja sen vesiliuokset - APKeemia<\/title>\n<meta name=\"robots\" content=\"index, follow, max-snippet:-1, max-image-preview:large, max-video-preview:-1\" \/>\n<link rel=\"canonical\" href=\"https:\/\/www.apchemicals.eu\/fi\/tuote\/denaturoitu-etanoli-ja-sen-vesiliuokset\/\" \/>\n<meta property=\"og:locale\" content=\"fi_FI\" \/>\n<meta property=\"og:type\" content=\"article\" \/>\n<meta property=\"og:title\" content=\"Denaturoitu etanoli ja sen vesiliuokset - APKeemia\" \/>\n<meta property=\"og:description\" content=\"DENATUREERITUD ETANOOL JA TEMA VESILAHUSED Kasutatakse erinevates k\u00fctte- ja jahutuss\u00fcsteemides- [...]\" \/>\n<meta property=\"og:url\" content=\"https:\/\/www.apchemicals.eu\/fi\/tuote\/denaturoitu-etanoli-ja-sen-vesiliuokset\/\" \/>\n<meta property=\"og:site_name\" content=\"APKeemia\" \/>\n<meta name=\"twitter:card\" content=\"summary_large_image\" \/>\n<script type=\"application\/ld+json\" class=\"yoast-schema-graph\">{\"@context\":\"https:\/\/schema.org\",\"@graph\":[{\"@type\":\"WebPage\",\"@id\":\"https:\/\/www.apchemicals.eu\/fi\/tuote\/denaturoitu-etanoli-ja-sen-vesiliuokset\/\",\"url\":\"https:\/\/www.apchemicals.eu\/fi\/tuote\/denaturoitu-etanoli-ja-sen-vesiliuokset\/\",\"name\":\"Denaturoitu etanoli ja sen vesiliuokset - APKeemia\",\"isPartOf\":{\"@id\":\"https:\/\/www.apchemicals.eu\/#website\"},\"primaryImageOfPage\":{\"@id\":\"https:\/\/www.apchemicals.eu\/fi\/tuote\/denaturoitu-etanoli-ja-sen-vesiliuokset\/#primaryimage\"},\"image\":{\"@id\":\"https:\/\/www.apchemicals.eu\/fi\/tuote\/denaturoitu-etanoli-ja-sen-vesiliuokset\/#primaryimage\"},\"thumbnailUrl\":\"https:\/\/www.apchemicals.eu\/wp-content\/uploads\/2024\/01\/Denatureeritud-piiritus-1L.jpg\",\"datePublished\":\"2024-01-19T13:57:00+00:00\",\"breadcrumb\":{\"@id\":\"https:\/\/www.apchemicals.eu\/fi\/tuote\/denaturoitu-etanoli-ja-sen-vesiliuokset\/#breadcrumb\"},\"inLanguage\":\"fi\",\"potentialAction\":[{\"@type\":\"ReadAction\",\"target\":[\"https:\/\/www.apchemicals.eu\/fi\/tuote\/denaturoitu-etanoli-ja-sen-vesiliuokset\/\"]}]},{\"@type\":\"ImageObject\",\"inLanguage\":\"fi\",\"@id\":\"https:\/\/www.apchemicals.eu\/fi\/tuote\/denaturoitu-etanoli-ja-sen-vesiliuokset\/#primaryimage\",\"url\":\"https:\/\/www.apchemicals.eu\/wp-content\/uploads\/2024\/01\/Denatureeritud-piiritus-1L.jpg\",\"contentUrl\":\"https:\/\/www.apchemicals.eu\/wp-content\/uploads\/2024\/01\/Denatureeritud-piiritus-1L.jpg\",\"width\":1000,\"height\":1000},{\"@type\":\"BreadcrumbList\",\"@id\":\"https:\/\/www.apchemicals.eu\/fi\/tuote\/denaturoitu-etanoli-ja-sen-vesiliuokset\/#breadcrumb\",\"itemListElement\":[{\"@type\":\"ListItem\",\"position\":1,\"name\":\"Home\",\"item\":\"https:\/\/www.apchemicals.eu\/fi\/\"},{\"@type\":\"ListItem\",\"position\":2,\"name\":\"Tuotteet\",\"item\":\"https:\/\/www.apchemicals.eu\/fi\/shop\/\"},{\"@type\":\"ListItem\",\"position\":3,\"name\":\"Denaturoitu etanoli ja sen vesiliuokset\"}]},{\"@type\":\"WebSite\",\"@id\":\"https:\/\/www.apchemicals.eu\/#website\",\"url\":\"https:\/\/www.apchemicals.eu\/\",\"name\":\"APKeemia\",\"description\":\"APKeemia\",\"publisher\":{\"@id\":\"https:\/\/www.apchemicals.eu\/#organization\"},\"potentialAction\":[{\"@type\":\"SearchAction\",\"target\":{\"@type\":\"EntryPoint\",\"urlTemplate\":\"https:\/\/www.apchemicals.eu\/?s={search_term_string}\"},\"query-input\":{\"@type\":\"PropertyValueSpecification\",\"valueRequired\":true,\"valueName\":\"search_term_string\"}}],\"inLanguage\":\"fi\"},{\"@type\":\"Organization\",\"@id\":\"https:\/\/www.apchemicals.eu\/#organization\",\"name\":\"APChemicals O\u00dc\",\"url\":\"https:\/\/www.apchemicals.eu\/\",\"logo\":{\"@type\":\"ImageObject\",\"inLanguage\":\"fi\",\"@id\":\"https:\/\/www.apchemicals.eu\/#\/schema\/logo\/image\/\",\"url\":\"https:\/\/www.apchemicals.eu\/wp-content\/uploads\/2023\/03\/header_logo5.jpg\",\"contentUrl\":\"https:\/\/www.apchemicals.eu\/wp-content\/uploads\/2023\/03\/header_logo5.jpg\",\"width\":180,\"height\":35,\"caption\":\"APChemicals O\u00dc\"},\"image\":{\"@id\":\"https:\/\/www.apchemicals.eu\/#\/schema\/logo\/image\/\"}}]}<\/script>\n<!-- \/ Yoast SEO plugin. -->","yoast_head_json":{"title":"Denaturoitu etanoli ja sen vesiliuokset - APKeemia","robots":{"index":"index","follow":"follow","max-snippet":"max-snippet:-1","max-image-preview":"max-image-preview:large","max-video-preview":"max-video-preview:-1"},"canonical":"https:\/\/www.apchemicals.eu\/fi\/tuote\/denaturoitu-etanoli-ja-sen-vesiliuokset\/","og_locale":"fi_FI","og_type":"article","og_title":"Denaturoitu etanoli ja sen vesiliuokset - APKeemia","og_description":"DENATUREERITUD ETANOOL JA TEMA VESILAHUSED Kasutatakse erinevates k\u00fctte- ja jahutuss\u00fcsteemides- [...]","og_url":"https:\/\/www.apchemicals.eu\/fi\/tuote\/denaturoitu-etanoli-ja-sen-vesiliuokset\/","og_site_name":"APKeemia","twitter_card":"summary_large_image","schema":{"@context":"https:\/\/schema.org","@graph":[{"@type":"WebPage","@id":"https:\/\/www.apchemicals.eu\/fi\/tuote\/denaturoitu-etanoli-ja-sen-vesiliuokset\/","url":"https:\/\/www.apchemicals.eu\/fi\/tuote\/denaturoitu-etanoli-ja-sen-vesiliuokset\/","name":"Denaturoitu etanoli ja sen vesiliuokset - APKeemia","isPartOf":{"@id":"https:\/\/www.apchemicals.eu\/#website"},"primaryImageOfPage":{"@id":"https:\/\/www.apchemicals.eu\/fi\/tuote\/denaturoitu-etanoli-ja-sen-vesiliuokset\/#primaryimage"},"image":{"@id":"https:\/\/www.apchemicals.eu\/fi\/tuote\/denaturoitu-etanoli-ja-sen-vesiliuokset\/#primaryimage"},"thumbnailUrl":"https:\/\/www.apchemicals.eu\/wp-content\/uploads\/2024\/01\/Denatureeritud-piiritus-1L.jpg","datePublished":"2024-01-19T13:57:00+00:00","breadcrumb":{"@id":"https:\/\/www.apchemicals.eu\/fi\/tuote\/denaturoitu-etanoli-ja-sen-vesiliuokset\/#breadcrumb"},"inLanguage":"fi","potentialAction":[{"@type":"ReadAction","target":["https:\/\/www.apchemicals.eu\/fi\/tuote\/denaturoitu-etanoli-ja-sen-vesiliuokset\/"]}]},{"@type":"ImageObject","inLanguage":"fi","@id":"https:\/\/www.apchemicals.eu\/fi\/tuote\/denaturoitu-etanoli-ja-sen-vesiliuokset\/#primaryimage","url":"https:\/\/www.apchemicals.eu\/wp-content\/uploads\/2024\/01\/Denatureeritud-piiritus-1L.jpg","contentUrl":"https:\/\/www.apchemicals.eu\/wp-content\/uploads\/2024\/01\/Denatureeritud-piiritus-1L.jpg","width":1000,"height":1000},{"@type":"BreadcrumbList","@id":"https:\/\/www.apchemicals.eu\/fi\/tuote\/denaturoitu-etanoli-ja-sen-vesiliuokset\/#breadcrumb","itemListElement":[{"@type":"ListItem","position":1,"name":"Home","item":"https:\/\/www.apchemicals.eu\/fi\/"},{"@type":"ListItem","position":2,"name":"Tuotteet","item":"https:\/\/www.apchemicals.eu\/fi\/shop\/"},{"@type":"ListItem","position":3,"name":"Denaturoitu etanoli ja sen vesiliuokset"}]},{"@type":"WebSite","@id":"https:\/\/www.apchemicals.eu\/#website","url":"https:\/\/www.apchemicals.eu\/","name":"APKeemia","description":"APKeemia","publisher":{"@id":"https:\/\/www.apchemicals.eu\/#organization"},"potentialAction":[{"@type":"SearchAction","target":{"@type":"EntryPoint","urlTemplate":"https:\/\/www.apchemicals.eu\/?s={search_term_string}"},"query-input":{"@type":"PropertyValueSpecification","valueRequired":true,"valueName":"search_term_string"}}],"inLanguage":"fi"},{"@type":"Organization","@id":"https:\/\/www.apchemicals.eu\/#organization","name":"APChemicals O\u00dc","url":"https:\/\/www.apchemicals.eu\/","logo":{"@type":"ImageObject","inLanguage":"fi","@id":"https:\/\/www.apchemicals.eu\/#\/schema\/logo\/image\/","url":"https:\/\/www.apchemicals.eu\/wp-content\/uploads\/2023\/03\/header_logo5.jpg","contentUrl":"https:\/\/www.apchemicals.eu\/wp-content\/uploads\/2023\/03\/header_logo5.jpg","width":180,"height":35,"caption":"APChemicals O\u00dc"},"image":{"@id":"https:\/\/www.apchemicals.eu\/#\/schema\/logo\/image\/"}}]}},"_links":{"self":[{"href":"https:\/\/www.apchemicals.eu\/fi\/wp-json\/wp\/v2\/product\/3282","targetHints":{"allow":["GET"]}}],"collection":[{"href":"https:\/\/www.apchemicals.eu\/fi\/wp-json\/wp\/v2\/product"}],"about":[{"href":"https:\/\/www.apchemicals.eu\/fi\/wp-json\/wp\/v2\/types\/product"}],"wp:featuredmedia":[{"embeddable":true,"href":"https:\/\/www.apchemicals.eu\/fi\/wp-json\/wp\/v2\/media\/2734"}],"wp:attachment":[{"href":"https:\/\/www.apchemicals.eu\/fi\/wp-json\/wp\/v2\/media?parent=3282"}],"wp:term":[{"taxonomy":"product_brand","embeddable":true,"href":"https:\/\/www.apchemicals.eu\/fi\/wp-json\/wp\/v2\/product_brand?post=3282"},{"taxonomy":"product_cat","embeddable":true,"href":"https:\/\/www.apchemicals.eu\/fi\/wp-json\/wp\/v2\/product_cat?post=3282"},{"taxonomy":"product_tag","embeddable":true,"href":"https:\/\/www.apchemicals.eu\/fi\/wp-json\/wp\/v2\/product_tag?post=3282"}],"curies":[{"name":"wp","href":"https:\/\/api.w.org\/{rel}","templated":true}]}}