{"id":3284,"date":"2024-01-19T15:57:19","date_gmt":"2024-01-19T13:57:19","guid":{"rendered":"http:\/\/www.apchemicals.eu\/toode\/pehmennetty-vesi\/"},"modified":"2024-01-19T15:57:19","modified_gmt":"2024-01-19T13:57:19","slug":"pehmennetty-vesi","status":"publish","type":"product","link":"https:\/\/www.apchemicals.eu\/fi\/tuote\/pehmennetty-vesi\/","title":{"rendered":"Pehmennetty vesi"},"content":{"rendered":"<p><strong>PEHMENDATUD VESI<\/strong><\/p>\n<p>K\u00f5rge kvaliteediga pehmendatud vesi kasutamiseks erinevates k\u00fctte- ja jahutuss\u00fcsteemides, kus on vajalik madala mineraalainete sisaldusega vett. Sobib kasutamiseks erinevate vesilahuste valmistamiseks (nt etanooli, et\u00fcleengl\u00fckooli, prop\u00fcleengl\u00fckooli jne) oma v\u00e4ga heade segunemisomaduste t\u00f5ttu.<\/p>\n<p>Lis\u00e4tietoja saat l\u00e4hett\u00e4m\u00e4ll\u00e4 s\u00e4hk\u00f6postia osoitteeseen <a href=\"mailto:info@apkeemia.ee\">info@apkeemia.ee<\/a><\/p>\n","protected":false},"excerpt":{"rendered":"<p>PEHMENDATUD VESI K\u00f5rge kvaliteediga pehmendatud vesi kasutamiseks erinevates k\u00fctte- ja  [&#8230;]<\/p>\n","protected":false},"featured_media":0,"template":"","meta":[],"product_brand":[],"product_cat":[132],"product_tag":[],"class_list":{"0":"post-3284","1":"product","2":"type-product","3":"status-publish","5":"product_cat-lammitys-ja-jaahdytysjarjestelman-nesteet","7":"first","8":"instock","9":"shipping-taxable","10":"product-type-simple"},"yoast_head":"<!-- This site is optimized with the Yoast SEO plugin v26.4 - https:\/\/yoast.com\/wordpress\/plugins\/seo\/ -->\n<title>Pehmennetty vesi - APKeemia<\/title>\n<meta name=\"robots\" content=\"index, follow, max-snippet:-1, max-image-preview:large, max-video-preview:-1\" \/>\n<link rel=\"canonical\" href=\"https:\/\/www.apchemicals.eu\/fi\/tuote\/pehmennetty-vesi\/\" \/>\n<meta property=\"og:locale\" content=\"fi_FI\" \/>\n<meta property=\"og:type\" content=\"article\" \/>\n<meta property=\"og:title\" content=\"Pehmennetty vesi - APKeemia\" \/>\n<meta property=\"og:description\" content=\"PEHMENDATUD VESI K\u00f5rge kvaliteediga pehmendatud vesi kasutamiseks erinevates k\u00fctte- ja [...]\" \/>\n<meta property=\"og:url\" content=\"https:\/\/www.apchemicals.eu\/fi\/tuote\/pehmennetty-vesi\/\" \/>\n<meta property=\"og:site_name\" content=\"APKeemia\" \/>\n<meta name=\"twitter:card\" content=\"summary_large_image\" \/>\n<script type=\"application\/ld+json\" class=\"yoast-schema-graph\">{\"@context\":\"https:\/\/schema.org\",\"@graph\":[{\"@type\":\"WebPage\",\"@id\":\"https:\/\/www.apchemicals.eu\/fi\/tuote\/pehmennetty-vesi\/\",\"url\":\"https:\/\/www.apchemicals.eu\/fi\/tuote\/pehmennetty-vesi\/\",\"name\":\"Pehmennetty vesi - APKeemia\",\"isPartOf\":{\"@id\":\"https:\/\/www.apchemicals.eu\/#website\"},\"datePublished\":\"2024-01-19T13:57:19+00:00\",\"breadcrumb\":{\"@id\":\"https:\/\/www.apchemicals.eu\/fi\/tuote\/pehmennetty-vesi\/#breadcrumb\"},\"inLanguage\":\"fi\",\"potentialAction\":[{\"@type\":\"ReadAction\",\"target\":[\"https:\/\/www.apchemicals.eu\/fi\/tuote\/pehmennetty-vesi\/\"]}]},{\"@type\":\"BreadcrumbList\",\"@id\":\"https:\/\/www.apchemicals.eu\/fi\/tuote\/pehmennetty-vesi\/#breadcrumb\",\"itemListElement\":[{\"@type\":\"ListItem\",\"position\":1,\"name\":\"Home\",\"item\":\"https:\/\/www.apchemicals.eu\/fi\/\"},{\"@type\":\"ListItem\",\"position\":2,\"name\":\"Tuotteet\",\"item\":\"https:\/\/www.apchemicals.eu\/fi\/shop\/\"},{\"@type\":\"ListItem\",\"position\":3,\"name\":\"Pehmennetty vesi\"}]},{\"@type\":\"WebSite\",\"@id\":\"https:\/\/www.apchemicals.eu\/#website\",\"url\":\"https:\/\/www.apchemicals.eu\/\",\"name\":\"APKeemia\",\"description\":\"APKeemia\",\"publisher\":{\"@id\":\"https:\/\/www.apchemicals.eu\/#organization\"},\"potentialAction\":[{\"@type\":\"SearchAction\",\"target\":{\"@type\":\"EntryPoint\",\"urlTemplate\":\"https:\/\/www.apchemicals.eu\/?s={search_term_string}\"},\"query-input\":{\"@type\":\"PropertyValueSpecification\",\"valueRequired\":true,\"valueName\":\"search_term_string\"}}],\"inLanguage\":\"fi\"},{\"@type\":\"Organization\",\"@id\":\"https:\/\/www.apchemicals.eu\/#organization\",\"name\":\"APChemicals O\u00dc\",\"url\":\"https:\/\/www.apchemicals.eu\/\",\"logo\":{\"@type\":\"ImageObject\",\"inLanguage\":\"fi\",\"@id\":\"https:\/\/www.apchemicals.eu\/#\/schema\/logo\/image\/\",\"url\":\"https:\/\/www.apchemicals.eu\/wp-content\/uploads\/2023\/03\/header_logo5.jpg\",\"contentUrl\":\"https:\/\/www.apchemicals.eu\/wp-content\/uploads\/2023\/03\/header_logo5.jpg\",\"width\":180,\"height\":35,\"caption\":\"APChemicals O\u00dc\"},\"image\":{\"@id\":\"https:\/\/www.apchemicals.eu\/#\/schema\/logo\/image\/\"}}]}<\/script>\n<!-- \/ Yoast SEO plugin. -->","yoast_head_json":{"title":"Pehmennetty vesi - APKeemia","robots":{"index":"index","follow":"follow","max-snippet":"max-snippet:-1","max-image-preview":"max-image-preview:large","max-video-preview":"max-video-preview:-1"},"canonical":"https:\/\/www.apchemicals.eu\/fi\/tuote\/pehmennetty-vesi\/","og_locale":"fi_FI","og_type":"article","og_title":"Pehmennetty vesi - APKeemia","og_description":"PEHMENDATUD VESI K\u00f5rge kvaliteediga pehmendatud vesi kasutamiseks erinevates k\u00fctte- ja [...]","og_url":"https:\/\/www.apchemicals.eu\/fi\/tuote\/pehmennetty-vesi\/","og_site_name":"APKeemia","twitter_card":"summary_large_image","schema":{"@context":"https:\/\/schema.org","@graph":[{"@type":"WebPage","@id":"https:\/\/www.apchemicals.eu\/fi\/tuote\/pehmennetty-vesi\/","url":"https:\/\/www.apchemicals.eu\/fi\/tuote\/pehmennetty-vesi\/","name":"Pehmennetty vesi - APKeemia","isPartOf":{"@id":"https:\/\/www.apchemicals.eu\/#website"},"datePublished":"2024-01-19T13:57:19+00:00","breadcrumb":{"@id":"https:\/\/www.apchemicals.eu\/fi\/tuote\/pehmennetty-vesi\/#breadcrumb"},"inLanguage":"fi","potentialAction":[{"@type":"ReadAction","target":["https:\/\/www.apchemicals.eu\/fi\/tuote\/pehmennetty-vesi\/"]}]},{"@type":"BreadcrumbList","@id":"https:\/\/www.apchemicals.eu\/fi\/tuote\/pehmennetty-vesi\/#breadcrumb","itemListElement":[{"@type":"ListItem","position":1,"name":"Home","item":"https:\/\/www.apchemicals.eu\/fi\/"},{"@type":"ListItem","position":2,"name":"Tuotteet","item":"https:\/\/www.apchemicals.eu\/fi\/shop\/"},{"@type":"ListItem","position":3,"name":"Pehmennetty vesi"}]},{"@type":"WebSite","@id":"https:\/\/www.apchemicals.eu\/#website","url":"https:\/\/www.apchemicals.eu\/","name":"APKeemia","description":"APKeemia","publisher":{"@id":"https:\/\/www.apchemicals.eu\/#organization"},"potentialAction":[{"@type":"SearchAction","target":{"@type":"EntryPoint","urlTemplate":"https:\/\/www.apchemicals.eu\/?s={search_term_string}"},"query-input":{"@type":"PropertyValueSpecification","valueRequired":true,"valueName":"search_term_string"}}],"inLanguage":"fi"},{"@type":"Organization","@id":"https:\/\/www.apchemicals.eu\/#organization","name":"APChemicals O\u00dc","url":"https:\/\/www.apchemicals.eu\/","logo":{"@type":"ImageObject","inLanguage":"fi","@id":"https:\/\/www.apchemicals.eu\/#\/schema\/logo\/image\/","url":"https:\/\/www.apchemicals.eu\/wp-content\/uploads\/2023\/03\/header_logo5.jpg","contentUrl":"https:\/\/www.apchemicals.eu\/wp-content\/uploads\/2023\/03\/header_logo5.jpg","width":180,"height":35,"caption":"APChemicals O\u00dc"},"image":{"@id":"https:\/\/www.apchemicals.eu\/#\/schema\/logo\/image\/"}}]}},"_links":{"self":[{"href":"https:\/\/www.apchemicals.eu\/fi\/wp-json\/wp\/v2\/product\/3284","targetHints":{"allow":["GET"]}}],"collection":[{"href":"https:\/\/www.apchemicals.eu\/fi\/wp-json\/wp\/v2\/product"}],"about":[{"href":"https:\/\/www.apchemicals.eu\/fi\/wp-json\/wp\/v2\/types\/product"}],"wp:attachment":[{"href":"https:\/\/www.apchemicals.eu\/fi\/wp-json\/wp\/v2\/media?parent=3284"}],"wp:term":[{"taxonomy":"product_brand","embeddable":true,"href":"https:\/\/www.apchemicals.eu\/fi\/wp-json\/wp\/v2\/product_brand?post=3284"},{"taxonomy":"product_cat","embeddable":true,"href":"https:\/\/www.apchemicals.eu\/fi\/wp-json\/wp\/v2\/product_cat?post=3284"},{"taxonomy":"product_tag","embeddable":true,"href":"https:\/\/www.apchemicals.eu\/fi\/wp-json\/wp\/v2\/product_tag?post=3284"}],"curies":[{"name":"wp","href":"https:\/\/api.w.org\/{rel}","templated":true}]}}